{"id":105,"date":"2023-04-10T16:14:03","date_gmt":"2023-04-10T16:14:03","guid":{"rendered":"http:\/\/kores.com.tr\/?page_id=105"},"modified":"2023-04-10T16:14:03","modified_gmt":"2023-04-10T16:14:03","slug":"sertlik-stabilizatoru-iyon-tutucu","status":"publish","type":"page","link":"https:\/\/www.kores.com.tr\/index.php\/sertlik-stabilizatoru-iyon-tutucu\/","title":{"rendered":"Sertlik Stabilizat\u00f6r\u00fc \/ \u0130yon Tutucu"},"content":{"rendered":"\n<figure class=\"wp-block-image size-full is-resized\"><img loading=\"lazy\" decoding=\"async\" src=\"http:\/\/kores.com.tr\/wp-content\/uploads\/2023\/04\/image-14.png\" alt=\"\" class=\"wp-image-106\" width=\"285\" height=\"214\" srcset=\"https:\/\/www.kores.com.tr\/wp-content\/uploads\/2023\/04\/image-14.png 1024w, https:\/\/www.kores.com.tr\/wp-content\/uploads\/2023\/04\/image-14-300x225.png 300w, https:\/\/www.kores.com.tr\/wp-content\/uploads\/2023\/04\/image-14-768x576.png 768w\" sizes=\"auto, (max-width: 285px) 100vw, 285px\" \/><\/figure>\n\n\n\n<p>Sertlik ve metal iyonlar\u0131n\u0131n kontrol\u00fcn\u00fc sa\u011flar, renkli su olu\u015fumunu \u00f6nler, su sertli\u011fini kontrol alt\u0131nda tutar. Kompleks yap\u0131c\u0131 \u00f6zelli\u011fi ve havuz leke \u00f6nleyici olarak kullan\u0131l\u0131r.<\/p>\n\n\n\n<p><strong>Calstab \u00d6zellikleri<\/strong><\/p>\n\n\n\n<ul class=\"wp-block-list\">\n<li>Organik bazl\u0131 bir maddedir.<\/li>\n\n\n\n<li>Sertlik giderici \u00f6zelli\u011finden sertli\u011fi sa\u011flayan alkali metalleri kendine ba\u011flar. Makinede ve filtre k\u0131sm\u0131nda olu\u015fabilecek kireci \u00f6nler.<\/li>\n\n\n\n<li>Klor ve g\u00fcne\u015f \u0131\u015f\u0131\u011f\u0131ndan etkilenmez.<\/li>\n\n\n\n<li>Suda bulunan yada metal k\u0131s\u0131mlardan gelen demir,bak\u0131r ve mangan gibi suya renk verebilecek a\u011f\u0131r metal iyonlar\u0131n\u0131 kendine \u00e7ekerek suda klorla birle\u015fmesini buna istinaden renkli su olu\u015fumunu engeller.<\/li>\n<\/ul>\n\n\n\n<p><strong>Calstab Avantajlar\u0131<\/strong><\/p>\n\n\n\n<ul class=\"wp-block-list\">\n<li>Suyun kalsiyumdan gelen bulan\u0131kl\u0131\u011f\u0131n\u0131 \u00f6nler.<\/li>\n\n\n\n<li>Sert sular\u0131n olu\u015fturdu\u011fu kire\u00e7 olu\u015fumunu ve filtre t\u0131kanmalar\u0131n\u0131 \u00f6nler.<\/li>\n\n\n\n<li>Havuzun fayans aralar\u0131nda olu\u015fabilen pas ve kire\u00e7 olu\u015fumunu yok eder.<\/li>\n\n\n\n<li>Havuz suyunda bizi ilgilendiren k\u0131s\u0131m kalsiyum sertli\u011fidir. Kalsiyum sertli\u011finin fazlal\u0131\u011f\u0131 havuz suyunda kire\u00e7lenmeye, bulan\u0131k ve mat su g\u00f6r\u00fcnt\u00fcs\u00fcne, filtre kum\u00b4unda ta\u015f olu\u015fumuna sebep olur.<\/li>\n\n\n\n<li>\u00dcr\u00fcn yukar\u0131da olu\u015fmas\u0131 istenmeyen durumlar\u0131 engeller ve sudaki sertlik dengesini sa\u011flar.<\/li>\n<\/ul>\n\n\n\n<p><strong>Calstab Kullan\u0131m Talimat\u0131<\/strong><\/p>\n\n\n\n<ul class=\"wp-block-list\">\n<li><em>Sertlik Stabilizasyonunu Sa\u011flamak \u0130\u00e7in her 100 m havuz suyuna:<\/em>\n<ul class=\"wp-block-list\">\n<li>30-40 FSB su i\u00e7in: 1,5 lt<\/li>\n\n\n\n<li>40-50 FSB su i\u00e7in: 2,5 lt<\/li>\n\n\n\n<li>50-60 FSB su i\u00e7in: 3,5 lt<\/li>\n<\/ul>\n<\/li>\n\n\n\n<li>CALSTAB kullan\u0131lmal\u0131d\u0131r.<\/li>\n\n\n\n<li>60 FSB\u2018den sert olan sular havuz suyu olarak kullan\u0131lmamal\u0131d\u0131r.<\/li>\n\n\n\n<li>Havuz suyunda ters y\u0131kamalarla kaybedilen suyun miktar\u0131na g\u00f6re, suyun sertli\u011fi de\u011fi\u015febilece\u011finden ard\u0131\u015f\u0131k doz uygulanabilir.<\/li>\n\n\n\n<li>Havuz suyu ideal sertli\u011fi ; 20 Frans\u0131z Sertli\u011fidir(FSB) = 11.234 Alman Sertli\u011fi(ASB).<\/li>\n\n\n\n<li>Renk Veren Metal \u0130yonlar\u0131n Tutulmas\u0131n\u0131 Sa\u011flamak \u0130\u00e7in\n<ul class=\"wp-block-list\">\n<li>Cu = Max 1 mg\/l olmal\u0131d\u0131r. (Test kitiyle bak\u0131lmal\u0131d\u0131r.)<\/li>\n\n\n\n<li>Fe = Bulunmamal\u0131d\u0131r. (Test kitiyle bak\u0131lmal\u0131d\u0131r.)<\/li>\n<\/ul>\n<\/li>\n\n\n\n<li>Her 100 m havuz suyuna:\n<ul class=\"wp-block-list\">\n<li>30-40 FSB su i\u00e7in : 1 lt<\/li>\n\n\n\n<li>40-50 FSB su i\u00e7in : 1,5 lt<\/li>\n\n\n\n<li>50-60 FSB su i\u00e7in : 2,5 lt<\/li>\n<\/ul>\n<\/li>\n\n\n\n<li>CALSTAB kullan\u0131lmal\u0131d\u0131r.<\/li>\n\n\n\n<li>Su sertli\u011findeki de\u011fi\u015fmelere g\u00f6re klordan \u00f6nce havuzun farkl\u0131 noktalar\u0131ndan eklenir.<\/li>\n\n\n\n<li>Renkli su olu\u015fumunu \u00f6nlemek i\u00e7in klordan \u00f6nce eklenmelidir.<\/li>\n\n\n\n<li>Havuzun kullan\u0131m\u0131na ve sertli\u011fine g\u00f6re haftada yada ayda bir kullan\u0131labilir.<\/li>\n<\/ul>\n\n\n\n<p>G\u00fcvenli Kullan\u0131m ve Stoklama Bilgileri<\/p>\n\n\n\n<ul class=\"wp-block-list\">\n<li>G\u00f6zleri ve cildi tahri\u015f eder.<\/li>\n\n\n\n<li>\u00c7ocuklar\u0131n eri\u015femeyece\u011fi \u015fekilde muhafaza edilmelidir.<\/li>\n\n\n\n<li>G\u00f6zle temas halinde bol su ile y\u0131kay\u0131n\u0131z ve en yak\u0131n sa\u011fl\u0131k merkezine ba\u015fvurunuz.<\/li>\n\n\n\n<li>Yaln\u0131zca orijinal ambalaj\u0131nda, serin yerde muhafaza ediniz<\/li>\n<\/ul>\n\n\n\n<p><strong>Analiz Sonu\u00e7lar\u0131<\/strong><\/p>\n\n\n\n<ul class=\"wp-block-list\">\n<li>G\u00f6r\u00fcn\u00fc\u015f : Renksiz berrak s\u0131v\u0131<br>pH(%1) : 10.0-11.0<\/li>\n<\/ul>\n\n\n\n<p><strong>Yukar\u0131daki bilgi tipik \u00fcretim esnas\u0131nda al\u0131nm\u0131\u015f bir bilgidir ve spesifikasyon olarak kullan\u0131lmamal\u0131d\u0131<\/strong><\/p>\n","protected":false},"excerpt":{"rendered":"<p>Sertlik ve metal iyonlar\u0131n\u0131n kontrol\u00fcn\u00fc sa\u011flar, renkli su olu\u015fumunu \u00f6nler, su sertli\u011fini kontrol alt\u0131nda tutar. Kompleks yap\u0131c\u0131 \u00f6zelli\u011fi ve havuz leke \u00f6nleyici olarak kullan\u0131l\u0131r. Calstab \u00d6zellikleri Calstab Avantajlar\u0131 Calstab Kullan\u0131m Talimat\u0131 G\u00fcvenli Kullan\u0131m ve Stoklama Bilgileri Analiz Sonu\u00e7lar\u0131 Yukar\u0131daki bilgi tipik \u00fcretim esnas\u0131nda al\u0131nm\u0131\u015f bir bilgidir ve spesifikasyon olarak kullan\u0131lmamal\u0131d\u0131<\/p>\n","protected":false},"author":1,"featured_media":0,"parent":0,"menu_order":0,"comment_status":"closed","ping_status":"closed","template":"","meta":{"footnotes":""},"class_list":["post-105","page","type-page","status-publish","hentry"],"yoast_head":"<!-- This site is optimized with the Yoast SEO plugin v26.5 - https:\/\/yoast.com\/wordpress\/plugins\/seo\/ -->\n<title>Sertlik Stabilizat\u00f6r\u00fc \/ \u0130yon Tutucu - Kores Havuz<\/title>\n<meta name=\"robots\" content=\"index, follow, max-snippet:-1, max-image-preview:large, max-video-preview:-1\" \/>\n<link rel=\"canonical\" href=\"https:\/\/www.kores.com.tr\/index.php\/sertlik-stabilizatoru-iyon-tutucu\/\" \/>\n<meta property=\"og:locale\" content=\"tr_TR\" \/>\n<meta property=\"og:type\" content=\"article\" \/>\n<meta property=\"og:title\" content=\"Sertlik Stabilizat\u00f6r\u00fc \/ \u0130yon Tutucu - Kores Havuz\" \/>\n<meta property=\"og:description\" content=\"Sertlik ve metal iyonlar\u0131n\u0131n kontrol\u00fcn\u00fc sa\u011flar, renkli su olu\u015fumunu \u00f6nler, su sertli\u011fini kontrol alt\u0131nda tutar. Kompleks yap\u0131c\u0131 \u00f6zelli\u011fi ve havuz leke \u00f6nleyici olarak kullan\u0131l\u0131r. Calstab \u00d6zellikleri Calstab Avantajlar\u0131 Calstab Kullan\u0131m Talimat\u0131 G\u00fcvenli Kullan\u0131m ve Stoklama Bilgileri Analiz Sonu\u00e7lar\u0131 Yukar\u0131daki bilgi tipik \u00fcretim esnas\u0131nda al\u0131nm\u0131\u015f bir bilgidir ve spesifikasyon olarak kullan\u0131lmamal\u0131d\u0131\" \/>\n<meta property=\"og:url\" content=\"https:\/\/www.kores.com.tr\/index.php\/sertlik-stabilizatoru-iyon-tutucu\/\" \/>\n<meta property=\"og:site_name\" content=\"Kores Havuz\" \/>\n<meta property=\"article:publisher\" content=\"https:\/\/tr-tr.facebook.com\/people\/Kores-Havuz\/pfbid02V4Wf3Fhjbi7bvm9yUFTVQh6veWr6pRnADC4xbBdVextDvq4WtZhNpwUHJdUZ8X5al\/\" \/>\n<meta property=\"og:image\" content=\"http:\/\/kores.com.tr\/wp-content\/uploads\/2023\/04\/image-14.png\" \/>\n<meta name=\"twitter:card\" content=\"summary_large_image\" \/>\n<meta name=\"twitter:label1\" content=\"Tahmini okuma s\u00fcresi\" \/>\n\t<meta name=\"twitter:data1\" content=\"2 dakika\" \/>\n<script type=\"application\/ld+json\" class=\"yoast-schema-graph\">{\"@context\":\"https:\/\/schema.org\",\"@graph\":[{\"@type\":\"WebPage\",\"@id\":\"https:\/\/www.kores.com.tr\/index.php\/sertlik-stabilizatoru-iyon-tutucu\/\",\"url\":\"https:\/\/www.kores.com.tr\/index.php\/sertlik-stabilizatoru-iyon-tutucu\/\",\"name\":\"Sertlik Stabilizat\u00f6r\u00fc \/ \u0130yon Tutucu - Kores Havuz\",\"isPartOf\":{\"@id\":\"https:\/\/www.kores.com.tr\/#website\"},\"primaryImageOfPage\":{\"@id\":\"https:\/\/www.kores.com.tr\/index.php\/sertlik-stabilizatoru-iyon-tutucu\/#primaryimage\"},\"image\":{\"@id\":\"https:\/\/www.kores.com.tr\/index.php\/sertlik-stabilizatoru-iyon-tutucu\/#primaryimage\"},\"thumbnailUrl\":\"http:\/\/kores.com.tr\/wp-content\/uploads\/2023\/04\/image-14.png\",\"datePublished\":\"2023-04-10T16:14:03+00:00\",\"breadcrumb\":{\"@id\":\"https:\/\/www.kores.com.tr\/index.php\/sertlik-stabilizatoru-iyon-tutucu\/#breadcrumb\"},\"inLanguage\":\"tr\",\"potentialAction\":[{\"@type\":\"ReadAction\",\"target\":[\"https:\/\/www.kores.com.tr\/index.php\/sertlik-stabilizatoru-iyon-tutucu\/\"]}]},{\"@type\":\"ImageObject\",\"inLanguage\":\"tr\",\"@id\":\"https:\/\/www.kores.com.tr\/index.php\/sertlik-stabilizatoru-iyon-tutucu\/#primaryimage\",\"url\":\"http:\/\/kores.com.tr\/wp-content\/uploads\/2023\/04\/image-14.png\",\"contentUrl\":\"http:\/\/kores.com.tr\/wp-content\/uploads\/2023\/04\/image-14.png\"},{\"@type\":\"BreadcrumbList\",\"@id\":\"https:\/\/www.kores.com.tr\/index.php\/sertlik-stabilizatoru-iyon-tutucu\/#breadcrumb\",\"itemListElement\":[{\"@type\":\"ListItem\",\"position\":1,\"name\":\"Anasayfa\",\"item\":\"https:\/\/www.kores.com.tr\/\"},{\"@type\":\"ListItem\",\"position\":2,\"name\":\"Sertlik Stabilizat\u00f6r\u00fc \/ \u0130yon Tutucu\"}]},{\"@type\":\"WebSite\",\"@id\":\"https:\/\/www.kores.com.tr\/#website\",\"url\":\"https:\/\/www.kores.com.tr\/\",\"name\":\"KORES HAVUZ\",\"description\":\"Ku\u015fadas\u0131'nda Havuz Denince \u0130lk Akla Gelen... 0256 612 88 37\",\"publisher\":{\"@id\":\"https:\/\/www.kores.com.tr\/#organization\"},\"potentialAction\":[{\"@type\":\"SearchAction\",\"target\":{\"@type\":\"EntryPoint\",\"urlTemplate\":\"https:\/\/www.kores.com.tr\/?s={search_term_string}\"},\"query-input\":{\"@type\":\"PropertyValueSpecification\",\"valueRequired\":true,\"valueName\":\"search_term_string\"}}],\"inLanguage\":\"tr\"},{\"@type\":\"Organization\",\"@id\":\"https:\/\/www.kores.com.tr\/#organization\",\"name\":\"KORES HAVUZ\",\"url\":\"https:\/\/www.kores.com.tr\/\",\"logo\":{\"@type\":\"ImageObject\",\"inLanguage\":\"tr\",\"@id\":\"https:\/\/www.kores.com.tr\/#\/schema\/logo\/image\/\",\"url\":\"http:\/\/kores.com.tr\/wp-content\/uploads\/2023\/06\/LOGO.jpeg\",\"contentUrl\":\"http:\/\/kores.com.tr\/wp-content\/uploads\/2023\/06\/LOGO.jpeg\",\"width\":1084,\"height\":429,\"caption\":\"KORES HAVUZ\"},\"image\":{\"@id\":\"https:\/\/www.kores.com.tr\/#\/schema\/logo\/image\/\"},\"sameAs\":[\"https:\/\/tr-tr.facebook.com\/people\/Kores-Havuz\/pfbid02V4Wf3Fhjbi7bvm9yUFTVQh6veWr6pRnADC4xbBdVextDvq4WtZhNpwUHJdUZ8X5al\/\",\"https:\/\/www.instagram.com\/koreshavuz\/\"]}]}<\/script>\n<!-- \/ Yoast SEO plugin. -->","yoast_head_json":{"title":"Sertlik Stabilizat\u00f6r\u00fc \/ \u0130yon Tutucu - Kores Havuz","robots":{"index":"index","follow":"follow","max-snippet":"max-snippet:-1","max-image-preview":"max-image-preview:large","max-video-preview":"max-video-preview:-1"},"canonical":"https:\/\/www.kores.com.tr\/index.php\/sertlik-stabilizatoru-iyon-tutucu\/","og_locale":"tr_TR","og_type":"article","og_title":"Sertlik Stabilizat\u00f6r\u00fc \/ \u0130yon Tutucu - Kores Havuz","og_description":"Sertlik ve metal iyonlar\u0131n\u0131n kontrol\u00fcn\u00fc sa\u011flar, renkli su olu\u015fumunu \u00f6nler, su sertli\u011fini kontrol alt\u0131nda tutar. Kompleks yap\u0131c\u0131 \u00f6zelli\u011fi ve havuz leke \u00f6nleyici olarak kullan\u0131l\u0131r. Calstab \u00d6zellikleri Calstab Avantajlar\u0131 Calstab Kullan\u0131m Talimat\u0131 G\u00fcvenli Kullan\u0131m ve Stoklama Bilgileri Analiz Sonu\u00e7lar\u0131 Yukar\u0131daki bilgi tipik \u00fcretim esnas\u0131nda al\u0131nm\u0131\u015f bir bilgidir ve spesifikasyon olarak kullan\u0131lmamal\u0131d\u0131","og_url":"https:\/\/www.kores.com.tr\/index.php\/sertlik-stabilizatoru-iyon-tutucu\/","og_site_name":"Kores Havuz","article_publisher":"https:\/\/tr-tr.facebook.com\/people\/Kores-Havuz\/pfbid02V4Wf3Fhjbi7bvm9yUFTVQh6veWr6pRnADC4xbBdVextDvq4WtZhNpwUHJdUZ8X5al\/","og_image":[{"url":"http:\/\/kores.com.tr\/wp-content\/uploads\/2023\/04\/image-14.png","type":"","width":"","height":""}],"twitter_card":"summary_large_image","twitter_misc":{"Tahmini okuma s\u00fcresi":"2 dakika"},"schema":{"@context":"https:\/\/schema.org","@graph":[{"@type":"WebPage","@id":"https:\/\/www.kores.com.tr\/index.php\/sertlik-stabilizatoru-iyon-tutucu\/","url":"https:\/\/www.kores.com.tr\/index.php\/sertlik-stabilizatoru-iyon-tutucu\/","name":"Sertlik Stabilizat\u00f6r\u00fc \/ \u0130yon Tutucu - Kores Havuz","isPartOf":{"@id":"https:\/\/www.kores.com.tr\/#website"},"primaryImageOfPage":{"@id":"https:\/\/www.kores.com.tr\/index.php\/sertlik-stabilizatoru-iyon-tutucu\/#primaryimage"},"image":{"@id":"https:\/\/www.kores.com.tr\/index.php\/sertlik-stabilizatoru-iyon-tutucu\/#primaryimage"},"thumbnailUrl":"http:\/\/kores.com.tr\/wp-content\/uploads\/2023\/04\/image-14.png","datePublished":"2023-04-10T16:14:03+00:00","breadcrumb":{"@id":"https:\/\/www.kores.com.tr\/index.php\/sertlik-stabilizatoru-iyon-tutucu\/#breadcrumb"},"inLanguage":"tr","potentialAction":[{"@type":"ReadAction","target":["https:\/\/www.kores.com.tr\/index.php\/sertlik-stabilizatoru-iyon-tutucu\/"]}]},{"@type":"ImageObject","inLanguage":"tr","@id":"https:\/\/www.kores.com.tr\/index.php\/sertlik-stabilizatoru-iyon-tutucu\/#primaryimage","url":"http:\/\/kores.com.tr\/wp-content\/uploads\/2023\/04\/image-14.png","contentUrl":"http:\/\/kores.com.tr\/wp-content\/uploads\/2023\/04\/image-14.png"},{"@type":"BreadcrumbList","@id":"https:\/\/www.kores.com.tr\/index.php\/sertlik-stabilizatoru-iyon-tutucu\/#breadcrumb","itemListElement":[{"@type":"ListItem","position":1,"name":"Anasayfa","item":"https:\/\/www.kores.com.tr\/"},{"@type":"ListItem","position":2,"name":"Sertlik Stabilizat\u00f6r\u00fc \/ \u0130yon Tutucu"}]},{"@type":"WebSite","@id":"https:\/\/www.kores.com.tr\/#website","url":"https:\/\/www.kores.com.tr\/","name":"KORES HAVUZ","description":"Ku\u015fadas\u0131'nda Havuz Denince \u0130lk Akla Gelen... 0256 612 88 37","publisher":{"@id":"https:\/\/www.kores.com.tr\/#organization"},"potentialAction":[{"@type":"SearchAction","target":{"@type":"EntryPoint","urlTemplate":"https:\/\/www.kores.com.tr\/?s={search_term_string}"},"query-input":{"@type":"PropertyValueSpecification","valueRequired":true,"valueName":"search_term_string"}}],"inLanguage":"tr"},{"@type":"Organization","@id":"https:\/\/www.kores.com.tr\/#organization","name":"KORES HAVUZ","url":"https:\/\/www.kores.com.tr\/","logo":{"@type":"ImageObject","inLanguage":"tr","@id":"https:\/\/www.kores.com.tr\/#\/schema\/logo\/image\/","url":"http:\/\/kores.com.tr\/wp-content\/uploads\/2023\/06\/LOGO.jpeg","contentUrl":"http:\/\/kores.com.tr\/wp-content\/uploads\/2023\/06\/LOGO.jpeg","width":1084,"height":429,"caption":"KORES HAVUZ"},"image":{"@id":"https:\/\/www.kores.com.tr\/#\/schema\/logo\/image\/"},"sameAs":["https:\/\/tr-tr.facebook.com\/people\/Kores-Havuz\/pfbid02V4Wf3Fhjbi7bvm9yUFTVQh6veWr6pRnADC4xbBdVextDvq4WtZhNpwUHJdUZ8X5al\/","https:\/\/www.instagram.com\/koreshavuz\/"]}]}},"_links":{"self":[{"href":"https:\/\/www.kores.com.tr\/index.php\/wp-json\/wp\/v2\/pages\/105","targetHints":{"allow":["GET"]}}],"collection":[{"href":"https:\/\/www.kores.com.tr\/index.php\/wp-json\/wp\/v2\/pages"}],"about":[{"href":"https:\/\/www.kores.com.tr\/index.php\/wp-json\/wp\/v2\/types\/page"}],"author":[{"embeddable":true,"href":"https:\/\/www.kores.com.tr\/index.php\/wp-json\/wp\/v2\/users\/1"}],"replies":[{"embeddable":true,"href":"https:\/\/www.kores.com.tr\/index.php\/wp-json\/wp\/v2\/comments?post=105"}],"version-history":[{"count":1,"href":"https:\/\/www.kores.com.tr\/index.php\/wp-json\/wp\/v2\/pages\/105\/revisions"}],"predecessor-version":[{"id":107,"href":"https:\/\/www.kores.com.tr\/index.php\/wp-json\/wp\/v2\/pages\/105\/revisions\/107"}],"wp:attachment":[{"href":"https:\/\/www.kores.com.tr\/index.php\/wp-json\/wp\/v2\/media?parent=105"}],"curies":[{"name":"wp","href":"https:\/\/api.w.org\/{rel}","templated":true}]}}