{"id":112,"date":"2023-04-10T16:27:12","date_gmt":"2023-04-10T16:27:12","guid":{"rendered":"http:\/\/kores.com.tr\/?page_id=112"},"modified":"2023-06-23T14:42:08","modified_gmt":"2023-06-23T14:42:08","slug":"havuz-ekipmanlari","status":"publish","type":"page","link":"https:\/\/www.kores.com.tr\/index.php\/havuz-ekipmanlari\/","title":{"rendered":"HAVUZ EK\u0130PMANLARI"},"content":{"rendered":"\n<ul class=\"wp-block-list\">\n<li>Skimmerler- T\u00fcm skimmer modelleri ABS plastikten imal edilmi\u015ftir. Her modelde debi ayar\u0131 i\u00e7in ABS plastikten mamul \u201cDebi Ayar Reg\u00fclat\u00f6r\u00fc\u201d mevcuttur.<\/li>\n<\/ul>\n\n\n<div class=\"wp-block-image\">\n<figure class=\"aligncenter size-full is-resized\"><img loading=\"lazy\" decoding=\"async\" src=\"http:\/\/kores.com.tr\/wp-content\/uploads\/2023\/06\/image-9.png\" alt=\"\" class=\"wp-image-166\" width=\"319\" height=\"239\" srcset=\"https:\/\/www.kores.com.tr\/wp-content\/uploads\/2023\/06\/image-9.png 1024w, https:\/\/www.kores.com.tr\/wp-content\/uploads\/2023\/06\/image-9-300x225.png 300w, https:\/\/www.kores.com.tr\/wp-content\/uploads\/2023\/06\/image-9-768x576.png 768w\" sizes=\"auto, (max-width: 319px) 100vw, 319px\" \/><\/figure>\n<\/div>\n\n\n<ul class=\"wp-block-list\">\n<li>Nozullar &#8211;  Yandan Besleme + Vakum + Tabandan Besleme \u00e7e\u015fitleri ile&#8230;<\/li>\n<\/ul>\n\n\n<div class=\"wp-block-image\">\n<figure class=\"aligncenter size-thumbnail is-resized\"><img loading=\"lazy\" decoding=\"async\" src=\"http:\/\/kores.com.tr\/wp-content\/uploads\/2023\/04\/image-18-150x150.png\" alt=\"\" class=\"wp-image-117\" width=\"234\" height=\"234\"\/><\/figure>\n<\/div>\n\n\n<ul class=\"wp-block-list\">\n<li>Ta\u015fma Sava\u011f\u0131 Gideri &#8211; Beyaz ABS plastikten mamul g\u00f6vde ve s\u00fczge\u00e7. Paslanmaz \u00e7elik vidal\u0131.<\/li>\n<\/ul>\n\n\n<div class=\"wp-block-image\">\n<figure class=\"aligncenter size-full is-resized\"><img loading=\"lazy\" decoding=\"async\" src=\"http:\/\/kores.com.tr\/wp-content\/uploads\/2023\/06\/image.png\" alt=\"\" class=\"wp-image-143\" width=\"494\" height=\"372\" srcset=\"https:\/\/www.kores.com.tr\/wp-content\/uploads\/2023\/06\/image.png 1024w, https:\/\/www.kores.com.tr\/wp-content\/uploads\/2023\/06\/image-300x225.png 300w, https:\/\/www.kores.com.tr\/wp-content\/uploads\/2023\/06\/image-768x576.png 768w\" sizes=\"auto, (max-width: 494px) 100vw, 494px\" \/><\/figure>\n<\/div>\n\n\n<ul class=\"wp-block-list\">\n<li>Kare Izgara &#8211; ABS\u2019den \u0131zgara; cam elyaf takviyeli polyesterden \u00e7er\u00e7eve. Sabitleme vidalar\u0131 ile komple<\/li>\n<\/ul>\n\n\n<div class=\"wp-block-image\">\n<figure class=\"aligncenter size-full is-resized\"><img loading=\"lazy\" decoding=\"async\" src=\"http:\/\/kores.com.tr\/wp-content\/uploads\/2023\/06\/image-1.png\" alt=\"\" class=\"wp-image-147\" width=\"635\" height=\"476\" srcset=\"https:\/\/www.kores.com.tr\/wp-content\/uploads\/2023\/06\/image-1.png 1024w, https:\/\/www.kores.com.tr\/wp-content\/uploads\/2023\/06\/image-1-300x225.png 300w, https:\/\/www.kores.com.tr\/wp-content\/uploads\/2023\/06\/image-1-768x576.png 768w\" sizes=\"auto, (max-width: 635px) 100vw, 635px\" \/><\/figure>\n<\/div>\n\n\n<ul class=\"wp-block-list\">\n<li>Paslanmaz \u00c7elik Merdivenler &#8211; 304 ve 316 Paslanmaz \u00e7elik 2-3-4-5&#8230; Basamakl\u0131 merdivenler<\/li>\n<\/ul>\n\n\n\n<figure class=\"wp-block-image size-full\"><img loading=\"lazy\" decoding=\"async\" width=\"1024\" height=\"768\" src=\"http:\/\/kores.com.tr\/wp-content\/uploads\/2023\/06\/image-2.png\" alt=\"\" class=\"wp-image-148\" srcset=\"https:\/\/www.kores.com.tr\/wp-content\/uploads\/2023\/06\/image-2.png 1024w, https:\/\/www.kores.com.tr\/wp-content\/uploads\/2023\/06\/image-2-300x225.png 300w, https:\/\/www.kores.com.tr\/wp-content\/uploads\/2023\/06\/image-2-768x576.png 768w\" sizes=\"auto, (max-width: 1024px) 100vw, 1024px\" \/><\/figure>\n\n\n\n<ul class=\"wp-block-list\">\n<li>Tutamaklar &#8211; Kalite paslanmaz \u00e7elik borudan, flan\u015fl\u0131. Conta, c\u0131vata ve d\u00fcbelleri ile komple.<\/li>\n<\/ul>\n\n\n\n<figure class=\"wp-block-image size-full is-resized\"><img loading=\"lazy\" decoding=\"async\" src=\"http:\/\/kores.com.tr\/wp-content\/uploads\/2023\/06\/image-3.png\" alt=\"\" class=\"wp-image-154\" width=\"412\" height=\"309\" srcset=\"https:\/\/www.kores.com.tr\/wp-content\/uploads\/2023\/06\/image-3.png 1024w, https:\/\/www.kores.com.tr\/wp-content\/uploads\/2023\/06\/image-3-300x225.png 300w, https:\/\/www.kores.com.tr\/wp-content\/uploads\/2023\/06\/image-3-768x576.png 768w\" sizes=\"auto, (max-width: 412px) 100vw, 412px\" \/><\/figure>\n\n\n<div class=\"wp-block-image\">\n<figure class=\"aligncenter size-full is-resized\"><img loading=\"lazy\" decoding=\"async\" src=\"http:\/\/kores.com.tr\/wp-content\/uploads\/2023\/06\/image-4.png\" alt=\"\" class=\"wp-image-155\" width=\"315\" height=\"237\" srcset=\"https:\/\/www.kores.com.tr\/wp-content\/uploads\/2023\/06\/image-4.png 1024w, https:\/\/www.kores.com.tr\/wp-content\/uploads\/2023\/06\/image-4-300x225.png 300w, https:\/\/www.kores.com.tr\/wp-content\/uploads\/2023\/06\/image-4-768x576.png 768w\" sizes=\"auto, (max-width: 315px) 100vw, 315px\" \/><\/figure>\n<\/div>\n\n\n<ul class=\"wp-block-list\">\n<li>Havuz Izgara -Savaklar\u0131<\/li>\n<\/ul>\n\n\n<div class=\"wp-block-image\">\n<figure class=\"aligncenter size-full is-resized\"><img loading=\"lazy\" decoding=\"async\" src=\"http:\/\/kores.com.tr\/wp-content\/uploads\/2023\/06\/image-5.png\" alt=\"\" class=\"wp-image-158\" width=\"471\" height=\"353\" srcset=\"https:\/\/www.kores.com.tr\/wp-content\/uploads\/2023\/06\/image-5.png 1024w, https:\/\/www.kores.com.tr\/wp-content\/uploads\/2023\/06\/image-5-300x225.png 300w, https:\/\/www.kores.com.tr\/wp-content\/uploads\/2023\/06\/image-5-768x576.png 768w\" sizes=\"auto, (max-width: 471px) 100vw, 471px\" \/><\/figure>\n<\/div>\n\n\n<ul class=\"wp-block-list\">\n<li>Ayak Banyosu &#8211; Havuza girenlerin ayak dezenfeksiyonu i\u00e7in, CT Polyester&#8217;den mamul Ayak Banyosu\u00a0<\/li>\n<\/ul>\n\n\n<div class=\"wp-block-image\">\n<figure class=\"aligncenter size-full is-resized\"><img loading=\"lazy\" decoding=\"async\" src=\"http:\/\/kores.com.tr\/wp-content\/uploads\/2023\/06\/image-6.png\" alt=\"\" class=\"wp-image-159\" width=\"470\" height=\"353\" srcset=\"https:\/\/www.kores.com.tr\/wp-content\/uploads\/2023\/06\/image-6.png 1024w, https:\/\/www.kores.com.tr\/wp-content\/uploads\/2023\/06\/image-6-300x225.png 300w, https:\/\/www.kores.com.tr\/wp-content\/uploads\/2023\/06\/image-6-768x576.png 768w\" sizes=\"auto, (max-width: 470px) 100vw, 470px\" \/><\/figure>\n<\/div>\n\n\n<ul class=\"wp-block-list\">\n<li>Ta\u015fma Olu\u011fu Drenaj\u0131 i\u00e7in S\u00fczge\u00e7 &#8211; Oluktaki borular\u0131 bo\u015faltmak i\u00e7in ayarlanabilir paslanmaz \u00e7elikten yap\u0131lm\u0131\u015ft\u0131r.<\/li>\n<\/ul>\n\n\n<div class=\"wp-block-image\">\n<figure class=\"aligncenter size-full is-resized\"><img loading=\"lazy\" decoding=\"async\" src=\"http:\/\/kores.com.tr\/wp-content\/uploads\/2023\/06\/image-7.png\" alt=\"\" class=\"wp-image-160\" width=\"477\" height=\"358\" srcset=\"https:\/\/www.kores.com.tr\/wp-content\/uploads\/2023\/06\/image-7.png 1024w, https:\/\/www.kores.com.tr\/wp-content\/uploads\/2023\/06\/image-7-300x225.png 300w, https:\/\/www.kores.com.tr\/wp-content\/uploads\/2023\/06\/image-7-768x576.png 768w\" sizes=\"auto, (max-width: 477px) 100vw, 477px\" \/><\/figure>\n<\/div>","protected":false},"excerpt":{"rendered":"","protected":false},"author":1,"featured_media":0,"parent":0,"menu_order":0,"comment_status":"closed","ping_status":"closed","template":"","meta":{"footnotes":""},"class_list":["post-112","page","type-page","status-publish","hentry"],"yoast_head":"<!-- This site is optimized with the Yoast SEO plugin v26.5 - https:\/\/yoast.com\/wordpress\/plugins\/seo\/ -->\n<title>HAVUZ EK\u0130PMANLARI - Kores Havuz<\/title>\n<meta name=\"description\" content=\"Ku\u015fadas\u0131 havuz ekipmanlar\u0131 ve havuz kimyasallar\u0131 i\u00e7in bizimle ileti\u015fime ge\u00e7ebilirsiniz. 25 y\u0131ll\u0131k tecr\u00fcbemiz ile \u00e7\u00f6z\u00fcm orta\u011f\u0131n\u0131z KORES HAVUZ.\" \/>\n<meta name=\"robots\" content=\"index, follow, max-snippet:-1, max-image-preview:large, max-video-preview:-1\" \/>\n<link rel=\"canonical\" href=\"https:\/\/www.kores.com.tr\/index.php\/havuz-ekipmanlari\/\" \/>\n<meta property=\"og:locale\" content=\"tr_TR\" \/>\n<meta property=\"og:type\" content=\"article\" \/>\n<meta property=\"og:title\" content=\"HAVUZ EK\u0130PMANLARI - Kores Havuz\" \/>\n<meta property=\"og:description\" content=\"Ku\u015fadas\u0131 havuz ekipmanlar\u0131 ve havuz kimyasallar\u0131 i\u00e7in bizimle ileti\u015fime ge\u00e7ebilirsiniz. 25 y\u0131ll\u0131k tecr\u00fcbemiz ile \u00e7\u00f6z\u00fcm orta\u011f\u0131n\u0131z KORES HAVUZ.\" \/>\n<meta property=\"og:url\" content=\"https:\/\/www.kores.com.tr\/index.php\/havuz-ekipmanlari\/\" \/>\n<meta property=\"og:site_name\" content=\"Kores Havuz\" \/>\n<meta property=\"article:publisher\" content=\"https:\/\/tr-tr.facebook.com\/people\/Kores-Havuz\/pfbid02V4Wf3Fhjbi7bvm9yUFTVQh6veWr6pRnADC4xbBdVextDvq4WtZhNpwUHJdUZ8X5al\/\" \/>\n<meta property=\"article:modified_time\" content=\"2023-06-23T14:42:08+00:00\" \/>\n<meta property=\"og:image\" content=\"http:\/\/kores.com.tr\/wp-content\/uploads\/2023\/06\/image-9.png\" \/>\n<meta name=\"twitter:card\" content=\"summary_large_image\" \/>\n<meta name=\"twitter:label1\" content=\"Tahmini okuma s\u00fcresi\" \/>\n\t<meta name=\"twitter:data1\" content=\"3 dakika\" \/>\n<script type=\"application\/ld+json\" class=\"yoast-schema-graph\">{\"@context\":\"https:\/\/schema.org\",\"@graph\":[{\"@type\":\"WebPage\",\"@id\":\"https:\/\/www.kores.com.tr\/index.php\/havuz-ekipmanlari\/\",\"url\":\"https:\/\/www.kores.com.tr\/index.php\/havuz-ekipmanlari\/\",\"name\":\"HAVUZ EK\u0130PMANLARI - Kores Havuz\",\"isPartOf\":{\"@id\":\"https:\/\/www.kores.com.tr\/#website\"},\"primaryImageOfPage\":{\"@id\":\"https:\/\/www.kores.com.tr\/index.php\/havuz-ekipmanlari\/#primaryimage\"},\"image\":{\"@id\":\"https:\/\/www.kores.com.tr\/index.php\/havuz-ekipmanlari\/#primaryimage\"},\"thumbnailUrl\":\"http:\/\/kores.com.tr\/wp-content\/uploads\/2023\/06\/image-9.png\",\"datePublished\":\"2023-04-10T16:27:12+00:00\",\"dateModified\":\"2023-06-23T14:42:08+00:00\",\"description\":\"Ku\u015fadas\u0131 havuz ekipmanlar\u0131 ve havuz kimyasallar\u0131 i\u00e7in bizimle ileti\u015fime ge\u00e7ebilirsiniz. 25 y\u0131ll\u0131k tecr\u00fcbemiz ile \u00e7\u00f6z\u00fcm orta\u011f\u0131n\u0131z KORES HAVUZ.\",\"breadcrumb\":{\"@id\":\"https:\/\/www.kores.com.tr\/index.php\/havuz-ekipmanlari\/#breadcrumb\"},\"inLanguage\":\"tr\",\"potentialAction\":[{\"@type\":\"ReadAction\",\"target\":[\"https:\/\/www.kores.com.tr\/index.php\/havuz-ekipmanlari\/\"]}]},{\"@type\":\"ImageObject\",\"inLanguage\":\"tr\",\"@id\":\"https:\/\/www.kores.com.tr\/index.php\/havuz-ekipmanlari\/#primaryimage\",\"url\":\"http:\/\/kores.com.tr\/wp-content\/uploads\/2023\/06\/image-9.png\",\"contentUrl\":\"http:\/\/kores.com.tr\/wp-content\/uploads\/2023\/06\/image-9.png\"},{\"@type\":\"BreadcrumbList\",\"@id\":\"https:\/\/www.kores.com.tr\/index.php\/havuz-ekipmanlari\/#breadcrumb\",\"itemListElement\":[{\"@type\":\"ListItem\",\"position\":1,\"name\":\"Anasayfa\",\"item\":\"https:\/\/www.kores.com.tr\/\"},{\"@type\":\"ListItem\",\"position\":2,\"name\":\"HAVUZ EK\u0130PMANLARI\"}]},{\"@type\":\"WebSite\",\"@id\":\"https:\/\/www.kores.com.tr\/#website\",\"url\":\"https:\/\/www.kores.com.tr\/\",\"name\":\"KORES HAVUZ\",\"description\":\"Ku\u015fadas\u0131'nda Havuz Denince \u0130lk Akla Gelen... 0256 612 88 37\",\"publisher\":{\"@id\":\"https:\/\/www.kores.com.tr\/#organization\"},\"potentialAction\":[{\"@type\":\"SearchAction\",\"target\":{\"@type\":\"EntryPoint\",\"urlTemplate\":\"https:\/\/www.kores.com.tr\/?s={search_term_string}\"},\"query-input\":{\"@type\":\"PropertyValueSpecification\",\"valueRequired\":true,\"valueName\":\"search_term_string\"}}],\"inLanguage\":\"tr\"},{\"@type\":\"Organization\",\"@id\":\"https:\/\/www.kores.com.tr\/#organization\",\"name\":\"KORES HAVUZ\",\"url\":\"https:\/\/www.kores.com.tr\/\",\"logo\":{\"@type\":\"ImageObject\",\"inLanguage\":\"tr\",\"@id\":\"https:\/\/www.kores.com.tr\/#\/schema\/logo\/image\/\",\"url\":\"http:\/\/kores.com.tr\/wp-content\/uploads\/2023\/06\/LOGO.jpeg\",\"contentUrl\":\"http:\/\/kores.com.tr\/wp-content\/uploads\/2023\/06\/LOGO.jpeg\",\"width\":1084,\"height\":429,\"caption\":\"KORES HAVUZ\"},\"image\":{\"@id\":\"https:\/\/www.kores.com.tr\/#\/schema\/logo\/image\/\"},\"sameAs\":[\"https:\/\/tr-tr.facebook.com\/people\/Kores-Havuz\/pfbid02V4Wf3Fhjbi7bvm9yUFTVQh6veWr6pRnADC4xbBdVextDvq4WtZhNpwUHJdUZ8X5al\/\",\"https:\/\/www.instagram.com\/koreshavuz\/\"]}]}<\/script>\n<!-- \/ Yoast SEO plugin. -->","yoast_head_json":{"title":"HAVUZ EK\u0130PMANLARI - Kores Havuz","description":"Ku\u015fadas\u0131 havuz ekipmanlar\u0131 ve havuz kimyasallar\u0131 i\u00e7in bizimle ileti\u015fime ge\u00e7ebilirsiniz. 25 y\u0131ll\u0131k tecr\u00fcbemiz ile \u00e7\u00f6z\u00fcm orta\u011f\u0131n\u0131z KORES HAVUZ.","robots":{"index":"index","follow":"follow","max-snippet":"max-snippet:-1","max-image-preview":"max-image-preview:large","max-video-preview":"max-video-preview:-1"},"canonical":"https:\/\/www.kores.com.tr\/index.php\/havuz-ekipmanlari\/","og_locale":"tr_TR","og_type":"article","og_title":"HAVUZ EK\u0130PMANLARI - Kores Havuz","og_description":"Ku\u015fadas\u0131 havuz ekipmanlar\u0131 ve havuz kimyasallar\u0131 i\u00e7in bizimle ileti\u015fime ge\u00e7ebilirsiniz. 25 y\u0131ll\u0131k tecr\u00fcbemiz ile \u00e7\u00f6z\u00fcm orta\u011f\u0131n\u0131z KORES HAVUZ.","og_url":"https:\/\/www.kores.com.tr\/index.php\/havuz-ekipmanlari\/","og_site_name":"Kores Havuz","article_publisher":"https:\/\/tr-tr.facebook.com\/people\/Kores-Havuz\/pfbid02V4Wf3Fhjbi7bvm9yUFTVQh6veWr6pRnADC4xbBdVextDvq4WtZhNpwUHJdUZ8X5al\/","article_modified_time":"2023-06-23T14:42:08+00:00","og_image":[{"url":"http:\/\/kores.com.tr\/wp-content\/uploads\/2023\/06\/image-9.png","type":"","width":"","height":""}],"twitter_card":"summary_large_image","twitter_misc":{"Tahmini okuma s\u00fcresi":"3 dakika"},"schema":{"@context":"https:\/\/schema.org","@graph":[{"@type":"WebPage","@id":"https:\/\/www.kores.com.tr\/index.php\/havuz-ekipmanlari\/","url":"https:\/\/www.kores.com.tr\/index.php\/havuz-ekipmanlari\/","name":"HAVUZ EK\u0130PMANLARI - Kores Havuz","isPartOf":{"@id":"https:\/\/www.kores.com.tr\/#website"},"primaryImageOfPage":{"@id":"https:\/\/www.kores.com.tr\/index.php\/havuz-ekipmanlari\/#primaryimage"},"image":{"@id":"https:\/\/www.kores.com.tr\/index.php\/havuz-ekipmanlari\/#primaryimage"},"thumbnailUrl":"http:\/\/kores.com.tr\/wp-content\/uploads\/2023\/06\/image-9.png","datePublished":"2023-04-10T16:27:12+00:00","dateModified":"2023-06-23T14:42:08+00:00","description":"Ku\u015fadas\u0131 havuz ekipmanlar\u0131 ve havuz kimyasallar\u0131 i\u00e7in bizimle ileti\u015fime ge\u00e7ebilirsiniz. 25 y\u0131ll\u0131k tecr\u00fcbemiz ile \u00e7\u00f6z\u00fcm orta\u011f\u0131n\u0131z KORES HAVUZ.","breadcrumb":{"@id":"https:\/\/www.kores.com.tr\/index.php\/havuz-ekipmanlari\/#breadcrumb"},"inLanguage":"tr","potentialAction":[{"@type":"ReadAction","target":["https:\/\/www.kores.com.tr\/index.php\/havuz-ekipmanlari\/"]}]},{"@type":"ImageObject","inLanguage":"tr","@id":"https:\/\/www.kores.com.tr\/index.php\/havuz-ekipmanlari\/#primaryimage","url":"http:\/\/kores.com.tr\/wp-content\/uploads\/2023\/06\/image-9.png","contentUrl":"http:\/\/kores.com.tr\/wp-content\/uploads\/2023\/06\/image-9.png"},{"@type":"BreadcrumbList","@id":"https:\/\/www.kores.com.tr\/index.php\/havuz-ekipmanlari\/#breadcrumb","itemListElement":[{"@type":"ListItem","position":1,"name":"Anasayfa","item":"https:\/\/www.kores.com.tr\/"},{"@type":"ListItem","position":2,"name":"HAVUZ EK\u0130PMANLARI"}]},{"@type":"WebSite","@id":"https:\/\/www.kores.com.tr\/#website","url":"https:\/\/www.kores.com.tr\/","name":"KORES HAVUZ","description":"Ku\u015fadas\u0131'nda Havuz Denince \u0130lk Akla Gelen... 0256 612 88 37","publisher":{"@id":"https:\/\/www.kores.com.tr\/#organization"},"potentialAction":[{"@type":"SearchAction","target":{"@type":"EntryPoint","urlTemplate":"https:\/\/www.kores.com.tr\/?s={search_term_string}"},"query-input":{"@type":"PropertyValueSpecification","valueRequired":true,"valueName":"search_term_string"}}],"inLanguage":"tr"},{"@type":"Organization","@id":"https:\/\/www.kores.com.tr\/#organization","name":"KORES HAVUZ","url":"https:\/\/www.kores.com.tr\/","logo":{"@type":"ImageObject","inLanguage":"tr","@id":"https:\/\/www.kores.com.tr\/#\/schema\/logo\/image\/","url":"http:\/\/kores.com.tr\/wp-content\/uploads\/2023\/06\/LOGO.jpeg","contentUrl":"http:\/\/kores.com.tr\/wp-content\/uploads\/2023\/06\/LOGO.jpeg","width":1084,"height":429,"caption":"KORES HAVUZ"},"image":{"@id":"https:\/\/www.kores.com.tr\/#\/schema\/logo\/image\/"},"sameAs":["https:\/\/tr-tr.facebook.com\/people\/Kores-Havuz\/pfbid02V4Wf3Fhjbi7bvm9yUFTVQh6veWr6pRnADC4xbBdVextDvq4WtZhNpwUHJdUZ8X5al\/","https:\/\/www.instagram.com\/koreshavuz\/"]}]}},"_links":{"self":[{"href":"https:\/\/www.kores.com.tr\/index.php\/wp-json\/wp\/v2\/pages\/112","targetHints":{"allow":["GET"]}}],"collection":[{"href":"https:\/\/www.kores.com.tr\/index.php\/wp-json\/wp\/v2\/pages"}],"about":[{"href":"https:\/\/www.kores.com.tr\/index.php\/wp-json\/wp\/v2\/types\/page"}],"author":[{"embeddable":true,"href":"https:\/\/www.kores.com.tr\/index.php\/wp-json\/wp\/v2\/users\/1"}],"replies":[{"embeddable":true,"href":"https:\/\/www.kores.com.tr\/index.php\/wp-json\/wp\/v2\/comments?post=112"}],"version-history":[{"count":10,"href":"https:\/\/www.kores.com.tr\/index.php\/wp-json\/wp\/v2\/pages\/112\/revisions"}],"predecessor-version":[{"id":167,"href":"https:\/\/www.kores.com.tr\/index.php\/wp-json\/wp\/v2\/pages\/112\/revisions\/167"}],"wp:attachment":[{"href":"https:\/\/www.kores.com.tr\/index.php\/wp-json\/wp\/v2\/media?parent=112"}],"curies":[{"name":"wp","href":"https:\/\/api.w.org\/{rel}","templated":true}]}}