{"id":175,"date":"2023-06-26T14:41:05","date_gmt":"2023-06-26T14:41:05","guid":{"rendered":"https:\/\/www.kores.com.tr\/?page_id=175"},"modified":"2023-06-26T15:09:41","modified_gmt":"2023-06-26T15:09:41","slug":"kusadasi-havuz-kores-havuz-iletisim","status":"publish","type":"page","link":"https:\/\/www.kores.com.tr\/index.php\/kusadasi-havuz-kores-havuz-iletisim\/","title":{"rendered":"KU\u015eADASI HAVUZ KORES HAVUZ \u0130LET\u0130\u015e\u0130M"},"content":{"rendered":"\n<p><a href=\"https:\/\/www.kores.com.tr\/\">Ku\u015fadas\u0131 Havuz denilince 25 y\u0131ld\u0131r akla gelen ilk isim Kores Havuz<\/a><\/p>\n\n\n\n<p><\/p>\n\n\n\n<p><strong>\u0130\u015fyeri Adresimiz ;<\/strong><\/p>\n\n\n\n<p>S\u00fcleyman Demirel Bulvar\u0131 M. Adal\u0131o\u011flu Sitesi F Blok no:27 C Ku\u015fadas\u0131\/AYDIN<\/p>\n\n\n\n<p>Ticaret Sicil No:6316<\/p>\n\n\n\n<p>Mersis No: 4886316252584664<\/p>\n\n\n\n<p><strong>Banka Bilgilerimiz<\/strong><\/p>\n\n\n\n<p>\u0130S\u0130M: KORES END\u00dcSTR\u0130YEL TEM\u0130ZL\u0130K ve GIDA MADDELER\u0130 TUR\u0130ZM ve T\u0130CARED L\u0130M\u0130TED \u015e\u0130RKET\u0130<\/p>\n\n\n\n<p>Finansbank: TR81 0011 1000 0000 0010 2365 27<\/p>\n\n\n\n<p>Garanti Bankas\u0131: TR15 0006 2001 3760 0006 2982 80<\/p>\n\n\n\n<p>\u0130\u015fbankas\u0131: TR69 0006 4000 0013 0320 1849 99<\/p>\n\n\n\n<figure class=\"wp-block-image size-large\"><img loading=\"lazy\" decoding=\"async\" width=\"1024\" height=\"405\" src=\"https:\/\/www.kores.com.tr\/wp-content\/uploads\/2023\/06\/LOGO-1024x405.jpeg\" alt=\"\" class=\"wp-image-130\" srcset=\"https:\/\/www.kores.com.tr\/wp-content\/uploads\/2023\/06\/LOGO-1024x405.jpeg 1024w, https:\/\/www.kores.com.tr\/wp-content\/uploads\/2023\/06\/LOGO-300x119.jpeg 300w, https:\/\/www.kores.com.tr\/wp-content\/uploads\/2023\/06\/LOGO-768x304.jpeg 768w, https:\/\/www.kores.com.tr\/wp-content\/uploads\/2023\/06\/LOGO.jpeg 1084w\" sizes=\"auto, (max-width: 1024px) 100vw, 1024px\" \/><\/figure>\n\n\n\n<p><\/p>\n\n\n\n<iframe src=\"https:\/\/www.google.com\/maps\/embed?pb=!1m18!1m12!1m3!1d6300.704401810498!2d27.25315127639199!3d37.85204871898165!2m3!1f0!2f0!3f0!3m2!1i1024!2i768!4f13.1!3m3!1m2!1s0x14bea8b25f3278c3%3A0xb6dcb9329a20be4!2sKores%20Havuz%20End.%20Tem.%20ve%20G%C4%B1da%20Mad.%20Tur.%20ve%20Tic.%20LTD.%20%C5%9ET%C4%B0.!5e0!3m2!1str!2str!4v1687791000333!5m2!1str!2str\" width=\"600\" height=\"450\" style=\"border:0;\" allowfullscreen=\"\" loading=\"lazy\" referrerpolicy=\"no-referrer-when-downgrade\"><\/iframe>\n","protected":false},"excerpt":{"rendered":"<p>Ku\u015fadas\u0131 Havuz denilince 25 y\u0131ld\u0131r akla gelen ilk isim Kores Havuz \u0130\u015fyeri Adresimiz ; S\u00fcleyman Demirel Bulvar\u0131 M. Adal\u0131o\u011flu Sitesi F Blok no:27 C Ku\u015fadas\u0131\/AYDIN Ticaret Sicil No:6316 Mersis No: 4886316252584664 Banka Bilgilerimiz \u0130S\u0130M: KORES END\u00dcSTR\u0130YEL TEM\u0130ZL\u0130K ve GIDA MADDELER\u0130 TUR\u0130ZM ve T\u0130CARED L\u0130M\u0130TED \u015e\u0130RKET\u0130 Finansbank: TR81 0011 1000 0000 0010 2365 27 Garanti Bankas\u0131:&hellip; <br \/> <a class=\"button small blue\" href=\"https:\/\/www.kores.com.tr\/index.php\/kusadasi-havuz-kores-havuz-iletisim\/\">Devam\u0131<\/a><\/p>\n","protected":false},"author":1,"featured_media":0,"parent":0,"menu_order":0,"comment_status":"closed","ping_status":"closed","template":"","meta":{"footnotes":""},"class_list":["post-175","page","type-page","status-publish","hentry"],"yoast_head":"<!-- This site is optimized with the Yoast SEO plugin v26.5 - https:\/\/yoast.com\/wordpress\/plugins\/seo\/ -->\n<title>KU\u015eADASI HAVUZ KORES HAVUZ \u0130LET\u0130\u015e\u0130M - Kores Havuz<\/title>\n<meta name=\"description\" content=\"KU\u015eADASI HAVUZ KORES HAVUZ \u0130LET\u0130\u015e\u0130M denilince 25 y\u0131ld\u0131r akla gelen ilk isim. \u0130leti\u015fim i\u00e7in 0256 612 88 37 numaras\u0131n\u0131 arayabilirsiniz.\" \/>\n<meta name=\"robots\" content=\"index, follow, max-snippet:-1, max-image-preview:large, max-video-preview:-1\" \/>\n<link rel=\"canonical\" href=\"https:\/\/www.kores.com.tr\/index.php\/kusadasi-havuz-kores-havuz-iletisim\/\" \/>\n<meta property=\"og:locale\" content=\"tr_TR\" \/>\n<meta property=\"og:type\" content=\"article\" \/>\n<meta property=\"og:title\" content=\"KU\u015eADASI HAVUZ KORES HAVUZ \u0130LET\u0130\u015e\u0130M - Kores Havuz\" \/>\n<meta property=\"og:description\" content=\"KU\u015eADASI HAVUZ KORES HAVUZ \u0130LET\u0130\u015e\u0130M denilince 25 y\u0131ld\u0131r akla gelen ilk isim. \u0130leti\u015fim i\u00e7in 0256 612 88 37 numaras\u0131n\u0131 arayabilirsiniz.\" \/>\n<meta property=\"og:url\" content=\"https:\/\/www.kores.com.tr\/index.php\/kusadasi-havuz-kores-havuz-iletisim\/\" \/>\n<meta property=\"og:site_name\" content=\"Kores Havuz\" \/>\n<meta property=\"article:publisher\" content=\"https:\/\/tr-tr.facebook.com\/people\/Kores-Havuz\/pfbid02V4Wf3Fhjbi7bvm9yUFTVQh6veWr6pRnADC4xbBdVextDvq4WtZhNpwUHJdUZ8X5al\/\" \/>\n<meta property=\"article:modified_time\" content=\"2023-06-26T15:09:41+00:00\" \/>\n<meta property=\"og:image\" content=\"https:\/\/www.kores.com.tr\/wp-content\/uploads\/2023\/06\/LOGO-1024x405.jpeg\" \/>\n<meta name=\"twitter:card\" content=\"summary_large_image\" \/>\n<meta name=\"twitter:label1\" content=\"Tahmini okuma s\u00fcresi\" \/>\n\t<meta name=\"twitter:data1\" content=\"1 dakika\" \/>\n<script type=\"application\/ld+json\" class=\"yoast-schema-graph\">{\"@context\":\"https:\/\/schema.org\",\"@graph\":[{\"@type\":\"WebPage\",\"@id\":\"https:\/\/www.kores.com.tr\/index.php\/kusadasi-havuz-kores-havuz-iletisim\/\",\"url\":\"https:\/\/www.kores.com.tr\/index.php\/kusadasi-havuz-kores-havuz-iletisim\/\",\"name\":\"KU\u015eADASI HAVUZ KORES HAVUZ \u0130LET\u0130\u015e\u0130M - Kores Havuz\",\"isPartOf\":{\"@id\":\"https:\/\/www.kores.com.tr\/#website\"},\"primaryImageOfPage\":{\"@id\":\"https:\/\/www.kores.com.tr\/index.php\/kusadasi-havuz-kores-havuz-iletisim\/#primaryimage\"},\"image\":{\"@id\":\"https:\/\/www.kores.com.tr\/index.php\/kusadasi-havuz-kores-havuz-iletisim\/#primaryimage\"},\"thumbnailUrl\":\"https:\/\/www.kores.com.tr\/wp-content\/uploads\/2023\/06\/LOGO-1024x405.jpeg\",\"datePublished\":\"2023-06-26T14:41:05+00:00\",\"dateModified\":\"2023-06-26T15:09:41+00:00\",\"description\":\"KU\u015eADASI HAVUZ KORES HAVUZ \u0130LET\u0130\u015e\u0130M denilince 25 y\u0131ld\u0131r akla gelen ilk isim. \u0130leti\u015fim i\u00e7in 0256 612 88 37 numaras\u0131n\u0131 arayabilirsiniz.\",\"breadcrumb\":{\"@id\":\"https:\/\/www.kores.com.tr\/index.php\/kusadasi-havuz-kores-havuz-iletisim\/#breadcrumb\"},\"inLanguage\":\"tr\",\"potentialAction\":[{\"@type\":\"ReadAction\",\"target\":[\"https:\/\/www.kores.com.tr\/index.php\/kusadasi-havuz-kores-havuz-iletisim\/\"]}]},{\"@type\":\"ImageObject\",\"inLanguage\":\"tr\",\"@id\":\"https:\/\/www.kores.com.tr\/index.php\/kusadasi-havuz-kores-havuz-iletisim\/#primaryimage\",\"url\":\"https:\/\/www.kores.com.tr\/wp-content\/uploads\/2023\/06\/LOGO-1024x405.jpeg\",\"contentUrl\":\"https:\/\/www.kores.com.tr\/wp-content\/uploads\/2023\/06\/LOGO-1024x405.jpeg\"},{\"@type\":\"BreadcrumbList\",\"@id\":\"https:\/\/www.kores.com.tr\/index.php\/kusadasi-havuz-kores-havuz-iletisim\/#breadcrumb\",\"itemListElement\":[{\"@type\":\"ListItem\",\"position\":1,\"name\":\"Anasayfa\",\"item\":\"https:\/\/www.kores.com.tr\/\"},{\"@type\":\"ListItem\",\"position\":2,\"name\":\"KU\u015eADASI HAVUZ KORES HAVUZ \u0130LET\u0130\u015e\u0130M\"}]},{\"@type\":\"WebSite\",\"@id\":\"https:\/\/www.kores.com.tr\/#website\",\"url\":\"https:\/\/www.kores.com.tr\/\",\"name\":\"KORES HAVUZ\",\"description\":\"Ku\u015fadas\u0131'nda Havuz Denince \u0130lk Akla Gelen... 0256 612 88 37\",\"publisher\":{\"@id\":\"https:\/\/www.kores.com.tr\/#organization\"},\"potentialAction\":[{\"@type\":\"SearchAction\",\"target\":{\"@type\":\"EntryPoint\",\"urlTemplate\":\"https:\/\/www.kores.com.tr\/?s={search_term_string}\"},\"query-input\":{\"@type\":\"PropertyValueSpecification\",\"valueRequired\":true,\"valueName\":\"search_term_string\"}}],\"inLanguage\":\"tr\"},{\"@type\":\"Organization\",\"@id\":\"https:\/\/www.kores.com.tr\/#organization\",\"name\":\"KORES HAVUZ\",\"url\":\"https:\/\/www.kores.com.tr\/\",\"logo\":{\"@type\":\"ImageObject\",\"inLanguage\":\"tr\",\"@id\":\"https:\/\/www.kores.com.tr\/#\/schema\/logo\/image\/\",\"url\":\"http:\/\/kores.com.tr\/wp-content\/uploads\/2023\/06\/LOGO.jpeg\",\"contentUrl\":\"http:\/\/kores.com.tr\/wp-content\/uploads\/2023\/06\/LOGO.jpeg\",\"width\":1084,\"height\":429,\"caption\":\"KORES HAVUZ\"},\"image\":{\"@id\":\"https:\/\/www.kores.com.tr\/#\/schema\/logo\/image\/\"},\"sameAs\":[\"https:\/\/tr-tr.facebook.com\/people\/Kores-Havuz\/pfbid02V4Wf3Fhjbi7bvm9yUFTVQh6veWr6pRnADC4xbBdVextDvq4WtZhNpwUHJdUZ8X5al\/\",\"https:\/\/www.instagram.com\/koreshavuz\/\"]}]}<\/script>\n<!-- \/ Yoast SEO plugin. -->","yoast_head_json":{"title":"KU\u015eADASI HAVUZ KORES HAVUZ \u0130LET\u0130\u015e\u0130M - Kores Havuz","description":"KU\u015eADASI HAVUZ KORES HAVUZ \u0130LET\u0130\u015e\u0130M denilince 25 y\u0131ld\u0131r akla gelen ilk isim. \u0130leti\u015fim i\u00e7in 0256 612 88 37 numaras\u0131n\u0131 arayabilirsiniz.","robots":{"index":"index","follow":"follow","max-snippet":"max-snippet:-1","max-image-preview":"max-image-preview:large","max-video-preview":"max-video-preview:-1"},"canonical":"https:\/\/www.kores.com.tr\/index.php\/kusadasi-havuz-kores-havuz-iletisim\/","og_locale":"tr_TR","og_type":"article","og_title":"KU\u015eADASI HAVUZ KORES HAVUZ \u0130LET\u0130\u015e\u0130M - Kores Havuz","og_description":"KU\u015eADASI HAVUZ KORES HAVUZ \u0130LET\u0130\u015e\u0130M denilince 25 y\u0131ld\u0131r akla gelen ilk isim. \u0130leti\u015fim i\u00e7in 0256 612 88 37 numaras\u0131n\u0131 arayabilirsiniz.","og_url":"https:\/\/www.kores.com.tr\/index.php\/kusadasi-havuz-kores-havuz-iletisim\/","og_site_name":"Kores Havuz","article_publisher":"https:\/\/tr-tr.facebook.com\/people\/Kores-Havuz\/pfbid02V4Wf3Fhjbi7bvm9yUFTVQh6veWr6pRnADC4xbBdVextDvq4WtZhNpwUHJdUZ8X5al\/","article_modified_time":"2023-06-26T15:09:41+00:00","og_image":[{"url":"https:\/\/www.kores.com.tr\/wp-content\/uploads\/2023\/06\/LOGO-1024x405.jpeg","type":"","width":"","height":""}],"twitter_card":"summary_large_image","twitter_misc":{"Tahmini okuma s\u00fcresi":"1 dakika"},"schema":{"@context":"https:\/\/schema.org","@graph":[{"@type":"WebPage","@id":"https:\/\/www.kores.com.tr\/index.php\/kusadasi-havuz-kores-havuz-iletisim\/","url":"https:\/\/www.kores.com.tr\/index.php\/kusadasi-havuz-kores-havuz-iletisim\/","name":"KU\u015eADASI HAVUZ KORES HAVUZ \u0130LET\u0130\u015e\u0130M - Kores Havuz","isPartOf":{"@id":"https:\/\/www.kores.com.tr\/#website"},"primaryImageOfPage":{"@id":"https:\/\/www.kores.com.tr\/index.php\/kusadasi-havuz-kores-havuz-iletisim\/#primaryimage"},"image":{"@id":"https:\/\/www.kores.com.tr\/index.php\/kusadasi-havuz-kores-havuz-iletisim\/#primaryimage"},"thumbnailUrl":"https:\/\/www.kores.com.tr\/wp-content\/uploads\/2023\/06\/LOGO-1024x405.jpeg","datePublished":"2023-06-26T14:41:05+00:00","dateModified":"2023-06-26T15:09:41+00:00","description":"KU\u015eADASI HAVUZ KORES HAVUZ \u0130LET\u0130\u015e\u0130M denilince 25 y\u0131ld\u0131r akla gelen ilk isim. \u0130leti\u015fim i\u00e7in 0256 612 88 37 numaras\u0131n\u0131 arayabilirsiniz.","breadcrumb":{"@id":"https:\/\/www.kores.com.tr\/index.php\/kusadasi-havuz-kores-havuz-iletisim\/#breadcrumb"},"inLanguage":"tr","potentialAction":[{"@type":"ReadAction","target":["https:\/\/www.kores.com.tr\/index.php\/kusadasi-havuz-kores-havuz-iletisim\/"]}]},{"@type":"ImageObject","inLanguage":"tr","@id":"https:\/\/www.kores.com.tr\/index.php\/kusadasi-havuz-kores-havuz-iletisim\/#primaryimage","url":"https:\/\/www.kores.com.tr\/wp-content\/uploads\/2023\/06\/LOGO-1024x405.jpeg","contentUrl":"https:\/\/www.kores.com.tr\/wp-content\/uploads\/2023\/06\/LOGO-1024x405.jpeg"},{"@type":"BreadcrumbList","@id":"https:\/\/www.kores.com.tr\/index.php\/kusadasi-havuz-kores-havuz-iletisim\/#breadcrumb","itemListElement":[{"@type":"ListItem","position":1,"name":"Anasayfa","item":"https:\/\/www.kores.com.tr\/"},{"@type":"ListItem","position":2,"name":"KU\u015eADASI HAVUZ KORES HAVUZ \u0130LET\u0130\u015e\u0130M"}]},{"@type":"WebSite","@id":"https:\/\/www.kores.com.tr\/#website","url":"https:\/\/www.kores.com.tr\/","name":"KORES HAVUZ","description":"Ku\u015fadas\u0131'nda Havuz Denince \u0130lk Akla Gelen... 0256 612 88 37","publisher":{"@id":"https:\/\/www.kores.com.tr\/#organization"},"potentialAction":[{"@type":"SearchAction","target":{"@type":"EntryPoint","urlTemplate":"https:\/\/www.kores.com.tr\/?s={search_term_string}"},"query-input":{"@type":"PropertyValueSpecification","valueRequired":true,"valueName":"search_term_string"}}],"inLanguage":"tr"},{"@type":"Organization","@id":"https:\/\/www.kores.com.tr\/#organization","name":"KORES HAVUZ","url":"https:\/\/www.kores.com.tr\/","logo":{"@type":"ImageObject","inLanguage":"tr","@id":"https:\/\/www.kores.com.tr\/#\/schema\/logo\/image\/","url":"http:\/\/kores.com.tr\/wp-content\/uploads\/2023\/06\/LOGO.jpeg","contentUrl":"http:\/\/kores.com.tr\/wp-content\/uploads\/2023\/06\/LOGO.jpeg","width":1084,"height":429,"caption":"KORES HAVUZ"},"image":{"@id":"https:\/\/www.kores.com.tr\/#\/schema\/logo\/image\/"},"sameAs":["https:\/\/tr-tr.facebook.com\/people\/Kores-Havuz\/pfbid02V4Wf3Fhjbi7bvm9yUFTVQh6veWr6pRnADC4xbBdVextDvq4WtZhNpwUHJdUZ8X5al\/","https:\/\/www.instagram.com\/koreshavuz\/"]}]}},"_links":{"self":[{"href":"https:\/\/www.kores.com.tr\/index.php\/wp-json\/wp\/v2\/pages\/175","targetHints":{"allow":["GET"]}}],"collection":[{"href":"https:\/\/www.kores.com.tr\/index.php\/wp-json\/wp\/v2\/pages"}],"about":[{"href":"https:\/\/www.kores.com.tr\/index.php\/wp-json\/wp\/v2\/types\/page"}],"author":[{"embeddable":true,"href":"https:\/\/www.kores.com.tr\/index.php\/wp-json\/wp\/v2\/users\/1"}],"replies":[{"embeddable":true,"href":"https:\/\/www.kores.com.tr\/index.php\/wp-json\/wp\/v2\/comments?post=175"}],"version-history":[{"count":5,"href":"https:\/\/www.kores.com.tr\/index.php\/wp-json\/wp\/v2\/pages\/175\/revisions"}],"predecessor-version":[{"id":185,"href":"https:\/\/www.kores.com.tr\/index.php\/wp-json\/wp\/v2\/pages\/175\/revisions\/185"}],"wp:attachment":[{"href":"https:\/\/www.kores.com.tr\/index.php\/wp-json\/wp\/v2\/media?parent=175"}],"curies":[{"name":"wp","href":"https:\/\/api.w.org\/{rel}","templated":true}]}}