{"id":21,"date":"2023-04-02T11:20:18","date_gmt":"2023-04-02T11:20:18","guid":{"rendered":"http:\/\/kores.com.tr\/?page_id=21"},"modified":"2023-06-23T14:17:40","modified_gmt":"2023-06-23T14:17:40","slug":"havuz-kimyasallari","status":"publish","type":"page","link":"https:\/\/www.kores.com.tr\/index.php\/havuz-kimyasallari\/","title":{"rendered":"Havuz Kimyasallar\u0131"},"content":{"rendered":"\n<p>Ku\u015fadas\u0131 Havuz Kimyasallar\u0131 Kores Havuz<\/p>\n\n\n\n<div class=\"wp-block-group is-nowrap is-layout-flex wp-container-core-group-is-layout-ad2f72ca wp-block-group-is-layout-flex\">\n<figure class=\"wp-block-image size-full is-resized\"><img loading=\"lazy\" decoding=\"async\" src=\"http:\/\/kores.com.tr\/wp-content\/uploads\/2023\/04\/image.png\" alt=\"\" class=\"wp-image-24\" width=\"221\" height=\"166\" srcset=\"https:\/\/www.kores.com.tr\/wp-content\/uploads\/2023\/04\/image.png 1024w, https:\/\/www.kores.com.tr\/wp-content\/uploads\/2023\/04\/image-300x225.png 300w, https:\/\/www.kores.com.tr\/wp-content\/uploads\/2023\/04\/image-768x576.png 768w\" sizes=\"auto, (max-width: 221px) 100vw, 221px\" \/><\/figure>\n\n\n\n<p><a href=\"http:\/\/kores.com.tr\/index.php\/havuz-kloru\/\" data-type=\"URL\" data-id=\"http:\/\/kores.com.tr\/index.php\/havuz-kloru\/\">Havuz Kloru ( <strong>Sodyum Hipoklorit, % 12 Klor \u0130\u00e7eri\u011fi<\/strong>-S\u0131v\u0131) : Havuz suyunda bakteri, mantar ve vir\u00fcslere kar\u015f\u0131 h\u0131zl\u0131 bir bi\u00e7imde etki ederek, organik kirleri par\u00e7alar.<\/a><\/p>\n<\/div>\n\n\n\n<hr class=\"wp-block-separator has-alpha-channel-opacity\"\/>\n\n\n\n<div class=\"wp-block-group is-nowrap is-layout-flex wp-container-core-group-is-layout-ad2f72ca wp-block-group-is-layout-flex\">\n<figure class=\"wp-block-image size-thumbnail\"><img loading=\"lazy\" decoding=\"async\" width=\"150\" height=\"150\" src=\"http:\/\/kores.com.tr\/wp-content\/uploads\/2023\/04\/image-1-150x150.png\" alt=\"\" class=\"wp-image-49\"\/><\/figure>\n\n\n\n<p><a href=\"http:\/\/kores.com.tr\/index.php\/toz-klor\/\">Toz Klor:Havuz suyunda bakteri, mantar ve vir\u00fcslere kar\u015f\u0131 h\u0131zl\u0131 bir bi\u00e7imde etki ederek, organik kirleri par\u00e7alayan dezenfektan.<\/a><\/p>\n<\/div>\n\n\n\n<div class=\"wp-block-group\"><div class=\"wp-block-group__inner-container is-layout-constrained wp-block-group-is-layout-constrained\">\n<hr class=\"wp-block-separator has-alpha-channel-opacity\"\/>\n<\/div><\/div>\n\n\n\n<div class=\"wp-block-group is-nowrap is-layout-flex wp-container-core-group-is-layout-ad2f72ca wp-block-group-is-layout-flex\">\n<figure class=\"wp-block-image size-thumbnail\"><img loading=\"lazy\" decoding=\"async\" width=\"150\" height=\"150\" src=\"http:\/\/kores.com.tr\/wp-content\/uploads\/2023\/04\/image-6-150x150.png\" alt=\"\" class=\"wp-image-70\"\/><\/figure>\n\n\n\n<p><a href=\"http:\/\/kores.com.tr\/index.php\/ph-dusurucu-asit\/#page-content\">pH D\u00fc\u015f\u00fcr\u00fcc\u00fc olarak kullan\u0131lan asitler hem s\u0131v\u0131 hem toz formda olmaktad\u0131r.<\/a><\/p>\n\n\n\n<figure class=\"wp-block-image size-thumbnail\"><img loading=\"lazy\" decoding=\"async\" width=\"150\" height=\"150\" src=\"http:\/\/kores.com.tr\/wp-content\/uploads\/2023\/04\/image-8-150x150.png\" alt=\"\" class=\"wp-image-72\"\/><\/figure>\n<\/div>\n\n\n\n<p><\/p>\n\n\n\n<hr class=\"wp-block-separator has-alpha-channel-opacity\"\/>\n\n\n\n<div class=\"wp-block-group is-nowrap is-layout-flex wp-container-core-group-is-layout-ad2f72ca wp-block-group-is-layout-flex\">\n<figure class=\"wp-block-image size-thumbnail\"><img loading=\"lazy\" decoding=\"async\" width=\"150\" height=\"150\" src=\"http:\/\/kores.com.tr\/wp-content\/uploads\/2023\/04\/image-11-150x150.png\" alt=\"\" class=\"wp-image-90\"\/><\/figure>\n\n\n\n<p><a href=\"http:\/\/kores.com.tr\/index.php\/yosun-onleyici\/\">Yosun olu\u015fumunu \u00f6nler ve klorun etkin kullan\u0131m\u0131na destek olur.<\/a><\/p>\n<\/div>\n\n\n\n<hr class=\"wp-block-separator has-alpha-channel-opacity\"\/>\n\n\n\n<div class=\"wp-block-group is-nowrap is-layout-flex wp-container-core-group-is-layout-ad2f72ca wp-block-group-is-layout-flex\">\n<figure class=\"wp-block-image size-thumbnail\"><img loading=\"lazy\" decoding=\"async\" width=\"150\" height=\"150\" src=\"http:\/\/kores.com.tr\/wp-content\/uploads\/2023\/04\/image-12-150x150.png\" alt=\"\" class=\"wp-image-96\"\/><\/figure>\n\n\n\n<p><a href=\"http:\/\/kores.com.tr\/index.php\/topaklayici\/\">Havuz suyunda istenmeyen par\u00e7ac\u0131klar\u0131 birle\u015ftirmek i\u00e7in kullan\u0131lan, kimyasal safl\u0131k derecesi y\u00fcksek s\u0131v\u0131 topaklay\u0131c\u0131d\u0131r.<\/a><\/p>\n<\/div>\n\n\n\n<hr class=\"wp-block-separator has-alpha-channel-opacity\"\/>\n\n\n\n<div class=\"wp-block-group is-nowrap is-layout-flex wp-container-core-group-is-layout-ad2f72ca wp-block-group-is-layout-flex\">\n<figure class=\"wp-block-image size-thumbnail\"><img loading=\"lazy\" decoding=\"async\" width=\"150\" height=\"150\" src=\"http:\/\/kores.com.tr\/wp-content\/uploads\/2023\/04\/image-13-150x150.png\" alt=\"\" class=\"wp-image-101\"\/><\/figure>\n\n\n\n<p><a href=\"http:\/\/kores.com.tr\/index.php\/parlatici\/\">Havuz suyunda ask\u0131da kalan partik\u00fcllerin filtrede tutulmas\u0131n\u0131 sa\u011flar.<\/a> <\/p>\n<\/div>\n\n\n\n<hr class=\"wp-block-separator has-alpha-channel-opacity\"\/>\n\n\n\n<div class=\"wp-block-group is-nowrap is-layout-flex wp-container-core-group-is-layout-ad2f72ca wp-block-group-is-layout-flex\">\n<figure class=\"wp-block-image size-medium\"><img loading=\"lazy\" decoding=\"async\" width=\"300\" height=\"225\" src=\"http:\/\/kores.com.tr\/wp-content\/uploads\/2023\/04\/image-14-300x225.png\" alt=\"\" class=\"wp-image-106\" srcset=\"https:\/\/www.kores.com.tr\/wp-content\/uploads\/2023\/04\/image-14-300x225.png 300w, https:\/\/www.kores.com.tr\/wp-content\/uploads\/2023\/04\/image-14-768x576.png 768w, https:\/\/www.kores.com.tr\/wp-content\/uploads\/2023\/04\/image-14.png 1024w\" sizes=\"auto, (max-width: 300px) 100vw, 300px\" \/><\/figure>\n\n\n\n<p><a href=\"http:\/\/kores.com.tr\/index.php\/sertlik-stabilizatoru-iyon-tutucu\/\">Sertlik ve metal iyonlar\u0131n\u0131n kontrol\u00fcn\u00fc sa\u011flar, renkli su olu\u015fumunu \u00f6nler, su sertli\u011fini kontrol alt\u0131nda tutar. Kompleks yap\u0131c\u0131 \u00f6zelli\u011fi ve havuz leke \u00f6nleyici olarak kullan\u0131l\u0131r.<\/a><\/p>\n<\/div>\n","protected":false},"excerpt":{"rendered":"<p>Ku\u015fadas\u0131 Havuz Kimyasallar\u0131 Kores Havuz Havuz Kloru ( Sodyum Hipoklorit, % 12 Klor \u0130\u00e7eri\u011fi-S\u0131v\u0131) : Havuz suyunda bakteri, mantar ve vir\u00fcslere kar\u015f\u0131 h\u0131zl\u0131 bir bi\u00e7imde etki ederek, organik kirleri par\u00e7alar. Toz Klor:Havuz suyunda bakteri, mantar ve vir\u00fcslere kar\u015f\u0131 h\u0131zl\u0131 bir bi\u00e7imde etki ederek, organik kirleri par\u00e7alayan dezenfektan. pH D\u00fc\u015f\u00fcr\u00fcc\u00fc olarak kullan\u0131lan asitler hem s\u0131v\u0131 hem&hellip; <br \/> <a class=\"button small blue\" href=\"https:\/\/www.kores.com.tr\/index.php\/havuz-kimyasallari\/\">Devam\u0131<\/a><\/p>\n","protected":false},"author":1,"featured_media":0,"parent":0,"menu_order":0,"comment_status":"closed","ping_status":"closed","template":"","meta":{"footnotes":""},"class_list":["post-21","page","type-page","status-publish","hentry"],"yoast_head":"<!-- This site is optimized with the Yoast SEO plugin v26.5 - https:\/\/yoast.com\/wordpress\/plugins\/seo\/ -->\n<title>Havuz Kimyasallar\u0131 - Kores Havuz<\/title>\n<meta name=\"robots\" content=\"index, follow, max-snippet:-1, max-image-preview:large, max-video-preview:-1\" \/>\n<link rel=\"canonical\" href=\"https:\/\/www.kores.com.tr\/index.php\/havuz-kimyasallari\/\" \/>\n<meta property=\"og:locale\" content=\"tr_TR\" \/>\n<meta property=\"og:type\" content=\"article\" \/>\n<meta property=\"og:title\" content=\"Havuz Kimyasallar\u0131 - Kores Havuz\" \/>\n<meta property=\"og:description\" content=\"Ku\u015fadas\u0131 Havuz Kimyasallar\u0131 Kores Havuz Havuz Kloru ( Sodyum Hipoklorit, % 12 Klor \u0130\u00e7eri\u011fi-S\u0131v\u0131) : Havuz suyunda bakteri, mantar ve vir\u00fcslere kar\u015f\u0131 h\u0131zl\u0131 bir bi\u00e7imde etki ederek, organik kirleri par\u00e7alar. Toz Klor:Havuz suyunda bakteri, mantar ve vir\u00fcslere kar\u015f\u0131 h\u0131zl\u0131 bir bi\u00e7imde etki ederek, organik kirleri par\u00e7alayan dezenfektan. pH D\u00fc\u015f\u00fcr\u00fcc\u00fc olarak kullan\u0131lan asitler hem s\u0131v\u0131 hem&hellip; Devam\u0131\" \/>\n<meta property=\"og:url\" content=\"https:\/\/www.kores.com.tr\/index.php\/havuz-kimyasallari\/\" \/>\n<meta property=\"og:site_name\" content=\"Kores Havuz\" \/>\n<meta property=\"article:publisher\" content=\"https:\/\/tr-tr.facebook.com\/people\/Kores-Havuz\/pfbid02V4Wf3Fhjbi7bvm9yUFTVQh6veWr6pRnADC4xbBdVextDvq4WtZhNpwUHJdUZ8X5al\/\" \/>\n<meta property=\"article:modified_time\" content=\"2023-06-23T14:17:40+00:00\" \/>\n<meta property=\"og:image\" content=\"http:\/\/kores.com.tr\/wp-content\/uploads\/2023\/04\/image.png\" \/>\n<meta name=\"twitter:card\" content=\"summary_large_image\" \/>\n<meta name=\"twitter:label1\" content=\"Tahmini okuma s\u00fcresi\" \/>\n\t<meta name=\"twitter:data1\" content=\"3 dakika\" \/>\n<script type=\"application\/ld+json\" class=\"yoast-schema-graph\">{\"@context\":\"https:\/\/schema.org\",\"@graph\":[{\"@type\":\"WebPage\",\"@id\":\"https:\/\/www.kores.com.tr\/index.php\/havuz-kimyasallari\/\",\"url\":\"https:\/\/www.kores.com.tr\/index.php\/havuz-kimyasallari\/\",\"name\":\"Havuz Kimyasallar\u0131 - Kores Havuz\",\"isPartOf\":{\"@id\":\"https:\/\/www.kores.com.tr\/#website\"},\"primaryImageOfPage\":{\"@id\":\"https:\/\/www.kores.com.tr\/index.php\/havuz-kimyasallari\/#primaryimage\"},\"image\":{\"@id\":\"https:\/\/www.kores.com.tr\/index.php\/havuz-kimyasallari\/#primaryimage\"},\"thumbnailUrl\":\"http:\/\/kores.com.tr\/wp-content\/uploads\/2023\/04\/image.png\",\"datePublished\":\"2023-04-02T11:20:18+00:00\",\"dateModified\":\"2023-06-23T14:17:40+00:00\",\"breadcrumb\":{\"@id\":\"https:\/\/www.kores.com.tr\/index.php\/havuz-kimyasallari\/#breadcrumb\"},\"inLanguage\":\"tr\",\"potentialAction\":[{\"@type\":\"ReadAction\",\"target\":[\"https:\/\/www.kores.com.tr\/index.php\/havuz-kimyasallari\/\"]}]},{\"@type\":\"ImageObject\",\"inLanguage\":\"tr\",\"@id\":\"https:\/\/www.kores.com.tr\/index.php\/havuz-kimyasallari\/#primaryimage\",\"url\":\"http:\/\/kores.com.tr\/wp-content\/uploads\/2023\/04\/image.png\",\"contentUrl\":\"http:\/\/kores.com.tr\/wp-content\/uploads\/2023\/04\/image.png\"},{\"@type\":\"BreadcrumbList\",\"@id\":\"https:\/\/www.kores.com.tr\/index.php\/havuz-kimyasallari\/#breadcrumb\",\"itemListElement\":[{\"@type\":\"ListItem\",\"position\":1,\"name\":\"Anasayfa\",\"item\":\"https:\/\/www.kores.com.tr\/\"},{\"@type\":\"ListItem\",\"position\":2,\"name\":\"Havuz Kimyasallar\u0131\"}]},{\"@type\":\"WebSite\",\"@id\":\"https:\/\/www.kores.com.tr\/#website\",\"url\":\"https:\/\/www.kores.com.tr\/\",\"name\":\"KORES HAVUZ\",\"description\":\"Ku\u015fadas\u0131'nda Havuz Denince \u0130lk Akla Gelen... 0256 612 88 37\",\"publisher\":{\"@id\":\"https:\/\/www.kores.com.tr\/#organization\"},\"potentialAction\":[{\"@type\":\"SearchAction\",\"target\":{\"@type\":\"EntryPoint\",\"urlTemplate\":\"https:\/\/www.kores.com.tr\/?s={search_term_string}\"},\"query-input\":{\"@type\":\"PropertyValueSpecification\",\"valueRequired\":true,\"valueName\":\"search_term_string\"}}],\"inLanguage\":\"tr\"},{\"@type\":\"Organization\",\"@id\":\"https:\/\/www.kores.com.tr\/#organization\",\"name\":\"KORES HAVUZ\",\"url\":\"https:\/\/www.kores.com.tr\/\",\"logo\":{\"@type\":\"ImageObject\",\"inLanguage\":\"tr\",\"@id\":\"https:\/\/www.kores.com.tr\/#\/schema\/logo\/image\/\",\"url\":\"http:\/\/kores.com.tr\/wp-content\/uploads\/2023\/06\/LOGO.jpeg\",\"contentUrl\":\"http:\/\/kores.com.tr\/wp-content\/uploads\/2023\/06\/LOGO.jpeg\",\"width\":1084,\"height\":429,\"caption\":\"KORES HAVUZ\"},\"image\":{\"@id\":\"https:\/\/www.kores.com.tr\/#\/schema\/logo\/image\/\"},\"sameAs\":[\"https:\/\/tr-tr.facebook.com\/people\/Kores-Havuz\/pfbid02V4Wf3Fhjbi7bvm9yUFTVQh6veWr6pRnADC4xbBdVextDvq4WtZhNpwUHJdUZ8X5al\/\",\"https:\/\/www.instagram.com\/koreshavuz\/\"]}]}<\/script>\n<!-- \/ Yoast SEO plugin. -->","yoast_head_json":{"title":"Havuz Kimyasallar\u0131 - Kores Havuz","robots":{"index":"index","follow":"follow","max-snippet":"max-snippet:-1","max-image-preview":"max-image-preview:large","max-video-preview":"max-video-preview:-1"},"canonical":"https:\/\/www.kores.com.tr\/index.php\/havuz-kimyasallari\/","og_locale":"tr_TR","og_type":"article","og_title":"Havuz Kimyasallar\u0131 - Kores Havuz","og_description":"Ku\u015fadas\u0131 Havuz Kimyasallar\u0131 Kores Havuz Havuz Kloru ( Sodyum Hipoklorit, % 12 Klor \u0130\u00e7eri\u011fi-S\u0131v\u0131) : Havuz suyunda bakteri, mantar ve vir\u00fcslere kar\u015f\u0131 h\u0131zl\u0131 bir bi\u00e7imde etki ederek, organik kirleri par\u00e7alar. Toz Klor:Havuz suyunda bakteri, mantar ve vir\u00fcslere kar\u015f\u0131 h\u0131zl\u0131 bir bi\u00e7imde etki ederek, organik kirleri par\u00e7alayan dezenfektan. pH D\u00fc\u015f\u00fcr\u00fcc\u00fc olarak kullan\u0131lan asitler hem s\u0131v\u0131 hem&hellip; Devam\u0131","og_url":"https:\/\/www.kores.com.tr\/index.php\/havuz-kimyasallari\/","og_site_name":"Kores Havuz","article_publisher":"https:\/\/tr-tr.facebook.com\/people\/Kores-Havuz\/pfbid02V4Wf3Fhjbi7bvm9yUFTVQh6veWr6pRnADC4xbBdVextDvq4WtZhNpwUHJdUZ8X5al\/","article_modified_time":"2023-06-23T14:17:40+00:00","og_image":[{"url":"http:\/\/kores.com.tr\/wp-content\/uploads\/2023\/04\/image.png","type":"","width":"","height":""}],"twitter_card":"summary_large_image","twitter_misc":{"Tahmini okuma s\u00fcresi":"3 dakika"},"schema":{"@context":"https:\/\/schema.org","@graph":[{"@type":"WebPage","@id":"https:\/\/www.kores.com.tr\/index.php\/havuz-kimyasallari\/","url":"https:\/\/www.kores.com.tr\/index.php\/havuz-kimyasallari\/","name":"Havuz Kimyasallar\u0131 - Kores Havuz","isPartOf":{"@id":"https:\/\/www.kores.com.tr\/#website"},"primaryImageOfPage":{"@id":"https:\/\/www.kores.com.tr\/index.php\/havuz-kimyasallari\/#primaryimage"},"image":{"@id":"https:\/\/www.kores.com.tr\/index.php\/havuz-kimyasallari\/#primaryimage"},"thumbnailUrl":"http:\/\/kores.com.tr\/wp-content\/uploads\/2023\/04\/image.png","datePublished":"2023-04-02T11:20:18+00:00","dateModified":"2023-06-23T14:17:40+00:00","breadcrumb":{"@id":"https:\/\/www.kores.com.tr\/index.php\/havuz-kimyasallari\/#breadcrumb"},"inLanguage":"tr","potentialAction":[{"@type":"ReadAction","target":["https:\/\/www.kores.com.tr\/index.php\/havuz-kimyasallari\/"]}]},{"@type":"ImageObject","inLanguage":"tr","@id":"https:\/\/www.kores.com.tr\/index.php\/havuz-kimyasallari\/#primaryimage","url":"http:\/\/kores.com.tr\/wp-content\/uploads\/2023\/04\/image.png","contentUrl":"http:\/\/kores.com.tr\/wp-content\/uploads\/2023\/04\/image.png"},{"@type":"BreadcrumbList","@id":"https:\/\/www.kores.com.tr\/index.php\/havuz-kimyasallari\/#breadcrumb","itemListElement":[{"@type":"ListItem","position":1,"name":"Anasayfa","item":"https:\/\/www.kores.com.tr\/"},{"@type":"ListItem","position":2,"name":"Havuz Kimyasallar\u0131"}]},{"@type":"WebSite","@id":"https:\/\/www.kores.com.tr\/#website","url":"https:\/\/www.kores.com.tr\/","name":"KORES HAVUZ","description":"Ku\u015fadas\u0131'nda Havuz Denince \u0130lk Akla Gelen... 0256 612 88 37","publisher":{"@id":"https:\/\/www.kores.com.tr\/#organization"},"potentialAction":[{"@type":"SearchAction","target":{"@type":"EntryPoint","urlTemplate":"https:\/\/www.kores.com.tr\/?s={search_term_string}"},"query-input":{"@type":"PropertyValueSpecification","valueRequired":true,"valueName":"search_term_string"}}],"inLanguage":"tr"},{"@type":"Organization","@id":"https:\/\/www.kores.com.tr\/#organization","name":"KORES HAVUZ","url":"https:\/\/www.kores.com.tr\/","logo":{"@type":"ImageObject","inLanguage":"tr","@id":"https:\/\/www.kores.com.tr\/#\/schema\/logo\/image\/","url":"http:\/\/kores.com.tr\/wp-content\/uploads\/2023\/06\/LOGO.jpeg","contentUrl":"http:\/\/kores.com.tr\/wp-content\/uploads\/2023\/06\/LOGO.jpeg","width":1084,"height":429,"caption":"KORES HAVUZ"},"image":{"@id":"https:\/\/www.kores.com.tr\/#\/schema\/logo\/image\/"},"sameAs":["https:\/\/tr-tr.facebook.com\/people\/Kores-Havuz\/pfbid02V4Wf3Fhjbi7bvm9yUFTVQh6veWr6pRnADC4xbBdVextDvq4WtZhNpwUHJdUZ8X5al\/","https:\/\/www.instagram.com\/koreshavuz\/"]}]}},"_links":{"self":[{"href":"https:\/\/www.kores.com.tr\/index.php\/wp-json\/wp\/v2\/pages\/21","targetHints":{"allow":["GET"]}}],"collection":[{"href":"https:\/\/www.kores.com.tr\/index.php\/wp-json\/wp\/v2\/pages"}],"about":[{"href":"https:\/\/www.kores.com.tr\/index.php\/wp-json\/wp\/v2\/types\/page"}],"author":[{"embeddable":true,"href":"https:\/\/www.kores.com.tr\/index.php\/wp-json\/wp\/v2\/users\/1"}],"replies":[{"embeddable":true,"href":"https:\/\/www.kores.com.tr\/index.php\/wp-json\/wp\/v2\/comments?post=21"}],"version-history":[{"count":26,"href":"https:\/\/www.kores.com.tr\/index.php\/wp-json\/wp\/v2\/pages\/21\/revisions"}],"predecessor-version":[{"id":141,"href":"https:\/\/www.kores.com.tr\/index.php\/wp-json\/wp\/v2\/pages\/21\/revisions\/141"}],"wp:attachment":[{"href":"https:\/\/www.kores.com.tr\/index.php\/wp-json\/wp\/v2\/media?parent=21"}],"curies":[{"name":"wp","href":"https:\/\/api.w.org\/{rel}","templated":true}]}}