{"id":26,"date":"2023-04-02T11:18:23","date_gmt":"2023-04-02T11:18:23","guid":{"rendered":"http:\/\/kores.com.tr\/?page_id=26"},"modified":"2023-04-02T11:28:53","modified_gmt":"2023-04-02T11:28:53","slug":"havuz-kloru-sodyum-hipoklorit-12-klor-icerigi-sivi","status":"publish","type":"page","link":"https:\/\/www.kores.com.tr\/index.php\/havuz-kimyasallari\/havuz-kloru-sodyum-hipoklorit-12-klor-icerigi-sivi\/","title":{"rendered":"Havuz Kloru"},"content":{"rendered":"\n<p><\/p>\n\n\n\n<figure class=\"wp-block-image size-full is-resized\"><img loading=\"lazy\" decoding=\"async\" src=\"http:\/\/kores.com.tr\/wp-content\/uploads\/2023\/04\/image.png\" alt=\"\" class=\"wp-image-24\" width=\"393\" height=\"295\" srcset=\"https:\/\/www.kores.com.tr\/wp-content\/uploads\/2023\/04\/image.png 1024w, https:\/\/www.kores.com.tr\/wp-content\/uploads\/2023\/04\/image-300x225.png 300w, https:\/\/www.kores.com.tr\/wp-content\/uploads\/2023\/04\/image-768x576.png 768w\" sizes=\"auto, (max-width: 393px) 100vw, 393px\" \/><\/figure>\n\n\n\n<p><\/p>\n\n\n\n<p>Havuz Kloru ( <strong>Sodyum Hipoklorit, % 12 Klor \u0130\u00e7eri\u011fi<\/strong>-S\u0131v\u0131) : Havuz suyunda bakteri, mantar ve vir\u00fcslere kar\u015f\u0131 h\u0131zl\u0131 bir bi\u00e7imde etki ederek, organik kirleri par\u00e7alar.<\/p>\n\n\n\n<p>Fastchlor \u00d6zellikleri<\/p>\n\n\n\n<ul class=\"wp-block-list\">\n<li>Havuz suyunu dezenfekte ederken, su i\u00e7erisindeki bakteri, mantar ve vir\u00fcslere kar\u015f\u0131 h\u0131zl\u0131 birbi\u00e7imde etki ederek, organik kirleri par\u00e7alar. Havuz pH\u2019s\u0131n\u0131 y\u00fckseltir.<\/li>\n\n\n\n<li>Yap\u0131s\u0131ndan dolay\u0131 stabilizat\u00f6r ve alkalinite de\u011ferlerine ba\u011fl\u0131 bir kullan\u0131m i\u00e7ermez.<\/li>\n<\/ul>\n\n\n\n<p>Fastchlor Avantajlar\u0131<\/p>\n\n\n\n<ul class=\"wp-block-list\">\n<li>Havuzun suyunda s\u0131v\u0131 dezenfektan olarak kullan\u0131m\u0131 daha kolayd\u0131r.<\/li>\n\n\n\n<li>Havuz parametresi olan siyan\u00fcrik asiti i\u00e7ermedi\u011finden bu de\u011fere etkisi bulunmaz.<\/li>\n\n\n\n<li>Havuz suyunda siyan\u00fcrik asit de\u011ferini y\u00fckseltmez.<\/li>\n<\/ul>\n\n\n\n<p>Fastchlor Kullan\u0131m Talimat\u0131<\/p>\n\n\n\n<ul class=\"wp-block-list\">\n<li>100 m\u00b3 havuz suyuna 1 ppm serbest klor seviyesine ula\u015fmak i\u00e7in 1200-1500 gr(1.2-1.5 lt) kullan\u0131lmal\u0131d\u0131r.<\/li>\n\n\n\n<li>Bulan\u0131k sularda 100 m\u00b3 havuz suyuna 1 ppm serbest klor seviyesine ula\u015fmak i\u00e7in 3600-4500 gr kullan\u0131lmal\u0131d\u0131r.<\/li>\n\n\n\n<li>Yosun tutmu\u015f havuzlarda 100 m\u00b3 havuz suyuna 1 ppm serbest klor seviyesine ula\u015fmak i\u00e7in 5000 gr Fastchlor ve Gema\u015f Algex \u00fcr\u00fcn\u00fcnden 2.5 lt kullan\u0131lmal\u0131d\u0131r.<\/li>\n\n\n\n<li>\u015eok klorlama i\u015flemi, tercihen ak\u015fam vakti yap\u0131lmal\u0131 ve serbest klor seviyesi 3 ppm\u2019in alt\u0131na d\u00fc\u015fene kadar havuz kullan\u0131lmamal\u0131d\u0131r.<\/li>\n\n\n\n<li>\u0130deal havuz suyunda serbest Cl miktar\u0131 1-3 ppm\u2019dir.<\/li>\n\n\n\n<li>Dezenfeksiyon i\u015fleminde pH 7.2-7.6 aras\u0131nda olmal\u0131d\u0131r.<\/li>\n\n\n\n<li>pH y\u00fcksek oldu\u011funda klorun bakteri m\u00fccadelesi zay\u0131flar.<\/li>\n\n\n\n<li>Organizma olu\u015fumunu engellemek i\u00e7in her g\u00fcn havuz suyuna tatbik edilmelidir.<\/li>\n<\/ul>\n\n\n\n<p>G\u00fcvenli Kullan\u0131m ve Stoklama Bilgileri<\/p>\n\n\n\n<ul class=\"wp-block-list\">\n<li><strong>Teneff\u00fcs Edilirse :&nbsp;<\/strong>Hastay\u0131 a\u00e7\u0131k havaya \u00e7\u0131kar\u0131n. Solunumu ve kalp at\u0131\u015flar\u0131n\u0131 kontrol edin. Nefesalm\u0131yorsa suni teneff\u00fcs yapt\u0131r\u0131n. G\u00fc\u00e7l\u00fckle soluyorsa oksijen verin. Derhal doktor \u00e7a\u011f\u0131r\u0131n.<\/li>\n\n\n\n<li><strong>Cilde Temas :&nbsp;<\/strong>M\u00fcmk\u00fcn olduk\u00e7a \u00e7abuk kirlenen alan\u0131 \u0131l\u0131k ve nazik akan suyla en az 15 dakikay\u0131kay\u0131n. Kirlenen elbise ve ayakkab\u0131lar\u0131 akan su alt\u0131nda \u00e7\u0131kar\u0131n. Doktor \u00e7a\u011f\u0131r\u0131n.<\/li>\n\n\n\n<li><strong>G\u00f6zle Temas :&nbsp;<\/strong>Derhal kirlenen g\u00f6z\u00fc g\u00f6z kapa\u011f\u0131n\u0131 a\u00e7\u0131k tutarak, \u0131l\u0131k ve nazik akan suyla en az 20 dakika y\u0131kay\u0131n. Temiz g\u00f6ze kirli sular\u0131n gelmemesine dikkat edin. Doktor \u00e7a\u011f\u0131r\u0131n<\/li>\n\n\n\n<li><strong>Yutulursa :&nbsp;<\/strong>Kusturmay\u0131n. Bilin\u00e7 yerinde de\u011filse a\u011f\u0131zdan hi\u00e7bir \u015fey vermeyin. Solunumu vekalp at\u0131\u015flar\u0131n\u0131 kontrol edin. Nefes alm\u0131yorsa e\u011fitilmi\u015f personel taraf\u0131ndan suni teneff\u00fcs yapt\u0131r\u0131lmal\u0131d\u0131r. Kalp at\u0131\u015flar\u0131 yoksa kalp masaj\u0131 yap\u0131n. Bilinci yerindeyse derhal bir fincan (250-300 ml) su i\u00e7irin. Her 10 dakikada 1 fincan su i\u00e7irin. Kendili\u011finden kusarsa a\u011fz\u0131 y\u0131kay\u0131n ve su vermeye devam edin. Hemen doktor \u00e7a\u011f\u0131r\u0131n.<\/li>\n\n\n\n<li>Yaln\u0131zca orijinal ambalaj\u0131nda, serin yerde muhafaza ediniz. S\u0131cakl\u0131k 30\u00ba C \u00fcst\u00fcnde olmamal\u0131d\u0131r.<\/li>\n\n\n\n<li>Yan\u0131c\u0131 malzemeden uzak tutulmal\u0131d\u0131r.<\/li>\n<\/ul>\n\n\n\n<p>Analiz Sonu\u00e7lar\u0131<\/p>\n\n\n\n<ul class=\"wp-block-list\">\n<li>G\u00f6r\u00fcn\u00fc\u015f : Ye\u015filimsi sar\u0131 s\u0131v\u0131<br>Yo\u011funluk:1.0-1.3<br>pH(direk):&gt; 12<\/li>\n<\/ul>\n\n\n\n<p>Yukar\u0131daki bilgi tipik \u00fcretim esnas\u0131nda al\u0131nm\u0131\u015f bir bilgidir ve spesifikasyon olarak kullan\u0131lmamal\u0131d\u0131r.<\/p>\n","protected":false},"excerpt":{"rendered":"<p>Havuz Kloru ( Sodyum Hipoklorit, % 12 Klor \u0130\u00e7eri\u011fi-S\u0131v\u0131) : Havuz suyunda bakteri, mantar ve vir\u00fcslere kar\u015f\u0131 h\u0131zl\u0131 bir bi\u00e7imde etki ederek, organik kirleri par\u00e7alar. Fastchlor \u00d6zellikleri Fastchlor Avantajlar\u0131 Fastchlor Kullan\u0131m Talimat\u0131 G\u00fcvenli Kullan\u0131m ve Stoklama Bilgileri Analiz Sonu\u00e7lar\u0131 Yukar\u0131daki bilgi tipik \u00fcretim esnas\u0131nda al\u0131nm\u0131\u015f bir bilgidir ve spesifikasyon olarak kullan\u0131lmamal\u0131d\u0131r.<\/p>\n","protected":false},"author":1,"featured_media":0,"parent":21,"menu_order":0,"comment_status":"closed","ping_status":"closed","template":"","meta":{"footnotes":""},"class_list":["post-26","page","type-page","status-publish","hentry"],"yoast_head":"<!-- This site is optimized with the Yoast SEO plugin v26.5 - https:\/\/yoast.com\/wordpress\/plugins\/seo\/ -->\n<title>Havuz Kloru - Kores Havuz<\/title>\n<meta name=\"robots\" content=\"index, follow, max-snippet:-1, max-image-preview:large, max-video-preview:-1\" \/>\n<link rel=\"canonical\" href=\"https:\/\/www.kores.com.tr\/index.php\/havuz-kimyasallari\/havuz-kloru-sodyum-hipoklorit-12-klor-icerigi-sivi\/\" \/>\n<meta property=\"og:locale\" content=\"tr_TR\" \/>\n<meta property=\"og:type\" content=\"article\" \/>\n<meta property=\"og:title\" content=\"Havuz Kloru - Kores Havuz\" \/>\n<meta property=\"og:description\" content=\"Havuz Kloru ( Sodyum Hipoklorit, % 12 Klor \u0130\u00e7eri\u011fi-S\u0131v\u0131) : Havuz suyunda bakteri, mantar ve vir\u00fcslere kar\u015f\u0131 h\u0131zl\u0131 bir bi\u00e7imde etki ederek, organik kirleri par\u00e7alar. Fastchlor \u00d6zellikleri Fastchlor Avantajlar\u0131 Fastchlor Kullan\u0131m Talimat\u0131 G\u00fcvenli Kullan\u0131m ve Stoklama Bilgileri Analiz Sonu\u00e7lar\u0131 Yukar\u0131daki bilgi tipik \u00fcretim esnas\u0131nda al\u0131nm\u0131\u015f bir bilgidir ve spesifikasyon olarak kullan\u0131lmamal\u0131d\u0131r.\" \/>\n<meta property=\"og:url\" content=\"https:\/\/www.kores.com.tr\/index.php\/havuz-kimyasallari\/havuz-kloru-sodyum-hipoklorit-12-klor-icerigi-sivi\/\" \/>\n<meta property=\"og:site_name\" content=\"Kores Havuz\" \/>\n<meta property=\"article:publisher\" content=\"https:\/\/tr-tr.facebook.com\/people\/Kores-Havuz\/pfbid02V4Wf3Fhjbi7bvm9yUFTVQh6veWr6pRnADC4xbBdVextDvq4WtZhNpwUHJdUZ8X5al\/\" \/>\n<meta property=\"article:modified_time\" content=\"2023-04-02T11:28:53+00:00\" \/>\n<meta property=\"og:image\" content=\"http:\/\/kores.com.tr\/wp-content\/uploads\/2023\/04\/image.png\" \/>\n<meta name=\"twitter:card\" content=\"summary_large_image\" \/>\n<meta name=\"twitter:label1\" content=\"Tahmini okuma s\u00fcresi\" \/>\n\t<meta name=\"twitter:data1\" content=\"3 dakika\" \/>\n<script type=\"application\/ld+json\" class=\"yoast-schema-graph\">{\"@context\":\"https:\/\/schema.org\",\"@graph\":[{\"@type\":\"WebPage\",\"@id\":\"https:\/\/www.kores.com.tr\/index.php\/havuz-kimyasallari\/havuz-kloru-sodyum-hipoklorit-12-klor-icerigi-sivi\/\",\"url\":\"https:\/\/www.kores.com.tr\/index.php\/havuz-kimyasallari\/havuz-kloru-sodyum-hipoklorit-12-klor-icerigi-sivi\/\",\"name\":\"Havuz Kloru - Kores Havuz\",\"isPartOf\":{\"@id\":\"https:\/\/www.kores.com.tr\/#website\"},\"primaryImageOfPage\":{\"@id\":\"https:\/\/www.kores.com.tr\/index.php\/havuz-kimyasallari\/havuz-kloru-sodyum-hipoklorit-12-klor-icerigi-sivi\/#primaryimage\"},\"image\":{\"@id\":\"https:\/\/www.kores.com.tr\/index.php\/havuz-kimyasallari\/havuz-kloru-sodyum-hipoklorit-12-klor-icerigi-sivi\/#primaryimage\"},\"thumbnailUrl\":\"http:\/\/kores.com.tr\/wp-content\/uploads\/2023\/04\/image.png\",\"datePublished\":\"2023-04-02T11:18:23+00:00\",\"dateModified\":\"2023-04-02T11:28:53+00:00\",\"breadcrumb\":{\"@id\":\"https:\/\/www.kores.com.tr\/index.php\/havuz-kimyasallari\/havuz-kloru-sodyum-hipoklorit-12-klor-icerigi-sivi\/#breadcrumb\"},\"inLanguage\":\"tr\",\"potentialAction\":[{\"@type\":\"ReadAction\",\"target\":[\"https:\/\/www.kores.com.tr\/index.php\/havuz-kimyasallari\/havuz-kloru-sodyum-hipoklorit-12-klor-icerigi-sivi\/\"]}]},{\"@type\":\"ImageObject\",\"inLanguage\":\"tr\",\"@id\":\"https:\/\/www.kores.com.tr\/index.php\/havuz-kimyasallari\/havuz-kloru-sodyum-hipoklorit-12-klor-icerigi-sivi\/#primaryimage\",\"url\":\"http:\/\/kores.com.tr\/wp-content\/uploads\/2023\/04\/image.png\",\"contentUrl\":\"http:\/\/kores.com.tr\/wp-content\/uploads\/2023\/04\/image.png\"},{\"@type\":\"BreadcrumbList\",\"@id\":\"https:\/\/www.kores.com.tr\/index.php\/havuz-kimyasallari\/havuz-kloru-sodyum-hipoklorit-12-klor-icerigi-sivi\/#breadcrumb\",\"itemListElement\":[{\"@type\":\"ListItem\",\"position\":1,\"name\":\"Anasayfa\",\"item\":\"https:\/\/www.kores.com.tr\/\"},{\"@type\":\"ListItem\",\"position\":2,\"name\":\"Havuz Kimyasallar\u0131\",\"item\":\"https:\/\/www.kores.com.tr\/index.php\/havuz-kimyasallari\/\"},{\"@type\":\"ListItem\",\"position\":3,\"name\":\"Havuz Kloru\"}]},{\"@type\":\"WebSite\",\"@id\":\"https:\/\/www.kores.com.tr\/#website\",\"url\":\"https:\/\/www.kores.com.tr\/\",\"name\":\"KORES HAVUZ\",\"description\":\"Ku\u015fadas\u0131'nda Havuz Denince \u0130lk Akla Gelen... 0256 612 88 37\",\"publisher\":{\"@id\":\"https:\/\/www.kores.com.tr\/#organization\"},\"potentialAction\":[{\"@type\":\"SearchAction\",\"target\":{\"@type\":\"EntryPoint\",\"urlTemplate\":\"https:\/\/www.kores.com.tr\/?s={search_term_string}\"},\"query-input\":{\"@type\":\"PropertyValueSpecification\",\"valueRequired\":true,\"valueName\":\"search_term_string\"}}],\"inLanguage\":\"tr\"},{\"@type\":\"Organization\",\"@id\":\"https:\/\/www.kores.com.tr\/#organization\",\"name\":\"KORES HAVUZ\",\"url\":\"https:\/\/www.kores.com.tr\/\",\"logo\":{\"@type\":\"ImageObject\",\"inLanguage\":\"tr\",\"@id\":\"https:\/\/www.kores.com.tr\/#\/schema\/logo\/image\/\",\"url\":\"http:\/\/kores.com.tr\/wp-content\/uploads\/2023\/06\/LOGO.jpeg\",\"contentUrl\":\"http:\/\/kores.com.tr\/wp-content\/uploads\/2023\/06\/LOGO.jpeg\",\"width\":1084,\"height\":429,\"caption\":\"KORES HAVUZ\"},\"image\":{\"@id\":\"https:\/\/www.kores.com.tr\/#\/schema\/logo\/image\/\"},\"sameAs\":[\"https:\/\/tr-tr.facebook.com\/people\/Kores-Havuz\/pfbid02V4Wf3Fhjbi7bvm9yUFTVQh6veWr6pRnADC4xbBdVextDvq4WtZhNpwUHJdUZ8X5al\/\",\"https:\/\/www.instagram.com\/koreshavuz\/\"]}]}<\/script>\n<!-- \/ Yoast SEO plugin. -->","yoast_head_json":{"title":"Havuz Kloru - Kores Havuz","robots":{"index":"index","follow":"follow","max-snippet":"max-snippet:-1","max-image-preview":"max-image-preview:large","max-video-preview":"max-video-preview:-1"},"canonical":"https:\/\/www.kores.com.tr\/index.php\/havuz-kimyasallari\/havuz-kloru-sodyum-hipoklorit-12-klor-icerigi-sivi\/","og_locale":"tr_TR","og_type":"article","og_title":"Havuz Kloru - Kores Havuz","og_description":"Havuz Kloru ( Sodyum Hipoklorit, % 12 Klor \u0130\u00e7eri\u011fi-S\u0131v\u0131) : Havuz suyunda bakteri, mantar ve vir\u00fcslere kar\u015f\u0131 h\u0131zl\u0131 bir bi\u00e7imde etki ederek, organik kirleri par\u00e7alar. Fastchlor \u00d6zellikleri Fastchlor Avantajlar\u0131 Fastchlor Kullan\u0131m Talimat\u0131 G\u00fcvenli Kullan\u0131m ve Stoklama Bilgileri Analiz Sonu\u00e7lar\u0131 Yukar\u0131daki bilgi tipik \u00fcretim esnas\u0131nda al\u0131nm\u0131\u015f bir bilgidir ve spesifikasyon olarak kullan\u0131lmamal\u0131d\u0131r.","og_url":"https:\/\/www.kores.com.tr\/index.php\/havuz-kimyasallari\/havuz-kloru-sodyum-hipoklorit-12-klor-icerigi-sivi\/","og_site_name":"Kores Havuz","article_publisher":"https:\/\/tr-tr.facebook.com\/people\/Kores-Havuz\/pfbid02V4Wf3Fhjbi7bvm9yUFTVQh6veWr6pRnADC4xbBdVextDvq4WtZhNpwUHJdUZ8X5al\/","article_modified_time":"2023-04-02T11:28:53+00:00","og_image":[{"url":"http:\/\/kores.com.tr\/wp-content\/uploads\/2023\/04\/image.png","type":"","width":"","height":""}],"twitter_card":"summary_large_image","twitter_misc":{"Tahmini okuma s\u00fcresi":"3 dakika"},"schema":{"@context":"https:\/\/schema.org","@graph":[{"@type":"WebPage","@id":"https:\/\/www.kores.com.tr\/index.php\/havuz-kimyasallari\/havuz-kloru-sodyum-hipoklorit-12-klor-icerigi-sivi\/","url":"https:\/\/www.kores.com.tr\/index.php\/havuz-kimyasallari\/havuz-kloru-sodyum-hipoklorit-12-klor-icerigi-sivi\/","name":"Havuz Kloru - Kores Havuz","isPartOf":{"@id":"https:\/\/www.kores.com.tr\/#website"},"primaryImageOfPage":{"@id":"https:\/\/www.kores.com.tr\/index.php\/havuz-kimyasallari\/havuz-kloru-sodyum-hipoklorit-12-klor-icerigi-sivi\/#primaryimage"},"image":{"@id":"https:\/\/www.kores.com.tr\/index.php\/havuz-kimyasallari\/havuz-kloru-sodyum-hipoklorit-12-klor-icerigi-sivi\/#primaryimage"},"thumbnailUrl":"http:\/\/kores.com.tr\/wp-content\/uploads\/2023\/04\/image.png","datePublished":"2023-04-02T11:18:23+00:00","dateModified":"2023-04-02T11:28:53+00:00","breadcrumb":{"@id":"https:\/\/www.kores.com.tr\/index.php\/havuz-kimyasallari\/havuz-kloru-sodyum-hipoklorit-12-klor-icerigi-sivi\/#breadcrumb"},"inLanguage":"tr","potentialAction":[{"@type":"ReadAction","target":["https:\/\/www.kores.com.tr\/index.php\/havuz-kimyasallari\/havuz-kloru-sodyum-hipoklorit-12-klor-icerigi-sivi\/"]}]},{"@type":"ImageObject","inLanguage":"tr","@id":"https:\/\/www.kores.com.tr\/index.php\/havuz-kimyasallari\/havuz-kloru-sodyum-hipoklorit-12-klor-icerigi-sivi\/#primaryimage","url":"http:\/\/kores.com.tr\/wp-content\/uploads\/2023\/04\/image.png","contentUrl":"http:\/\/kores.com.tr\/wp-content\/uploads\/2023\/04\/image.png"},{"@type":"BreadcrumbList","@id":"https:\/\/www.kores.com.tr\/index.php\/havuz-kimyasallari\/havuz-kloru-sodyum-hipoklorit-12-klor-icerigi-sivi\/#breadcrumb","itemListElement":[{"@type":"ListItem","position":1,"name":"Anasayfa","item":"https:\/\/www.kores.com.tr\/"},{"@type":"ListItem","position":2,"name":"Havuz Kimyasallar\u0131","item":"https:\/\/www.kores.com.tr\/index.php\/havuz-kimyasallari\/"},{"@type":"ListItem","position":3,"name":"Havuz Kloru"}]},{"@type":"WebSite","@id":"https:\/\/www.kores.com.tr\/#website","url":"https:\/\/www.kores.com.tr\/","name":"KORES HAVUZ","description":"Ku\u015fadas\u0131'nda Havuz Denince \u0130lk Akla Gelen... 0256 612 88 37","publisher":{"@id":"https:\/\/www.kores.com.tr\/#organization"},"potentialAction":[{"@type":"SearchAction","target":{"@type":"EntryPoint","urlTemplate":"https:\/\/www.kores.com.tr\/?s={search_term_string}"},"query-input":{"@type":"PropertyValueSpecification","valueRequired":true,"valueName":"search_term_string"}}],"inLanguage":"tr"},{"@type":"Organization","@id":"https:\/\/www.kores.com.tr\/#organization","name":"KORES HAVUZ","url":"https:\/\/www.kores.com.tr\/","logo":{"@type":"ImageObject","inLanguage":"tr","@id":"https:\/\/www.kores.com.tr\/#\/schema\/logo\/image\/","url":"http:\/\/kores.com.tr\/wp-content\/uploads\/2023\/06\/LOGO.jpeg","contentUrl":"http:\/\/kores.com.tr\/wp-content\/uploads\/2023\/06\/LOGO.jpeg","width":1084,"height":429,"caption":"KORES HAVUZ"},"image":{"@id":"https:\/\/www.kores.com.tr\/#\/schema\/logo\/image\/"},"sameAs":["https:\/\/tr-tr.facebook.com\/people\/Kores-Havuz\/pfbid02V4Wf3Fhjbi7bvm9yUFTVQh6veWr6pRnADC4xbBdVextDvq4WtZhNpwUHJdUZ8X5al\/","https:\/\/www.instagram.com\/koreshavuz\/"]}]}},"_links":{"self":[{"href":"https:\/\/www.kores.com.tr\/index.php\/wp-json\/wp\/v2\/pages\/26","targetHints":{"allow":["GET"]}}],"collection":[{"href":"https:\/\/www.kores.com.tr\/index.php\/wp-json\/wp\/v2\/pages"}],"about":[{"href":"https:\/\/www.kores.com.tr\/index.php\/wp-json\/wp\/v2\/types\/page"}],"author":[{"embeddable":true,"href":"https:\/\/www.kores.com.tr\/index.php\/wp-json\/wp\/v2\/users\/1"}],"replies":[{"embeddable":true,"href":"https:\/\/www.kores.com.tr\/index.php\/wp-json\/wp\/v2\/comments?post=26"}],"version-history":[{"count":2,"href":"https:\/\/www.kores.com.tr\/index.php\/wp-json\/wp\/v2\/pages\/26\/revisions"}],"predecessor-version":[{"id":42,"href":"https:\/\/www.kores.com.tr\/index.php\/wp-json\/wp\/v2\/pages\/26\/revisions\/42"}],"up":[{"embeddable":true,"href":"https:\/\/www.kores.com.tr\/index.php\/wp-json\/wp\/v2\/pages\/21"}],"wp:attachment":[{"href":"https:\/\/www.kores.com.tr\/index.php\/wp-json\/wp\/v2\/media?parent=26"}],"curies":[{"name":"wp","href":"https:\/\/api.w.org\/{rel}","templated":true}]}}