{"id":52,"date":"2023-04-02T11:52:56","date_gmt":"2023-04-02T11:52:56","guid":{"rendered":"http:\/\/kores.com.tr\/?page_id=52"},"modified":"2023-04-02T11:52:56","modified_gmt":"2023-04-02T11:52:56","slug":"toz-klor-90","status":"publish","type":"page","link":"https:\/\/www.kores.com.tr\/index.php\/toz-klor-90\/","title":{"rendered":"Toz Klor \/ % 90"},"content":{"rendered":"\n<p><\/p>\n\n\n<div class=\"wp-block-image\">\n<figure class=\"aligncenter size-full is-resized\"><img loading=\"lazy\" decoding=\"async\" src=\"http:\/\/kores.com.tr\/wp-content\/uploads\/2023\/04\/image-3.png\" alt=\"\" class=\"wp-image-53\" width=\"363\" height=\"272\" srcset=\"https:\/\/www.kores.com.tr\/wp-content\/uploads\/2023\/04\/image-3.png 1024w, https:\/\/www.kores.com.tr\/wp-content\/uploads\/2023\/04\/image-3-300x225.png 300w, https:\/\/www.kores.com.tr\/wp-content\/uploads\/2023\/04\/image-3-768x576.png 768w\" sizes=\"auto, (max-width: 363px) 100vw, 363px\" \/><\/figure>\n<\/div>\n\n\n<p>Havuz suyunda bakteri, mantar ve vir\u00fcslere kar\u015f\u0131 yava\u015f \u00e7\u00f6z\u00fcnerek etki eden, organik kirleri par\u00e7alayan dezenfektan.<\/p>\n\n\n\n<p>Fastchlor 100 \u00d6zellikleri<\/p>\n\n\n\n<ul class=\"wp-block-list\">\n<li>Yava\u015f \u00e7\u00f6z\u00fcnen, s\u00fcrekli ve \u015fok dezenfeksiyon i\u00e7in stabilizat\u00f6rl\u00fc, organik esasl\u0131 gran\u00fcl klor bile\u015fi\u011fidir.<\/li>\n\n\n\n<li>Trikloroizosiyan\u00fcrik asitin safl\u0131k oran\u0131 (%99) olup, (%90) aktif klor i\u00e7erir.<\/li>\n\n\n\n<li>Stabilizat\u00f6r i\u00e7erdi\u011fi i\u00e7in UV \u0131\u015f\u0131nlar\u0131 etkisi ile aktivite kayb\u0131 olmaz.<\/li>\n\n\n\n<li>Havuz suyunun dezenfeksiyonunda etkilidir, bakteri olu\u015fumunu engeller.<\/li>\n\n\n\n<li>Organik kirlilikleri okside ederek yosun olu\u015fumunu \u00f6nler.<\/li>\n\n\n\n<li>Havuzda hedef organizma; Escherichia Coli(kolibasi), Hepatit vir\u00fcs\u00fc vb. mikroorganizmalard\u0131r.<\/li>\n<\/ul>\n\n\n\n<p>Fastchlor 100 Avantajlar\u0131<\/p>\n\n\n\n<ul class=\"wp-block-list\">\n<li>Kire\u00e7 ihtiva etmedi\u011finden havuz y\u00fczeylerinde kire\u00e7 olu\u015fumuna ve bulan\u0131kl\u0131\u011fa ve filtrelerde t\u0131kanmaya neden olmaz.<\/li>\n\n\n\n<li>Havuz dibinde olu\u015fan yosunlar\u0131 yok etmede etkilidir.<\/li>\n\n\n\n<li>Stabilizat\u00f6r i\u00e7erdi\u011finden serbest klorun g\u00fcne\u015f \u0131\u015f\u0131nlar\u0131 ile k\u0131sa zamanda bozunarak yok olmas\u0131n\u0131 \u00f6nler.<\/li>\n\n\n\n<li>Suyun pH de\u011ferini y\u00fckseltmez bu nedenle s\u0131k s\u0131k pH ayarlamas\u0131 gerektirmez.<\/li>\n\n\n\n<li>Suda \u00e7ok h\u0131zl\u0131 \u00e7\u00f6z\u00fcnerek aktif hale ge\u00e7er. Bu nedenle \u015fok klorlama i\u00e7in uygundur.<\/li>\n<\/ul>\n\n\n\n<p>Fastchlor 100 Kullan\u0131m Talimat\u0131<\/p>\n\n\n\n<ul class=\"wp-block-list\">\n<li>Umuma a\u00e7\u0131k havuzlarda ve Ev havuzlar\u0131nda g\u00fcnl\u00fck doz:\n<ul class=\"wp-block-list\">\n<li>Ba\u015flang\u0131\u00e7 dozu ve m\u00fcteakip haftal\u0131k doz: 100 m\u00b3 havuz suyunda 0.35 kg \/ g\u00fcn Fastchlor 100 kullan\u0131l\u0131r.<\/li>\n<\/ul>\n<\/li>\n\n\n\n<li>Plastik veya boyal\u0131 havuzlarda renk solmas\u0131n\u0131 \u00f6nlemek i\u00e7in Fastchlor 100 \u00fcr\u00fcn\u00fcn\u00fc uygulamadan \u00f6nce plastik bir kova i\u00e7inde eritin. Fastchlor 100, havuzun su giri\u015f noktalar\u0131ndan veya muhtelif noktalardan suya kat\u0131l\u0131rsa daha iyi erir. En iyi sonu\u00e7 ak\u015fam\u00fcst\u00fc havuzun kullan\u0131m\u0131ndan sonra yap\u0131lan uygulamalarda al\u0131n\u0131r.<\/li>\n\n\n\n<li>Havuzun yo\u011fun kullan\u0131m\u0131, sa\u011fanak ya\u011f\u0131\u015f, y\u00fcksek s\u0131cakl\u0131k veya havuz y\u00fczeylerinin kayganla\u015fmas\u0131 halinde dozaj s\u0131kl\u0131\u011f\u0131n\u0131 artt\u0131r\u0131n.<\/li>\n\n\n\n<li>Test kitiyle yap\u0131lan \u00f6l\u00e7\u00fcmlerde klor seviyesi 1-3 mg\/lt aras\u0131nda olmal\u0131d\u0131r.<\/li>\n\n\n\n<li>Klor seviyesi g\u00fcnde en az iki kez \u00f6l\u00e7\u00fcl\u00fcr ve gerekti\u011finde ilave dozaj yap\u0131l\u0131r.<\/li>\n\n\n\n<li>Dezenfeksiyon i\u015fleminde pH 7.2-7.6 aras\u0131nda olmal\u0131d\u0131r.<\/li>\n<\/ul>\n\n\n\n<p>G\u00fcvenli Kullan\u0131m ve Stoklama Bilgileri<\/p>\n\n\n\n<ul class=\"wp-block-list\">\n<li>Parlay\u0131c\u0131 malzeme ile temas yang\u0131na neden olabilir.<\/li>\n\n\n\n<li>Yutuldu\u011fu taktirde zararl\u0131d\u0131r.<\/li>\n\n\n\n<li>Asit ile temas\u0131nda zehirli gaz \u00e7\u0131k\u0131\u015f\u0131 olur.<\/li>\n\n\n\n<li>G\u00f6zleri ve solunum yollar\u0131n\u0131 tahri\u015f eder.<\/li>\n\n\n\n<li>Kilit alt\u0131nda \u00e7ocuklar\u0131n ula\u015famayaca\u011f\u0131 bir \u015fekilde muhafaza edilmelidir.<\/li>\n<\/ul>\n\n\n\n<p>Analiz Sonu\u00e7lar\u0131<\/p>\n\n\n\n<ul class=\"wp-block-list\">\n<li>G\u00f6r\u00fcn\u00fc\u015f : Beyaz gran\u00fcl<br>Aktif Klor : % 88-92<br>pH(% 1) : 2.7-3.3<\/li>\n<\/ul>\n\n\n\n<p>Yukar\u0131daki bilgi tipik \u00fcretim esnas\u0131nda al\u0131nm\u0131\u015f bir bilgidir ve spesifikasyon olarak kullan\u0131lmamal\u0131d\u0131r<\/p>\n","protected":false},"excerpt":{"rendered":"<p>Havuz suyunda bakteri, mantar ve vir\u00fcslere kar\u015f\u0131 yava\u015f \u00e7\u00f6z\u00fcnerek etki eden, organik kirleri par\u00e7alayan dezenfektan. Fastchlor 100 \u00d6zellikleri Fastchlor 100 Avantajlar\u0131 Fastchlor 100 Kullan\u0131m Talimat\u0131 G\u00fcvenli Kullan\u0131m ve Stoklama Bilgileri Analiz Sonu\u00e7lar\u0131 Yukar\u0131daki bilgi tipik \u00fcretim esnas\u0131nda al\u0131nm\u0131\u015f bir bilgidir ve spesifikasyon olarak kullan\u0131lmamal\u0131d\u0131r<\/p>\n","protected":false},"author":1,"featured_media":0,"parent":0,"menu_order":0,"comment_status":"closed","ping_status":"closed","template":"","meta":{"footnotes":""},"class_list":["post-52","page","type-page","status-publish","hentry"],"yoast_head":"<!-- This site is optimized with the Yoast SEO plugin v26.5 - https:\/\/yoast.com\/wordpress\/plugins\/seo\/ -->\n<title>Toz Klor \/ % 90 - Kores Havuz<\/title>\n<meta name=\"robots\" content=\"index, follow, max-snippet:-1, max-image-preview:large, max-video-preview:-1\" \/>\n<link rel=\"canonical\" href=\"https:\/\/www.kores.com.tr\/index.php\/toz-klor-90\/\" \/>\n<meta property=\"og:locale\" content=\"tr_TR\" \/>\n<meta property=\"og:type\" content=\"article\" \/>\n<meta property=\"og:title\" content=\"Toz Klor \/ % 90 - Kores Havuz\" \/>\n<meta property=\"og:description\" content=\"Havuz suyunda bakteri, mantar ve vir\u00fcslere kar\u015f\u0131 yava\u015f \u00e7\u00f6z\u00fcnerek etki eden, organik kirleri par\u00e7alayan dezenfektan. Fastchlor 100 \u00d6zellikleri Fastchlor 100 Avantajlar\u0131 Fastchlor 100 Kullan\u0131m Talimat\u0131 G\u00fcvenli Kullan\u0131m ve Stoklama Bilgileri Analiz Sonu\u00e7lar\u0131 Yukar\u0131daki bilgi tipik \u00fcretim esnas\u0131nda al\u0131nm\u0131\u015f bir bilgidir ve spesifikasyon olarak kullan\u0131lmamal\u0131d\u0131r\" \/>\n<meta property=\"og:url\" content=\"https:\/\/www.kores.com.tr\/index.php\/toz-klor-90\/\" \/>\n<meta property=\"og:site_name\" content=\"Kores Havuz\" \/>\n<meta property=\"article:publisher\" content=\"https:\/\/tr-tr.facebook.com\/people\/Kores-Havuz\/pfbid02V4Wf3Fhjbi7bvm9yUFTVQh6veWr6pRnADC4xbBdVextDvq4WtZhNpwUHJdUZ8X5al\/\" \/>\n<meta property=\"og:image\" content=\"http:\/\/kores.com.tr\/wp-content\/uploads\/2023\/04\/image-3.png\" \/>\n<meta name=\"twitter:card\" content=\"summary_large_image\" \/>\n<meta name=\"twitter:label1\" content=\"Tahmini okuma s\u00fcresi\" \/>\n\t<meta name=\"twitter:data1\" content=\"2 dakika\" \/>\n<script type=\"application\/ld+json\" class=\"yoast-schema-graph\">{\"@context\":\"https:\/\/schema.org\",\"@graph\":[{\"@type\":\"WebPage\",\"@id\":\"https:\/\/www.kores.com.tr\/index.php\/toz-klor-90\/\",\"url\":\"https:\/\/www.kores.com.tr\/index.php\/toz-klor-90\/\",\"name\":\"Toz Klor \/ % 90 - Kores Havuz\",\"isPartOf\":{\"@id\":\"https:\/\/www.kores.com.tr\/#website\"},\"primaryImageOfPage\":{\"@id\":\"https:\/\/www.kores.com.tr\/index.php\/toz-klor-90\/#primaryimage\"},\"image\":{\"@id\":\"https:\/\/www.kores.com.tr\/index.php\/toz-klor-90\/#primaryimage\"},\"thumbnailUrl\":\"http:\/\/kores.com.tr\/wp-content\/uploads\/2023\/04\/image-3.png\",\"datePublished\":\"2023-04-02T11:52:56+00:00\",\"breadcrumb\":{\"@id\":\"https:\/\/www.kores.com.tr\/index.php\/toz-klor-90\/#breadcrumb\"},\"inLanguage\":\"tr\",\"potentialAction\":[{\"@type\":\"ReadAction\",\"target\":[\"https:\/\/www.kores.com.tr\/index.php\/toz-klor-90\/\"]}]},{\"@type\":\"ImageObject\",\"inLanguage\":\"tr\",\"@id\":\"https:\/\/www.kores.com.tr\/index.php\/toz-klor-90\/#primaryimage\",\"url\":\"http:\/\/kores.com.tr\/wp-content\/uploads\/2023\/04\/image-3.png\",\"contentUrl\":\"http:\/\/kores.com.tr\/wp-content\/uploads\/2023\/04\/image-3.png\"},{\"@type\":\"BreadcrumbList\",\"@id\":\"https:\/\/www.kores.com.tr\/index.php\/toz-klor-90\/#breadcrumb\",\"itemListElement\":[{\"@type\":\"ListItem\",\"position\":1,\"name\":\"Anasayfa\",\"item\":\"https:\/\/www.kores.com.tr\/\"},{\"@type\":\"ListItem\",\"position\":2,\"name\":\"Toz Klor \/ % 90\"}]},{\"@type\":\"WebSite\",\"@id\":\"https:\/\/www.kores.com.tr\/#website\",\"url\":\"https:\/\/www.kores.com.tr\/\",\"name\":\"KORES HAVUZ\",\"description\":\"Ku\u015fadas\u0131'nda Havuz Denince \u0130lk Akla Gelen... 0256 612 88 37\",\"publisher\":{\"@id\":\"https:\/\/www.kores.com.tr\/#organization\"},\"potentialAction\":[{\"@type\":\"SearchAction\",\"target\":{\"@type\":\"EntryPoint\",\"urlTemplate\":\"https:\/\/www.kores.com.tr\/?s={search_term_string}\"},\"query-input\":{\"@type\":\"PropertyValueSpecification\",\"valueRequired\":true,\"valueName\":\"search_term_string\"}}],\"inLanguage\":\"tr\"},{\"@type\":\"Organization\",\"@id\":\"https:\/\/www.kores.com.tr\/#organization\",\"name\":\"KORES HAVUZ\",\"url\":\"https:\/\/www.kores.com.tr\/\",\"logo\":{\"@type\":\"ImageObject\",\"inLanguage\":\"tr\",\"@id\":\"https:\/\/www.kores.com.tr\/#\/schema\/logo\/image\/\",\"url\":\"http:\/\/kores.com.tr\/wp-content\/uploads\/2023\/06\/LOGO.jpeg\",\"contentUrl\":\"http:\/\/kores.com.tr\/wp-content\/uploads\/2023\/06\/LOGO.jpeg\",\"width\":1084,\"height\":429,\"caption\":\"KORES HAVUZ\"},\"image\":{\"@id\":\"https:\/\/www.kores.com.tr\/#\/schema\/logo\/image\/\"},\"sameAs\":[\"https:\/\/tr-tr.facebook.com\/people\/Kores-Havuz\/pfbid02V4Wf3Fhjbi7bvm9yUFTVQh6veWr6pRnADC4xbBdVextDvq4WtZhNpwUHJdUZ8X5al\/\",\"https:\/\/www.instagram.com\/koreshavuz\/\"]}]}<\/script>\n<!-- \/ Yoast SEO plugin. -->","yoast_head_json":{"title":"Toz Klor \/ % 90 - Kores Havuz","robots":{"index":"index","follow":"follow","max-snippet":"max-snippet:-1","max-image-preview":"max-image-preview:large","max-video-preview":"max-video-preview:-1"},"canonical":"https:\/\/www.kores.com.tr\/index.php\/toz-klor-90\/","og_locale":"tr_TR","og_type":"article","og_title":"Toz Klor \/ % 90 - Kores Havuz","og_description":"Havuz suyunda bakteri, mantar ve vir\u00fcslere kar\u015f\u0131 yava\u015f \u00e7\u00f6z\u00fcnerek etki eden, organik kirleri par\u00e7alayan dezenfektan. Fastchlor 100 \u00d6zellikleri Fastchlor 100 Avantajlar\u0131 Fastchlor 100 Kullan\u0131m Talimat\u0131 G\u00fcvenli Kullan\u0131m ve Stoklama Bilgileri Analiz Sonu\u00e7lar\u0131 Yukar\u0131daki bilgi tipik \u00fcretim esnas\u0131nda al\u0131nm\u0131\u015f bir bilgidir ve spesifikasyon olarak kullan\u0131lmamal\u0131d\u0131r","og_url":"https:\/\/www.kores.com.tr\/index.php\/toz-klor-90\/","og_site_name":"Kores Havuz","article_publisher":"https:\/\/tr-tr.facebook.com\/people\/Kores-Havuz\/pfbid02V4Wf3Fhjbi7bvm9yUFTVQh6veWr6pRnADC4xbBdVextDvq4WtZhNpwUHJdUZ8X5al\/","og_image":[{"url":"http:\/\/kores.com.tr\/wp-content\/uploads\/2023\/04\/image-3.png","type":"","width":"","height":""}],"twitter_card":"summary_large_image","twitter_misc":{"Tahmini okuma s\u00fcresi":"2 dakika"},"schema":{"@context":"https:\/\/schema.org","@graph":[{"@type":"WebPage","@id":"https:\/\/www.kores.com.tr\/index.php\/toz-klor-90\/","url":"https:\/\/www.kores.com.tr\/index.php\/toz-klor-90\/","name":"Toz Klor \/ % 90 - Kores Havuz","isPartOf":{"@id":"https:\/\/www.kores.com.tr\/#website"},"primaryImageOfPage":{"@id":"https:\/\/www.kores.com.tr\/index.php\/toz-klor-90\/#primaryimage"},"image":{"@id":"https:\/\/www.kores.com.tr\/index.php\/toz-klor-90\/#primaryimage"},"thumbnailUrl":"http:\/\/kores.com.tr\/wp-content\/uploads\/2023\/04\/image-3.png","datePublished":"2023-04-02T11:52:56+00:00","breadcrumb":{"@id":"https:\/\/www.kores.com.tr\/index.php\/toz-klor-90\/#breadcrumb"},"inLanguage":"tr","potentialAction":[{"@type":"ReadAction","target":["https:\/\/www.kores.com.tr\/index.php\/toz-klor-90\/"]}]},{"@type":"ImageObject","inLanguage":"tr","@id":"https:\/\/www.kores.com.tr\/index.php\/toz-klor-90\/#primaryimage","url":"http:\/\/kores.com.tr\/wp-content\/uploads\/2023\/04\/image-3.png","contentUrl":"http:\/\/kores.com.tr\/wp-content\/uploads\/2023\/04\/image-3.png"},{"@type":"BreadcrumbList","@id":"https:\/\/www.kores.com.tr\/index.php\/toz-klor-90\/#breadcrumb","itemListElement":[{"@type":"ListItem","position":1,"name":"Anasayfa","item":"https:\/\/www.kores.com.tr\/"},{"@type":"ListItem","position":2,"name":"Toz Klor \/ % 90"}]},{"@type":"WebSite","@id":"https:\/\/www.kores.com.tr\/#website","url":"https:\/\/www.kores.com.tr\/","name":"KORES HAVUZ","description":"Ku\u015fadas\u0131'nda Havuz Denince \u0130lk Akla Gelen... 0256 612 88 37","publisher":{"@id":"https:\/\/www.kores.com.tr\/#organization"},"potentialAction":[{"@type":"SearchAction","target":{"@type":"EntryPoint","urlTemplate":"https:\/\/www.kores.com.tr\/?s={search_term_string}"},"query-input":{"@type":"PropertyValueSpecification","valueRequired":true,"valueName":"search_term_string"}}],"inLanguage":"tr"},{"@type":"Organization","@id":"https:\/\/www.kores.com.tr\/#organization","name":"KORES HAVUZ","url":"https:\/\/www.kores.com.tr\/","logo":{"@type":"ImageObject","inLanguage":"tr","@id":"https:\/\/www.kores.com.tr\/#\/schema\/logo\/image\/","url":"http:\/\/kores.com.tr\/wp-content\/uploads\/2023\/06\/LOGO.jpeg","contentUrl":"http:\/\/kores.com.tr\/wp-content\/uploads\/2023\/06\/LOGO.jpeg","width":1084,"height":429,"caption":"KORES HAVUZ"},"image":{"@id":"https:\/\/www.kores.com.tr\/#\/schema\/logo\/image\/"},"sameAs":["https:\/\/tr-tr.facebook.com\/people\/Kores-Havuz\/pfbid02V4Wf3Fhjbi7bvm9yUFTVQh6veWr6pRnADC4xbBdVextDvq4WtZhNpwUHJdUZ8X5al\/","https:\/\/www.instagram.com\/koreshavuz\/"]}]}},"_links":{"self":[{"href":"https:\/\/www.kores.com.tr\/index.php\/wp-json\/wp\/v2\/pages\/52","targetHints":{"allow":["GET"]}}],"collection":[{"href":"https:\/\/www.kores.com.tr\/index.php\/wp-json\/wp\/v2\/pages"}],"about":[{"href":"https:\/\/www.kores.com.tr\/index.php\/wp-json\/wp\/v2\/types\/page"}],"author":[{"embeddable":true,"href":"https:\/\/www.kores.com.tr\/index.php\/wp-json\/wp\/v2\/users\/1"}],"replies":[{"embeddable":true,"href":"https:\/\/www.kores.com.tr\/index.php\/wp-json\/wp\/v2\/comments?post=52"}],"version-history":[{"count":1,"href":"https:\/\/www.kores.com.tr\/index.php\/wp-json\/wp\/v2\/pages\/52\/revisions"}],"predecessor-version":[{"id":54,"href":"https:\/\/www.kores.com.tr\/index.php\/wp-json\/wp\/v2\/pages\/52\/revisions\/54"}],"wp:attachment":[{"href":"https:\/\/www.kores.com.tr\/index.php\/wp-json\/wp\/v2\/media?parent=52"}],"curies":[{"name":"wp","href":"https:\/\/api.w.org\/{rel}","templated":true}]}}