{"id":55,"date":"2023-04-02T11:53:56","date_gmt":"2023-04-02T11:53:56","guid":{"rendered":"http:\/\/kores.com.tr\/?page_id=55"},"modified":"2023-04-02T11:53:56","modified_gmt":"2023-04-02T11:53:56","slug":"toz-klor-56","status":"publish","type":"page","link":"https:\/\/www.kores.com.tr\/index.php\/toz-klor-56\/","title":{"rendered":"Toz Klor \/ % 56"},"content":{"rendered":"<div class=\"wp-block-image\">\n<figure class=\"aligncenter size-full is-resized\"><img loading=\"lazy\" decoding=\"async\" src=\"http:\/\/kores.com.tr\/wp-content\/uploads\/2023\/04\/image-4.png\" alt=\"\" class=\"wp-image-56\" width=\"451\" height=\"338\" srcset=\"https:\/\/www.kores.com.tr\/wp-content\/uploads\/2023\/04\/image-4.png 1024w, https:\/\/www.kores.com.tr\/wp-content\/uploads\/2023\/04\/image-4-300x225.png 300w, https:\/\/www.kores.com.tr\/wp-content\/uploads\/2023\/04\/image-4-768x576.png 768w\" sizes=\"auto, (max-width: 451px) 100vw, 451px\" \/><\/figure>\n<\/div>\n\n\n<h3 class=\"wp-block-heading\">\u201cFASTCHLOR\u201d Stabilize Diklor Gran\u00fcl\u00fc, %56<\/h3>\n\n\n\n<p>Havuz suyunda bakteri, mantar ve vir\u00fcslere kar\u015f\u0131 h\u0131zl\u0131 bir bi\u00e7imde etki ederek, organik kirleri par\u00e7alayan dezenfektan..<\/p>\n\n\n\n<p>Fastchlor \u00d6zellikleri<\/p>\n\n\n\n<ul class=\"wp-block-list\">\n<li>H\u0131zl\u0131 \u00e7\u00f6z\u00fcnen, s\u00fcrekli ve \u015fok dezenfeksiyon i\u00e7in stabilizat\u00f6rl\u00fc, organik esasl\u0131 gran\u00fcl klor bile\u015fi\u011fidir.<\/li>\n\n\n\n<li>Sodyum dikloroizosiyan\u00fcrat dihidrat (%56) aktif klor i\u00e7erir.<\/li>\n\n\n\n<li>Havuz suyunun dezenfeksiyonunda etkilidir, bakteri olu\u015fumunu engeller.<\/li>\n\n\n\n<li>Organik kirlilikleri okside ederek yosun olu\u015fumunu \u00f6nler.<\/li>\n\n\n\n<li>Havuzda hedef organizma; Escherichia Coli(kolibasi), Hepatit vir\u00fcs\u00fc vb. mikroorganizmalard\u0131r.<\/li>\n<\/ul>\n\n\n\n<p>Fastchlor Avantajlar\u0131<\/p>\n\n\n\n<ul class=\"wp-block-list\">\n<li>Kire\u00e7 ihtiva etmedi\u011finden havuz y\u00fczeylerinde kire\u00e7 olu\u015fumuna ve bulan\u0131kl\u0131\u011fa ve filtrelerdet\u0131kanmaya neden olmaz.<\/li>\n\n\n\n<li>Stabilizat\u00f6r i\u00e7erdi\u011finden serbest klorun g\u00fcne\u015f \u0131\u015f\u0131nlar\u0131 ile k\u0131sa zamanda bozunarak yok olmas\u0131n\u0131 \u00f6nler.<\/li>\n\n\n\n<li>Suyun pH de\u011ferini y\u00fckseltmez bu nedenle s\u0131k s\u0131k pH ayarlamas\u0131 gerektirmez.<\/li>\n\n\n\n<li>Suda \u00e7ok h\u0131zl\u0131 \u00e7\u00f6z\u00fcnerek aktif hale ge\u00e7er. Bu nedenle \u015fok klorlama i\u00e7in uygundur.<\/li>\n<\/ul>\n\n\n\n<p>Fastchlor Kullan\u0131m Talimat\u0131<\/p>\n\n\n\n<ul class=\"wp-block-list\">\n<li>Umuma a\u00e7\u0131k havuzlarda ve Ev havuzlar\u0131nda g\u00fcnl\u00fck doz ba\u015flang\u0131\u00e7 dozu ve m\u00fcteakip haftal\u0131k doz:&nbsp;100 m\u00b3 havuz suyunda 0.5 kg Fastchlor kullan\u0131l\u0131r.<\/li>\n\n\n\n<li>Bulan\u0131k sularda:&nbsp;100 m\u00b3 havuz suyunda 2 kg Fastchlor kullan\u0131l\u0131r.<\/li>\n\n\n\n<li>Yosun tutmu\u015f havuzlarda:&nbsp;100 m\u00b3 havuz suyunda 2 kg Fastchlor ve 2.5 lt Algex kullan\u0131l\u0131r.<\/li>\n\n\n\n<li>\u015eok klorlamada:&nbsp;100 m\u00b3 havuz suyunda 0.6-1 kg Fastchlor kullan\u0131l\u0131r.<\/li>\n\n\n\n<li>\u015eok klorlama i\u015flemi, tercihen ak\u015fam vakti yap\u0131lmal\u0131 ve serbest klor seviyesi 3 ppm\u2019in alt\u0131na d\u00fc\u015fene kadar havuz kullan\u0131lmamal\u0131d\u0131r.Otomatik veya manuel \u015fekilde dozlanabilir. Fastchlor serpme \u015fekilde havuza ilave edilir.<\/li>\n\n\n\n<li>\u0130deal havuz suyunda serbest Cl miktar\u0131 1-3 ppm\u2019dir.<\/li>\n\n\n\n<li>Klor seviyesi g\u00fcnde en az iki kez \u00f6l\u00e7\u00fcl\u00fcr ve gerekti\u011finde ilave dozaj yap\u0131l\u0131r.<\/li>\n\n\n\n<li>Dezenfeksiyon i\u015fleminde pH 7.2-7.6 aras\u0131nda olmal\u0131d\u0131r.<\/li>\n<\/ul>\n\n\n\n<p>G\u00fcvenli Kullan\u0131m ve Stoklama Bilgileri<\/p>\n\n\n\n<ul class=\"wp-block-list\">\n<li>Yutuldu\u011fu taktirde zararl\u0131d\u0131r.<\/li>\n\n\n\n<li>Asit ile temas\u0131nda zehirli gaz \u00e7\u0131k\u0131\u015f\u0131 olur.<\/li>\n\n\n\n<li>G\u00f6zleri ve solunum yollar\u0131n\u0131 tahri\u015f eder.<\/li>\n\n\n\n<li>Kilit alt\u0131nda \u00e7ocuklar\u0131n ula\u015famayaca\u011f\u0131 bir \u015fekilde muhafaza edilmelidir.<\/li>\n<\/ul>\n\n\n\n<p>Analiz Sonu\u00e7lar\u0131<\/p>\n\n\n\n<ul class=\"wp-block-list\">\n<li>G\u00f6r\u00fcn\u00fc\u015f : Beyaz gran\u00fcl<br>Aktif Klor : % 56<br>pH(% 1) : 5.5-7.5<\/li>\n<\/ul>\n","protected":false},"excerpt":{"rendered":"<p>\u201cFASTCHLOR\u201d Stabilize Diklor Gran\u00fcl\u00fc, %56 Havuz suyunda bakteri, mantar ve vir\u00fcslere kar\u015f\u0131 h\u0131zl\u0131 bir bi\u00e7imde etki ederek, organik kirleri par\u00e7alayan dezenfektan.. Fastchlor \u00d6zellikleri Fastchlor Avantajlar\u0131 Fastchlor Kullan\u0131m Talimat\u0131 G\u00fcvenli Kullan\u0131m ve Stoklama Bilgileri Analiz Sonu\u00e7lar\u0131<\/p>\n","protected":false},"author":1,"featured_media":0,"parent":0,"menu_order":0,"comment_status":"closed","ping_status":"closed","template":"","meta":{"footnotes":""},"class_list":["post-55","page","type-page","status-publish","hentry"],"yoast_head":"<!-- This site is optimized with the Yoast SEO plugin v26.5 - https:\/\/yoast.com\/wordpress\/plugins\/seo\/ -->\n<title>Toz Klor \/ % 56 - Kores Havuz<\/title>\n<meta name=\"robots\" content=\"index, follow, max-snippet:-1, max-image-preview:large, max-video-preview:-1\" \/>\n<link rel=\"canonical\" href=\"https:\/\/www.kores.com.tr\/index.php\/toz-klor-56\/\" \/>\n<meta property=\"og:locale\" content=\"tr_TR\" \/>\n<meta property=\"og:type\" content=\"article\" \/>\n<meta property=\"og:title\" content=\"Toz Klor \/ % 56 - Kores Havuz\" \/>\n<meta property=\"og:description\" content=\"\u201cFASTCHLOR\u201d Stabilize Diklor Gran\u00fcl\u00fc, %56 Havuz suyunda bakteri, mantar ve vir\u00fcslere kar\u015f\u0131 h\u0131zl\u0131 bir bi\u00e7imde etki ederek, organik kirleri par\u00e7alayan dezenfektan.. Fastchlor \u00d6zellikleri Fastchlor Avantajlar\u0131 Fastchlor Kullan\u0131m Talimat\u0131 G\u00fcvenli Kullan\u0131m ve Stoklama Bilgileri Analiz Sonu\u00e7lar\u0131\" \/>\n<meta property=\"og:url\" content=\"https:\/\/www.kores.com.tr\/index.php\/toz-klor-56\/\" \/>\n<meta property=\"og:site_name\" content=\"Kores Havuz\" \/>\n<meta property=\"article:publisher\" content=\"https:\/\/tr-tr.facebook.com\/people\/Kores-Havuz\/pfbid02V4Wf3Fhjbi7bvm9yUFTVQh6veWr6pRnADC4xbBdVextDvq4WtZhNpwUHJdUZ8X5al\/\" \/>\n<meta property=\"og:image\" content=\"http:\/\/kores.com.tr\/wp-content\/uploads\/2023\/04\/image-4.png\" \/>\n<meta name=\"twitter:card\" content=\"summary_large_image\" \/>\n<meta name=\"twitter:label1\" content=\"Tahmini okuma s\u00fcresi\" \/>\n\t<meta name=\"twitter:data1\" content=\"2 dakika\" \/>\n<script type=\"application\/ld+json\" class=\"yoast-schema-graph\">{\"@context\":\"https:\/\/schema.org\",\"@graph\":[{\"@type\":\"WebPage\",\"@id\":\"https:\/\/www.kores.com.tr\/index.php\/toz-klor-56\/\",\"url\":\"https:\/\/www.kores.com.tr\/index.php\/toz-klor-56\/\",\"name\":\"Toz Klor \/ % 56 - Kores Havuz\",\"isPartOf\":{\"@id\":\"https:\/\/www.kores.com.tr\/#website\"},\"primaryImageOfPage\":{\"@id\":\"https:\/\/www.kores.com.tr\/index.php\/toz-klor-56\/#primaryimage\"},\"image\":{\"@id\":\"https:\/\/www.kores.com.tr\/index.php\/toz-klor-56\/#primaryimage\"},\"thumbnailUrl\":\"http:\/\/kores.com.tr\/wp-content\/uploads\/2023\/04\/image-4.png\",\"datePublished\":\"2023-04-02T11:53:56+00:00\",\"breadcrumb\":{\"@id\":\"https:\/\/www.kores.com.tr\/index.php\/toz-klor-56\/#breadcrumb\"},\"inLanguage\":\"tr\",\"potentialAction\":[{\"@type\":\"ReadAction\",\"target\":[\"https:\/\/www.kores.com.tr\/index.php\/toz-klor-56\/\"]}]},{\"@type\":\"ImageObject\",\"inLanguage\":\"tr\",\"@id\":\"https:\/\/www.kores.com.tr\/index.php\/toz-klor-56\/#primaryimage\",\"url\":\"http:\/\/kores.com.tr\/wp-content\/uploads\/2023\/04\/image-4.png\",\"contentUrl\":\"http:\/\/kores.com.tr\/wp-content\/uploads\/2023\/04\/image-4.png\"},{\"@type\":\"BreadcrumbList\",\"@id\":\"https:\/\/www.kores.com.tr\/index.php\/toz-klor-56\/#breadcrumb\",\"itemListElement\":[{\"@type\":\"ListItem\",\"position\":1,\"name\":\"Anasayfa\",\"item\":\"https:\/\/www.kores.com.tr\/\"},{\"@type\":\"ListItem\",\"position\":2,\"name\":\"Toz Klor \/ % 56\"}]},{\"@type\":\"WebSite\",\"@id\":\"https:\/\/www.kores.com.tr\/#website\",\"url\":\"https:\/\/www.kores.com.tr\/\",\"name\":\"KORES HAVUZ\",\"description\":\"Ku\u015fadas\u0131'nda Havuz Denince \u0130lk Akla Gelen... 0256 612 88 37\",\"publisher\":{\"@id\":\"https:\/\/www.kores.com.tr\/#organization\"},\"potentialAction\":[{\"@type\":\"SearchAction\",\"target\":{\"@type\":\"EntryPoint\",\"urlTemplate\":\"https:\/\/www.kores.com.tr\/?s={search_term_string}\"},\"query-input\":{\"@type\":\"PropertyValueSpecification\",\"valueRequired\":true,\"valueName\":\"search_term_string\"}}],\"inLanguage\":\"tr\"},{\"@type\":\"Organization\",\"@id\":\"https:\/\/www.kores.com.tr\/#organization\",\"name\":\"KORES HAVUZ\",\"url\":\"https:\/\/www.kores.com.tr\/\",\"logo\":{\"@type\":\"ImageObject\",\"inLanguage\":\"tr\",\"@id\":\"https:\/\/www.kores.com.tr\/#\/schema\/logo\/image\/\",\"url\":\"http:\/\/kores.com.tr\/wp-content\/uploads\/2023\/06\/LOGO.jpeg\",\"contentUrl\":\"http:\/\/kores.com.tr\/wp-content\/uploads\/2023\/06\/LOGO.jpeg\",\"width\":1084,\"height\":429,\"caption\":\"KORES HAVUZ\"},\"image\":{\"@id\":\"https:\/\/www.kores.com.tr\/#\/schema\/logo\/image\/\"},\"sameAs\":[\"https:\/\/tr-tr.facebook.com\/people\/Kores-Havuz\/pfbid02V4Wf3Fhjbi7bvm9yUFTVQh6veWr6pRnADC4xbBdVextDvq4WtZhNpwUHJdUZ8X5al\/\",\"https:\/\/www.instagram.com\/koreshavuz\/\"]}]}<\/script>\n<!-- \/ Yoast SEO plugin. -->","yoast_head_json":{"title":"Toz Klor \/ % 56 - Kores Havuz","robots":{"index":"index","follow":"follow","max-snippet":"max-snippet:-1","max-image-preview":"max-image-preview:large","max-video-preview":"max-video-preview:-1"},"canonical":"https:\/\/www.kores.com.tr\/index.php\/toz-klor-56\/","og_locale":"tr_TR","og_type":"article","og_title":"Toz Klor \/ % 56 - Kores Havuz","og_description":"\u201cFASTCHLOR\u201d Stabilize Diklor Gran\u00fcl\u00fc, %56 Havuz suyunda bakteri, mantar ve vir\u00fcslere kar\u015f\u0131 h\u0131zl\u0131 bir bi\u00e7imde etki ederek, organik kirleri par\u00e7alayan dezenfektan.. Fastchlor \u00d6zellikleri Fastchlor Avantajlar\u0131 Fastchlor Kullan\u0131m Talimat\u0131 G\u00fcvenli Kullan\u0131m ve Stoklama Bilgileri Analiz Sonu\u00e7lar\u0131","og_url":"https:\/\/www.kores.com.tr\/index.php\/toz-klor-56\/","og_site_name":"Kores Havuz","article_publisher":"https:\/\/tr-tr.facebook.com\/people\/Kores-Havuz\/pfbid02V4Wf3Fhjbi7bvm9yUFTVQh6veWr6pRnADC4xbBdVextDvq4WtZhNpwUHJdUZ8X5al\/","og_image":[{"url":"http:\/\/kores.com.tr\/wp-content\/uploads\/2023\/04\/image-4.png","type":"","width":"","height":""}],"twitter_card":"summary_large_image","twitter_misc":{"Tahmini okuma s\u00fcresi":"2 dakika"},"schema":{"@context":"https:\/\/schema.org","@graph":[{"@type":"WebPage","@id":"https:\/\/www.kores.com.tr\/index.php\/toz-klor-56\/","url":"https:\/\/www.kores.com.tr\/index.php\/toz-klor-56\/","name":"Toz Klor \/ % 56 - Kores Havuz","isPartOf":{"@id":"https:\/\/www.kores.com.tr\/#website"},"primaryImageOfPage":{"@id":"https:\/\/www.kores.com.tr\/index.php\/toz-klor-56\/#primaryimage"},"image":{"@id":"https:\/\/www.kores.com.tr\/index.php\/toz-klor-56\/#primaryimage"},"thumbnailUrl":"http:\/\/kores.com.tr\/wp-content\/uploads\/2023\/04\/image-4.png","datePublished":"2023-04-02T11:53:56+00:00","breadcrumb":{"@id":"https:\/\/www.kores.com.tr\/index.php\/toz-klor-56\/#breadcrumb"},"inLanguage":"tr","potentialAction":[{"@type":"ReadAction","target":["https:\/\/www.kores.com.tr\/index.php\/toz-klor-56\/"]}]},{"@type":"ImageObject","inLanguage":"tr","@id":"https:\/\/www.kores.com.tr\/index.php\/toz-klor-56\/#primaryimage","url":"http:\/\/kores.com.tr\/wp-content\/uploads\/2023\/04\/image-4.png","contentUrl":"http:\/\/kores.com.tr\/wp-content\/uploads\/2023\/04\/image-4.png"},{"@type":"BreadcrumbList","@id":"https:\/\/www.kores.com.tr\/index.php\/toz-klor-56\/#breadcrumb","itemListElement":[{"@type":"ListItem","position":1,"name":"Anasayfa","item":"https:\/\/www.kores.com.tr\/"},{"@type":"ListItem","position":2,"name":"Toz Klor \/ % 56"}]},{"@type":"WebSite","@id":"https:\/\/www.kores.com.tr\/#website","url":"https:\/\/www.kores.com.tr\/","name":"KORES HAVUZ","description":"Ku\u015fadas\u0131'nda Havuz Denince \u0130lk Akla Gelen... 0256 612 88 37","publisher":{"@id":"https:\/\/www.kores.com.tr\/#organization"},"potentialAction":[{"@type":"SearchAction","target":{"@type":"EntryPoint","urlTemplate":"https:\/\/www.kores.com.tr\/?s={search_term_string}"},"query-input":{"@type":"PropertyValueSpecification","valueRequired":true,"valueName":"search_term_string"}}],"inLanguage":"tr"},{"@type":"Organization","@id":"https:\/\/www.kores.com.tr\/#organization","name":"KORES HAVUZ","url":"https:\/\/www.kores.com.tr\/","logo":{"@type":"ImageObject","inLanguage":"tr","@id":"https:\/\/www.kores.com.tr\/#\/schema\/logo\/image\/","url":"http:\/\/kores.com.tr\/wp-content\/uploads\/2023\/06\/LOGO.jpeg","contentUrl":"http:\/\/kores.com.tr\/wp-content\/uploads\/2023\/06\/LOGO.jpeg","width":1084,"height":429,"caption":"KORES HAVUZ"},"image":{"@id":"https:\/\/www.kores.com.tr\/#\/schema\/logo\/image\/"},"sameAs":["https:\/\/tr-tr.facebook.com\/people\/Kores-Havuz\/pfbid02V4Wf3Fhjbi7bvm9yUFTVQh6veWr6pRnADC4xbBdVextDvq4WtZhNpwUHJdUZ8X5al\/","https:\/\/www.instagram.com\/koreshavuz\/"]}]}},"_links":{"self":[{"href":"https:\/\/www.kores.com.tr\/index.php\/wp-json\/wp\/v2\/pages\/55","targetHints":{"allow":["GET"]}}],"collection":[{"href":"https:\/\/www.kores.com.tr\/index.php\/wp-json\/wp\/v2\/pages"}],"about":[{"href":"https:\/\/www.kores.com.tr\/index.php\/wp-json\/wp\/v2\/types\/page"}],"author":[{"embeddable":true,"href":"https:\/\/www.kores.com.tr\/index.php\/wp-json\/wp\/v2\/users\/1"}],"replies":[{"embeddable":true,"href":"https:\/\/www.kores.com.tr\/index.php\/wp-json\/wp\/v2\/comments?post=55"}],"version-history":[{"count":1,"href":"https:\/\/www.kores.com.tr\/index.php\/wp-json\/wp\/v2\/pages\/55\/revisions"}],"predecessor-version":[{"id":57,"href":"https:\/\/www.kores.com.tr\/index.php\/wp-json\/wp\/v2\/pages\/55\/revisions\/57"}],"wp:attachment":[{"href":"https:\/\/www.kores.com.tr\/index.php\/wp-json\/wp\/v2\/media?parent=55"}],"curies":[{"name":"wp","href":"https:\/\/api.w.org\/{rel}","templated":true}]}}