{"id":6,"date":"2023-03-25T13:48:13","date_gmt":"2023-03-25T13:48:13","guid":{"rendered":"http:\/\/kores.com.tr\/index.php\/one-page-express\/"},"modified":"2023-06-23T15:15:15","modified_gmt":"2023-06-23T15:15:15","slug":"kores-havuz","status":"publish","type":"page","link":"https:\/\/www.kores.com.tr\/","title":{"rendered":"KORES HAVUZ"},"content":{"rendered":"<div id=\"overlapable-2\" class=\"features-coloured-icon-boxes-section\" style=\"background-color: #ffffff;\" data-label=\"Overlapable\" data-id=\"stripped-coloured-icon-boxes\" data-category=\"overlapable\" data-overlap=\"true\">\n<div class=\"gridContainer\">\n<div class=\"features-coloured-icon-boxes-innerrow flexbox-list dark-text\" data-type=\"row\">\n<div class=\"features-coloured-icon-boxes-featurecol cp3cols\">\n<div class=\"features-coloured-icon-boxes-iconcontainer\" data-content-item-container=\"true\"><\/div>\n<h4 class=\"\">Havuz Kimyasallar\u0131<\/h4>\n<p class=\"\">S\u0131v\u0131-Toz Klor\nS\u0131v\u0131-Toz Asit\nYosun \u00d6nleyici ve Havuzlarda Kullan\u0131lan T\u00fcm kimyasallar<\/p>\n<a class=\"features-coloured-button\" href=\"http:\/\/kores.com.tr\/index.php\/havuz-kimyasallari\" target=\"_blank\" rel=\"noopener\">TIKLAYINIZ<\/a>\n\n<\/div>\n<div class=\"features-coloured-icon-boxes-featurecol cp3cols\">\n<div class=\"features-coloured-icon-boxes-iconcontainer\" data-content-item-container=\"true\"><\/div>\n<h4 class=\"\">Havuz \u0130n\u015faat\u0131 &amp; Taahh\u00fcd\u00fc<\/h4>\n<p class=\"\">25 Y\u0131ll\u0131k tecr\u00fcbe , uzman kadromuz ile siz de\u011ferli m\u00fc\u015fterilerimize hizmet vermekteyiz.<\/p>\n<a class=\"features-coloured-button\" href=\"\" target=\"_self\" rel=\"noopener\">ARAYINIZ 02566128837<\/a>\n\n<\/div>\n<div class=\"features-coloured-icon-boxes-featurecol cp3cols\">\n<div class=\"features-coloured-icon-boxes-iconcontainer\" data-content-item-container=\"true\"><\/div>\n<h4 class=\"\">Havuz Sarf Malzemeleri<\/h4>\n<p class=\"\">Havuza dair t\u00fcm ekipmanlar i\u00e7in sizleri i\u015fletmemize bekliyoruz&#8230;<\/p>\n<a class=\"features-coloured-button\" href=\"\/\/kores.com.tr\/index.php\/havuz-ekipmanlari\" target=\"_blank\" rel=\"noopener\">TIKLAYINIZ<\/a>\n\n<\/div>\n<div class=\"features-coloured-icon-boxes-featurecol cp3cols\">\n<div class=\"features-coloured-icon-boxes-iconcontainer\" data-content-item-container=\"true\"><\/div>\n<h4 class=\"\">Su Ar\u0131tma Sistemleri<\/h4>\n<p class=\"\">Yumu\u015fatma ve Osmoz Sistemleri ile art\u0131malar\u0131n\u0131z i\u00e7in Tuz tedari\u011fi i\u00e7in l\u00fctfen aray\u0131n\u0131z<\/p>\n<a class=\"features-coloured-button\" href=\"#\" target=\"_self\" rel=\"noopener\">ARAYINIZ 02566128837<\/a>\n\n<\/div>\n<div class=\"features-coloured-icon-boxes-featurecol cp3cols\">\n<div class=\"features-coloured-icon-boxes-iconcontainer\" data-content-item-container=\"true\"><\/div>\n<h4 class=\"\">End\u00fcstriyel Temizlik Malzemeleri<\/h4>\n<p class=\"\">S\u00fcp\u00fcrge, Kova, Bula\u015f\u0131k Deterjan\u0131, Y\u00fczey Temizleme, Mikrofiber Bez ve binlerce \u00e7e\u015fit i\u00e7in aray\u0131n\u0131z.<\/p>\n<a class=\"features-coloured-button\" href=\"\" target=\"_self\" rel=\"noopener\">ARAYINIZ 02566128837<\/a>\n\n<\/div>\n<div class=\"features-coloured-icon-boxes-featurecol cp3cols\">\n<div class=\"features-coloured-icon-boxes-iconcontainer\" data-content-item-container=\"true\"><\/div>\n<h4 class=\"\">Laboratuvar Hizmetleri<\/h4>\n<p class=\"\">Artezyen &#8211; Ar\u0131tma &#8211; Havuz Sular\u0131n\u0131z\u0131n Kimyasal ve Mikrobiyolojik analizleri i\u00e7in,<\/p>\n<a class=\"features-coloured-button\" href=\"\/\/www.capacevre.com\" target=\"_blank\" rel=\"noopener\">TIKLAYINIZ<\/a>\n\n<\/div>\n<div class=\"features-coloured-icon-boxes-featurecol cp3cols\">\n<div class=\"features-coloured-icon-boxes-iconcontainer\" data-content-item-container=\"true\"><\/div>\n<h4 class=\"\">Sauna Sistemleri<\/h4>\n<p class=\"\">Sauna m\u0131 istiyorsunuz? Anahtar teslim saunalar i\u00e7in l\u00fctfen aray\u0131n\u0131z.<\/p>\n<a class=\"features-coloured-button\" href=\"#\" target=\"_self\" rel=\"noopener\">ARAYINIZ 02566128837<\/a>\n\n<\/div>\n<div class=\"features-coloured-icon-boxes-featurecol cp3cols\">\n<div class=\"features-coloured-icon-boxes-iconcontainer\" data-content-item-container=\"true\"><\/div>\n<h4 class=\"\">Ambalaj &amp; Sarf Malzemeler<\/h4>\n<p class=\"\">Tuvalet Ka\u011f\u0131d\u0131, 21 cm havlu, \u0130\u00e7ten \u00e7ekmeli ka\u011f\u0131t gruplar\u0131 i\u00e7in bizimle ileti\u015fime ge\u00e7ebilirsiniz<\/p>\n<a class=\"features-coloured-button\" href=\"#\" target=\"_self\" rel=\"noopener\">ARAYINIZ 02566128837<\/a>\n\n<\/div>\n<\/div>\n<\/div>\n<\/div>\n<div id=\"about-1\" class=\"about-big-images-section\" style=\"background-color: #f6f6f6;\" data-label=\"About\" data-id=\"about-big-images-section\" data-category=\"about\">\n<div class=\"gridContainer\">\n<div class=\"about-big-images-textrow\">\n<div class=\"about-big-images-textcol dynamic-color\" data-type=\"column\">\n<h5 class=\"\">KORES END\u00dcSTR\u0130YEL TEM\u0130ZL\u0130K VE GIDA MAD. TUR. ve T\u0130C. LTD. \u015eT\u0130.<\/h5>\n<h3 class=\"\">KORES HAVUZ olarak Ku\u015fadas\u0131\u2019nda havuza dair t\u00fcm soru ve sorunlar\u0131n\u0131za \u00e7\u00f6z\u00fcmorta\u011f\u0131 olmaya 25 y\u0131ll\u0131k tecr\u00fcbe ve uzman kadromuzla haz\u0131r\u0131z&#8230;<\/h3>\n<p class=\"\">+90 256 612 88 37<\/p>\n<a class=\"button blue big\" href=\"#\">GET STARTED NOW<\/a>\n\n<\/div>\n<\/div>\n<img loading=\"lazy\" decoding=\"async\" class=\"size-medium wp-image-125 aligncenter\" src=\"http:\/\/kores.com.tr\/wp-content\/uploads\/2023\/06\/bakim-300x197.png\" alt=\"\" width=\"300\" height=\"197\" srcset=\"http:\/\/kores.com.tr\/wp-content\/uploads\/2023\/06\/bakim-300x197.png 300w, http:\/\/kores.com.tr\/wp-content\/uploads\/2023\/06\/bakim.png 368w\" sizes=\"auto, (max-width: 300px) 100vw, 300px\"> <img decoding=\"async\" loading=\"lazy\" class=\"size-medium wp-image-126 alignleft\" src=\"http:\/\/kores.com.tr\/wp-content\/uploads\/2023\/06\/olcum-300x224.png\" alt=\"\" width=\"300\" height=\"224\" srcset=\"http:\/\/kores.com.tr\/wp-content\/uploads\/2023\/06\/olcum-300x224.png 300w, http:\/\/kores.com.tr\/wp-content\/uploads\/2023\/06\/olcum.png 387w\" sizes=\"auto, (max-width: 300px) 100vw, 300px\"> <img decoding=\"async\" loading=\"lazy\" class=\"size-medium wp-image-127 alignright\" src=\"http:\/\/kores.com.tr\/wp-content\/uploads\/2023\/06\/supurge-300x197.png\" alt=\"\" width=\"300\" height=\"197\" srcset=\"http:\/\/kores.com.tr\/wp-content\/uploads\/2023\/06\/supurge-300x197.png 300w, http:\/\/kores.com.tr\/wp-content\/uploads\/2023\/06\/supurge.png 509w\" sizes=\"auto, (max-width: 300px) 100vw, 300px\">\n\n<\/div>\n<div class=\"about-big-images-bottomrow\">\n<div class=\"about-big-images-rightimgcol\"><\/div>\n<\/div>\n<\/div>\n<span id=\"more-6\"><\/span>\n<div id=\"team-1\" class=\"team-colors-section\" style=\"background-color: #ffffff;\" data-label=\"Team\" data-id=\"team-colors-section\" data-category=\"team\">\n<div class=\"gridContainer\">\n<div class=\"team-colors-membersrow dark-text\" data-type=\"row\">\n<div class=\"team-colors-membercol cp3cols cp6cols-tablet\">\n<div class=\"team-colors-membercard\">\n<div class=\"team-colors-memberinfo\" data-type=\"column\">\n\n<hr class=\"team-colors-separator\">\n\n<\/div>\n<\/div>\n<\/div>\n<\/div>\n<\/div>\n<\/div>\n<div id=\"numbers\" class=\"numbers-section\" data-label=\"Numbers\" data-id=\"numbers-section\" data-category=\"numbers\" data-bg=\"transparent\" data-parallax-depth=\"20\">\n<div class=\"gridContainer dynamic-color\">\n<div class=\"numbers-itemcol\">\n<h2 class=\"numbers-numbertext\">Y\u00dcZLERCE<\/h2>\n<h3 class=\"numbers-titletext\">HAVUZ \u0130N\u015eAASI<\/h3>\n<\/div>\n<div class=\"numbers-itemcol\">\n<h2 class=\"numbers-numbertext\">Y\u00dcZLERCE<\/h2>\n<h3 class=\"numbers-titletext\">M\u00dc\u015eTER\u0130<\/h3>\n<\/div>\n<div class=\"numbers-itemcol-last\">\n<h2 class=\"numbers-numbertext\">25 YILLIK<\/h2>\n<h3 class=\"numbers-titletext\">TECR\u00dcBE<\/h3>\n<\/div>\n<\/div>\n<\/div>\n<div id=\"latest-posts\" class=\"blog-section\" style=\"background-color: #ffffff;\" data-label=\"Latest posts\" data-id=\"blog-section\" data-category=\"latest_news\">\n<div class=\"gridContainer\">\n<div class=\"blog-textrow\">\n<div class=\"blog-textcol dynamic-color\" data-type=\"column\"><\/div>\n<\/div>\n<div class=\"blog-textcol\"><\/div>\n<\/div>\n<\/div>\n<div id=\"contact-4\" class=\"contact-section-formsection white-text\" data-label=\"Contact\" data-id=\"contact-section\" data-category=\"contact\" data-bg=\"transparent\">\n<div class=\"gridContainer\">\n<div class=\"row_224\">\n<div class=\"contact-textrow\">\n<div class=\"contact-textcol dynamic-color\">\n<h2 class=\"\">KORES HAVUZ<\/h2>\n<p class=\"white_text\">S\u00dcLEYMAN DEM\u0130REL BULVARI M. ADALIO\u011eLU S\u0130TES\u0130 F BLOK NO:27 \/C KU\u015eADASI-AYDIN\/T\u00dcRK\u0130YE<\/p>\n<img decoding=\"async\" loading=\"lazy\" class=\"size-medium wp-image-130 aligncenter\" src=\"http:\/\/kores.com.tr\/wp-content\/uploads\/2023\/06\/LOGO-300x119.jpeg\" alt=\"\" width=\"300\" height=\"119\" srcset=\"http:\/\/kores.com.tr\/wp-content\/uploads\/2023\/06\/LOGO-300x119.jpeg 300w, http:\/\/kores.com.tr\/wp-content\/uploads\/2023\/06\/LOGO-1024x405.jpeg 1024w, http:\/\/kores.com.tr\/wp-content\/uploads\/2023\/06\/LOGO-768x304.jpeg 768w, http:\/\/kores.com.tr\/wp-content\/uploads\/2023\/06\/LOGO.jpeg 1084w\" sizes=\"auto, (max-width: 300px) 100vw, 300px\">\n\n<\/div>\n<\/div>\n<\/div>\n<div class=\"contact-formcol\" data-content-shortcode=\"one_page_express_contact_form\" data-editable=\"true\"><p style=\"text-align:center;color:#ababab\">Contact form will be displayed here. To activate it you have to click this area and set the shortcode parameter in Customizer.<\/p><\/div>\n<\/div>\n<\/div>","protected":false},"excerpt":{"rendered":"<p>Havuz Kimyasallar\u0131 S\u0131v\u0131-Toz Klor S\u0131v\u0131-Toz Asit Yosun \u00d6nleyici ve Havuzlarda Kullan\u0131lan T\u00fcm kimyasallar TIKLAYINIZ Havuz \u0130n\u015faat\u0131 &amp; Taahh\u00fcd\u00fc 25 Y\u0131ll\u0131k tecr\u00fcbe , uzman kadromuz ile siz de\u011ferli m\u00fc\u015fterilerimize hizmet vermekteyiz. ARAYINIZ 02566128837 Havuz Sarf Malzemeleri Havuza dair t\u00fcm ekipmanlar i\u00e7in sizleri i\u015fletmemize bekliyoruz&#8230; TIKLAYINIZ Su Ar\u0131tma Sistemleri Yumu\u015fatma ve Osmoz Sistemleri ile art\u0131malar\u0131n\u0131z i\u00e7in Tuz&hellip; <br \/> <a class=\"button small blue\" href=\"https:\/\/www.kores.com.tr\/index.php\/2023\/03\/25\/hello-world\/\">Devam\u0131<\/a><\/p>\n","protected":false},"author":1,"featured_media":0,"parent":0,"menu_order":0,"comment_status":"closed","ping_status":"closed","template":"","meta":{"footnotes":""},"class_list":["post-6","page","type-page","status-publish","hentry"],"yoast_head":"<!-- This site is optimized with the Yoast SEO plugin v26.5 - https:\/\/yoast.com\/wordpress\/plugins\/seo\/ -->\n<title>KORES HAVUZ - Kores Havuz<\/title>\n<meta name=\"description\" content=\"Ku\u015fadas\u0131&#039;nda Havuz kimyasal\u0131, ekipman\u0131 ve in\u015faat\u0131 denince akla gelen tek isim olarak siz de\u011ferli m\u00fc\u015fterilerimize hizmet vermekteyiz.\" \/>\n<meta name=\"robots\" content=\"index, follow, max-snippet:-1, max-image-preview:large, max-video-preview:-1\" \/>\n<link rel=\"canonical\" href=\"https:\/\/www.kores.com.tr\/\" \/>\n<meta property=\"og:locale\" content=\"tr_TR\" \/>\n<meta property=\"og:type\" content=\"article\" \/>\n<meta property=\"og:title\" content=\"KORES HAVUZ - Kores Havuz\" \/>\n<meta property=\"og:description\" content=\"Ku\u015fadas\u0131&#039;nda Havuz kimyasal\u0131, ekipman\u0131 ve in\u015faat\u0131 denince akla gelen tek isim olarak siz de\u011ferli m\u00fc\u015fterilerimize hizmet vermekteyiz.\" \/>\n<meta property=\"og:url\" content=\"https:\/\/www.kores.com.tr\/\" \/>\n<meta property=\"og:site_name\" content=\"Kores Havuz\" \/>\n<meta property=\"article:publisher\" content=\"https:\/\/tr-tr.facebook.com\/people\/Kores-Havuz\/pfbid02V4Wf3Fhjbi7bvm9yUFTVQh6veWr6pRnADC4xbBdVextDvq4WtZhNpwUHJdUZ8X5al\/\" \/>\n<meta property=\"article:modified_time\" content=\"2023-06-23T15:15:15+00:00\" \/>\n<meta property=\"og:image\" content=\"http:\/\/kores.com.tr\/wp-content\/uploads\/2023\/06\/bakim-300x197.png\" \/>\n<meta name=\"twitter:card\" content=\"summary_large_image\" \/>\n<meta name=\"twitter:label1\" content=\"Tahmini okuma s\u00fcresi\" \/>\n\t<meta name=\"twitter:data1\" content=\"2 dakika\" \/>\n<script type=\"application\/ld+json\" class=\"yoast-schema-graph\">{\"@context\":\"https:\/\/schema.org\",\"@graph\":[{\"@type\":\"WebPage\",\"@id\":\"https:\/\/www.kores.com.tr\/\",\"url\":\"https:\/\/www.kores.com.tr\/\",\"name\":\"KORES HAVUZ - Kores Havuz\",\"isPartOf\":{\"@id\":\"https:\/\/www.kores.com.tr\/#website\"},\"primaryImageOfPage\":{\"@id\":\"https:\/\/www.kores.com.tr\/#primaryimage\"},\"image\":{\"@id\":\"https:\/\/www.kores.com.tr\/#primaryimage\"},\"thumbnailUrl\":\"http:\/\/kores.com.tr\/wp-content\/uploads\/2023\/06\/bakim-300x197.png\",\"datePublished\":\"2023-03-25T13:48:13+00:00\",\"dateModified\":\"2023-06-23T15:15:15+00:00\",\"description\":\"Ku\u015fadas\u0131'nda Havuz kimyasal\u0131, ekipman\u0131 ve in\u015faat\u0131 denince akla gelen tek isim olarak siz de\u011ferli m\u00fc\u015fterilerimize hizmet vermekteyiz.\",\"breadcrumb\":{\"@id\":\"https:\/\/www.kores.com.tr\/#breadcrumb\"},\"inLanguage\":\"tr\",\"potentialAction\":[{\"@type\":\"ReadAction\",\"target\":[\"https:\/\/www.kores.com.tr\/\"]}]},{\"@type\":\"ImageObject\",\"inLanguage\":\"tr\",\"@id\":\"https:\/\/www.kores.com.tr\/#primaryimage\",\"url\":\"http:\/\/kores.com.tr\/wp-content\/uploads\/2023\/06\/bakim-300x197.png\",\"contentUrl\":\"http:\/\/kores.com.tr\/wp-content\/uploads\/2023\/06\/bakim-300x197.png\"},{\"@type\":\"BreadcrumbList\",\"@id\":\"https:\/\/www.kores.com.tr\/#breadcrumb\",\"itemListElement\":[{\"@type\":\"ListItem\",\"position\":1,\"name\":\"Anasayfa\",\"item\":\"https:\/\/www.kores.com.tr\/\"},{\"@type\":\"ListItem\",\"position\":2,\"name\":\"KORES HAVUZ\"}]},{\"@type\":\"WebSite\",\"@id\":\"https:\/\/www.kores.com.tr\/#website\",\"url\":\"https:\/\/www.kores.com.tr\/\",\"name\":\"KORES HAVUZ\",\"description\":\"Ku\u015fadas\u0131'nda Havuz Denince \u0130lk Akla Gelen... 0256 612 88 37\",\"publisher\":{\"@id\":\"https:\/\/www.kores.com.tr\/#organization\"},\"potentialAction\":[{\"@type\":\"SearchAction\",\"target\":{\"@type\":\"EntryPoint\",\"urlTemplate\":\"https:\/\/www.kores.com.tr\/?s={search_term_string}\"},\"query-input\":{\"@type\":\"PropertyValueSpecification\",\"valueRequired\":true,\"valueName\":\"search_term_string\"}}],\"inLanguage\":\"tr\"},{\"@type\":\"Organization\",\"@id\":\"https:\/\/www.kores.com.tr\/#organization\",\"name\":\"KORES HAVUZ\",\"url\":\"https:\/\/www.kores.com.tr\/\",\"logo\":{\"@type\":\"ImageObject\",\"inLanguage\":\"tr\",\"@id\":\"https:\/\/www.kores.com.tr\/#\/schema\/logo\/image\/\",\"url\":\"http:\/\/kores.com.tr\/wp-content\/uploads\/2023\/06\/LOGO.jpeg\",\"contentUrl\":\"http:\/\/kores.com.tr\/wp-content\/uploads\/2023\/06\/LOGO.jpeg\",\"width\":1084,\"height\":429,\"caption\":\"KORES HAVUZ\"},\"image\":{\"@id\":\"https:\/\/www.kores.com.tr\/#\/schema\/logo\/image\/\"},\"sameAs\":[\"https:\/\/tr-tr.facebook.com\/people\/Kores-Havuz\/pfbid02V4Wf3Fhjbi7bvm9yUFTVQh6veWr6pRnADC4xbBdVextDvq4WtZhNpwUHJdUZ8X5al\/\",\"https:\/\/www.instagram.com\/koreshavuz\/\"]}]}<\/script>\n<!-- \/ Yoast SEO plugin. -->","yoast_head_json":{"title":"KORES HAVUZ - Kores Havuz","description":"Ku\u015fadas\u0131'nda Havuz kimyasal\u0131, ekipman\u0131 ve in\u015faat\u0131 denince akla gelen tek isim olarak siz de\u011ferli m\u00fc\u015fterilerimize hizmet vermekteyiz.","robots":{"index":"index","follow":"follow","max-snippet":"max-snippet:-1","max-image-preview":"max-image-preview:large","max-video-preview":"max-video-preview:-1"},"canonical":"https:\/\/www.kores.com.tr\/","og_locale":"tr_TR","og_type":"article","og_title":"KORES HAVUZ - Kores Havuz","og_description":"Ku\u015fadas\u0131'nda Havuz kimyasal\u0131, ekipman\u0131 ve in\u015faat\u0131 denince akla gelen tek isim olarak siz de\u011ferli m\u00fc\u015fterilerimize hizmet vermekteyiz.","og_url":"https:\/\/www.kores.com.tr\/","og_site_name":"Kores Havuz","article_publisher":"https:\/\/tr-tr.facebook.com\/people\/Kores-Havuz\/pfbid02V4Wf3Fhjbi7bvm9yUFTVQh6veWr6pRnADC4xbBdVextDvq4WtZhNpwUHJdUZ8X5al\/","article_modified_time":"2023-06-23T15:15:15+00:00","og_image":[{"url":"http:\/\/kores.com.tr\/wp-content\/uploads\/2023\/06\/bakim-300x197.png","type":"","width":"","height":""}],"twitter_card":"summary_large_image","twitter_misc":{"Tahmini okuma s\u00fcresi":"2 dakika"},"schema":{"@context":"https:\/\/schema.org","@graph":[{"@type":"WebPage","@id":"https:\/\/www.kores.com.tr\/","url":"https:\/\/www.kores.com.tr\/","name":"KORES HAVUZ - Kores Havuz","isPartOf":{"@id":"https:\/\/www.kores.com.tr\/#website"},"primaryImageOfPage":{"@id":"https:\/\/www.kores.com.tr\/#primaryimage"},"image":{"@id":"https:\/\/www.kores.com.tr\/#primaryimage"},"thumbnailUrl":"http:\/\/kores.com.tr\/wp-content\/uploads\/2023\/06\/bakim-300x197.png","datePublished":"2023-03-25T13:48:13+00:00","dateModified":"2023-06-23T15:15:15+00:00","description":"Ku\u015fadas\u0131'nda Havuz kimyasal\u0131, ekipman\u0131 ve in\u015faat\u0131 denince akla gelen tek isim olarak siz de\u011ferli m\u00fc\u015fterilerimize hizmet vermekteyiz.","breadcrumb":{"@id":"https:\/\/www.kores.com.tr\/#breadcrumb"},"inLanguage":"tr","potentialAction":[{"@type":"ReadAction","target":["https:\/\/www.kores.com.tr\/"]}]},{"@type":"ImageObject","inLanguage":"tr","@id":"https:\/\/www.kores.com.tr\/#primaryimage","url":"http:\/\/kores.com.tr\/wp-content\/uploads\/2023\/06\/bakim-300x197.png","contentUrl":"http:\/\/kores.com.tr\/wp-content\/uploads\/2023\/06\/bakim-300x197.png"},{"@type":"BreadcrumbList","@id":"https:\/\/www.kores.com.tr\/#breadcrumb","itemListElement":[{"@type":"ListItem","position":1,"name":"Anasayfa","item":"https:\/\/www.kores.com.tr\/"},{"@type":"ListItem","position":2,"name":"KORES HAVUZ"}]},{"@type":"WebSite","@id":"https:\/\/www.kores.com.tr\/#website","url":"https:\/\/www.kores.com.tr\/","name":"KORES HAVUZ","description":"Ku\u015fadas\u0131'nda Havuz Denince \u0130lk Akla Gelen... 0256 612 88 37","publisher":{"@id":"https:\/\/www.kores.com.tr\/#organization"},"potentialAction":[{"@type":"SearchAction","target":{"@type":"EntryPoint","urlTemplate":"https:\/\/www.kores.com.tr\/?s={search_term_string}"},"query-input":{"@type":"PropertyValueSpecification","valueRequired":true,"valueName":"search_term_string"}}],"inLanguage":"tr"},{"@type":"Organization","@id":"https:\/\/www.kores.com.tr\/#organization","name":"KORES HAVUZ","url":"https:\/\/www.kores.com.tr\/","logo":{"@type":"ImageObject","inLanguage":"tr","@id":"https:\/\/www.kores.com.tr\/#\/schema\/logo\/image\/","url":"http:\/\/kores.com.tr\/wp-content\/uploads\/2023\/06\/LOGO.jpeg","contentUrl":"http:\/\/kores.com.tr\/wp-content\/uploads\/2023\/06\/LOGO.jpeg","width":1084,"height":429,"caption":"KORES HAVUZ"},"image":{"@id":"https:\/\/www.kores.com.tr\/#\/schema\/logo\/image\/"},"sameAs":["https:\/\/tr-tr.facebook.com\/people\/Kores-Havuz\/pfbid02V4Wf3Fhjbi7bvm9yUFTVQh6veWr6pRnADC4xbBdVextDvq4WtZhNpwUHJdUZ8X5al\/","https:\/\/www.instagram.com\/koreshavuz\/"]}]}},"_links":{"self":[{"href":"https:\/\/www.kores.com.tr\/index.php\/wp-json\/wp\/v2\/pages\/6","targetHints":{"allow":["GET"]}}],"collection":[{"href":"https:\/\/www.kores.com.tr\/index.php\/wp-json\/wp\/v2\/pages"}],"about":[{"href":"https:\/\/www.kores.com.tr\/index.php\/wp-json\/wp\/v2\/types\/page"}],"author":[{"embeddable":true,"href":"https:\/\/www.kores.com.tr\/index.php\/wp-json\/wp\/v2\/users\/1"}],"replies":[{"embeddable":true,"href":"https:\/\/www.kores.com.tr\/index.php\/wp-json\/wp\/v2\/comments?post=6"}],"version-history":[{"count":19,"href":"https:\/\/www.kores.com.tr\/index.php\/wp-json\/wp\/v2\/pages\/6\/revisions"}],"predecessor-version":[{"id":174,"href":"https:\/\/www.kores.com.tr\/index.php\/wp-json\/wp\/v2\/pages\/6\/revisions\/174"}],"wp:attachment":[{"href":"https:\/\/www.kores.com.tr\/index.php\/wp-json\/wp\/v2\/media?parent=6"}],"curies":[{"name":"wp","href":"https:\/\/api.w.org\/{rel}","templated":true}]}}