{"id":69,"date":"2023-04-02T12:14:22","date_gmt":"2023-04-02T12:14:22","guid":{"rendered":"http:\/\/kores.com.tr\/?page_id=69"},"modified":"2023-04-02T12:14:22","modified_gmt":"2023-04-02T12:14:22","slug":"ph-dusurucu-asit","status":"publish","type":"page","link":"https:\/\/www.kores.com.tr\/index.php\/ph-dusurucu-asit\/","title":{"rendered":"pH D\u00fc\u015f\u00fcr\u00fcc\u00fc (Asit)"},"content":{"rendered":"<div class=\"wp-block-image\">\n<figure class=\"alignleft size-full is-resized\"><img loading=\"lazy\" decoding=\"async\" src=\"http:\/\/kores.com.tr\/wp-content\/uploads\/2023\/04\/image-6.png\" alt=\"\" class=\"wp-image-70\" width=\"325\" height=\"244\" srcset=\"https:\/\/www.kores.com.tr\/wp-content\/uploads\/2023\/04\/image-6.png 1024w, https:\/\/www.kores.com.tr\/wp-content\/uploads\/2023\/04\/image-6-300x225.png 300w, https:\/\/www.kores.com.tr\/wp-content\/uploads\/2023\/04\/image-6-768x576.png 768w\" sizes=\"auto, (max-width: 325px) 100vw, 325px\" \/><\/figure>\n<\/div>\n\n\n<p>\u201cpH (-) DOWN &#8211; L\u201d S\u0131v\u0131 pH D\u00fc\u015f\u00fcr\u00fcc\u00fc<\/p>\n\n\n\n<p>Havuz suyunda y\u00fckselen pH de\u011ferini d\u00fc\u015f\u00fcrerek ideal de\u011ferleri olan 7.2-7.6 pH aral\u0131\u011f\u0131n\u0131 korumak ama\u00e7l\u0131 kullan\u0131l\u0131r.<\/p>\n\n\n\n<p>Gema\u015f pH Down L \u00d6zellikleri<\/p>\n\n\n\n<ul class=\"wp-block-list\">\n<li>\u0130norganik Asit i\u00e7erir.<\/li>\n\n\n\n<li>pH d\u00fc\u015f\u00fcr\u00fcc\u00fc<\/li>\n<\/ul>\n\n\n\n<p>Gema\u015f pH Down L Avantajlar\u0131<\/p>\n\n\n\n<ul class=\"wp-block-list\">\n<li>pH Down L s\u0131v\u0131 oldu\u011fundan kullan\u0131m\u0131 kolayd\u0131r.<\/li>\n\n\n\n<li>pH Down L s\u0131v\u0131 oldu\u011fundan kullan\u0131m\u0131 kolayd\u0131r.<\/li>\n\n\n\n<li>Yap\u0131s\u0131 itibariyle toz pH d\u00fc\u015f\u00fcr\u00fcc\u00fclere g\u00f6re daha konsantredir.<\/li>\n\n\n\n<li>Konsantre oldu\u011fundan daha az kullan\u0131l\u0131r ve daha ekonomiktir.<\/li>\n<\/ul>\n\n\n\n<p>Gema\u015f pH Down L Kullan\u0131m Talimat\u0131<\/p>\n\n\n\n<ul class=\"wp-block-list\">\n<li>Optimum pH de\u011ferinin muhafazas\u0131 i\u00e7in, havuz suyu pH\u2019si bir test aleti yard\u0131m\u0131yla \u00f6zel havuzlarda haftada 1-2 kez, umuma a\u00e7\u0131k havuzlarda g\u00fcnde 3 kez \u00f6l\u00e7\u00fclerek kontrol edilmeli ve gerekiyorsa ideal de\u011ferlerine getirilmelidir. Havuz suyu ideal pH aral\u0131\u011f\u0131 7.2-7.6\u2019d\u0131r.<\/li>\n\n\n\n<li>Havuz suyunun pH ayarlamas\u0131 dezenfektan maddelerinin ilavesinden \u00f6nce yap\u0131lmal\u0131d\u0131r.<\/li>\n\n\n\n<li>pH Down L kullan\u0131lmadan \u00f6nce suyun pH de\u011ferine bak\u0131lmal\u0131d\u0131r.<\/li>\n\n\n\n<li>pH de\u011ferini 0.1 derece d\u00fc\u015f\u00fcrmek i\u00e7in 100 mhavuz suyuna 1000gr(1 lt) dozlan\u0131r.<\/li>\n\n\n\n<li>Havuz suyunun sertli\u011finin de kontrol edilmesi gerekir. \u0130deal sertlik 20 FSB(Frans\u0131z Sertli\u011fi)\u2019dir.<\/li>\n\n\n\n<li>Havuza direkt uygulanmas\u0131 halinde, tercihen nozul \u00fczerinden d\u00f6k\u00fclmeli ve mutlaka filtrasyon sistemi \u00e7al\u0131\u015f\u0131r durumda olmal\u0131d\u0131r. Bu esnada havuzda kimse olmamal\u0131d\u0131r.<\/li>\n\n\n\n<li>Havuza k\u0131s\u0131m k\u0131s\u0131m pH kontrol\u00fc yaparak eklenebilir veya dozaj pompas\u0131na ba\u011flanarak da dozlanabilir.Fakat her eklemede veya dozlamada pH kontrol\u00fc yap\u0131lmas\u0131 gerekir.<\/li>\n<\/ul>\n\n\n\n<p>G\u00fcvenli Kullan\u0131m ve Stoklama Bilgileri<\/p>\n\n\n\n<ul class=\"wp-block-list\">\n<li>G\u00f6zleri ve cildi tahri\u015f eder.<\/li>\n\n\n\n<li>\u00c7ocuklar\u0131n eri\u015femeyece\u011fi \u015fekilde muhafaza edilmelidir.<\/li>\n\n\n\n<li>G\u00f6zle temas halinde bol su ile y\u0131kay\u0131n\u0131z ve en yak\u0131n sa\u011fl\u0131k merkezine ba\u015fvurunuz.<\/li>\n\n\n\n<li>Yaln\u0131zca orijinal ambalaj\u0131nda, kapal\u0131 alanda ve serin yerde muhafaza ediniz.<\/li>\n\n\n\n<li>Di\u011fer kimyasallar ve \u00f6zellikle klor t\u00fcrevleriyle kar\u0131\u015ft\u0131r\u0131lmamal\u0131d\u0131r.<\/li>\n\n\n\n<li>Yan\u0131c\u0131 malzemelerden uzak tutunuz.<\/li>\n<\/ul>\n\n\n\n<p>Analiz Sonu\u00e7lar\u0131<\/p>\n\n\n\n<ul class=\"wp-block-list\">\n<li>G\u00f6r\u00fcn\u00fc\u015f : Hafif sar\u0131 berrak s\u0131v\u0131<br>Yo\u011funluk : 1.15-1.25<br>pH(%1) : 0.5-2.0<\/li>\n<\/ul>\n\n\n\n<p>Yukar\u0131daki bilgi tipik \u00fcretim esnas\u0131nda al\u0131nm\u0131\u015f bir bilgidir ve spesifikasyon olarak kullan\u0131lmamal\u0131d\u0131r.<\/p>\n\n\n<div class=\"wp-block-image\">\n<figure class=\"alignleft size-full is-resized\"><img loading=\"lazy\" decoding=\"async\" src=\"http:\/\/kores.com.tr\/wp-content\/uploads\/2023\/04\/image-7.png\" alt=\"\" class=\"wp-image-71\" width=\"353\" height=\"265\" srcset=\"https:\/\/www.kores.com.tr\/wp-content\/uploads\/2023\/04\/image-7.png 1024w, https:\/\/www.kores.com.tr\/wp-content\/uploads\/2023\/04\/image-7-300x225.png 300w, https:\/\/www.kores.com.tr\/wp-content\/uploads\/2023\/04\/image-7-768x576.png 768w\" sizes=\"auto, (max-width: 353px) 100vw, 353px\" \/><\/figure>\n<\/div>\n\n\n<p>\u201cpH (-) DOWN HCl\u201d S\u0131v\u0131 pH D\u00fc\u015f\u00fcr\u00fcc\u00fc ve Kire\u00e7 Temizleyici. (%30 Hidroklorik asit)<\/p>\n\n\n\n<p><\/p>\n\n\n\n<p><\/p>\n\n\n\n<p><\/p>\n\n\n\n<p><\/p>\n\n\n<div class=\"wp-block-image\">\n<figure class=\"alignleft size-full is-resized\"><img loading=\"lazy\" decoding=\"async\" src=\"http:\/\/kores.com.tr\/wp-content\/uploads\/2023\/04\/image-8.png\" alt=\"\" class=\"wp-image-72\" width=\"353\" height=\"265\" srcset=\"https:\/\/www.kores.com.tr\/wp-content\/uploads\/2023\/04\/image-8.png 1024w, https:\/\/www.kores.com.tr\/wp-content\/uploads\/2023\/04\/image-8-300x225.png 300w, https:\/\/www.kores.com.tr\/wp-content\/uploads\/2023\/04\/image-8-768x576.png 768w\" sizes=\"auto, (max-width: 353px) 100vw, 353px\" \/><\/figure>\n<\/div>\n\n\n<p>\u201cpH (+) UP\u201d Toz pH Y\u00fckseltici. (%100 Sodyum Bikarbonat)<\/p>\n\n\n\n<p>Havuz suyunun pH de\u011ferini ideal seviyeye 7.2-7.6 \u00e7\u0131karmak i\u00e7in dengeleyici toz \u00fcr\u00fcnd\u00fcr.<\/p>\n\n\n\n<p>pH Up \u00d6zellikleri<\/p>\n\n\n\n<ul class=\"wp-block-list\">\n<li>Sodyum Karbonat i\u00e7erir.<\/li>\n\n\n\n<li>Kullan\u0131m\u0131 g\u00fcvenlidir.<\/li>\n<\/ul>\n\n\n\n<p>pH Up Avantajlar\u0131<\/p>\n\n\n\n<ul class=\"wp-block-list\">\n<li>\u00d6nerilen dozajda kullan\u0131ld\u0131\u011f\u0131nda, metal ala\u015f\u0131mlar \u00fczerinde korozyon riski olu\u015fturmaz.<\/li>\n\n\n\n<li>Toz halde oldu\u011fundan konsantredir ve ekonomiktir.<\/li>\n\n\n\n<li>Suda kolay \u00e7\u00f6z\u00fcn\u00fcr.<\/li>\n<\/ul>\n\n\n\n<p>pH Up Kullanma Talimat\u0131<\/p>\n\n\n\n<ul class=\"wp-block-list\">\n<li>Havuz suyunda pH de\u011ferini 0.1 y\u00fckseltmek i\u00e7in 100 m\u00b3 suya 1 kg eklenmelidir.<\/li>\n\n\n\n<li>Havuzlarda pHde\u011feri g\u00fcnde en az iki kez \u00f6l\u00e7\u00fcl\u00fcr pH de\u011feri istenilen s\u0131n\u0131r\u0131n alt\u0131nda ise % 5\u2019lik \u00e7\u00f6zelti haz\u0131rlanarak klordan \u00f6nce havuza azar azarilave edilir.Her ilaveden sonra sirk\u00fclasyon sa\u011flan\u0131r ve pH de\u011feri \u00f6l\u00e7\u00fcl\u00fcr. \u0130stenilen pH de\u011ferine ula\u015f\u0131lana kadar bu i\u015flem tekrar edilir. pH de\u011feri ayarland\u0131ktan sonra dezenfektan (klor) maddeler eklenir.<\/li>\n<\/ul>\n\n\n\n<p>G\u00fcvenli Kullan\u0131m ve Stoklama Bilgileri<\/p>\n\n\n\n<ul class=\"wp-block-list\">\n<li>G\u00f6zleri ve cildi tahri\u015f eder.<\/li>\n\n\n\n<li>\u00c7ocuklar\u0131n eri\u015femeyece\u011fi \u015fekilde muhafaza edilmelidir.<\/li>\n\n\n\n<li>G\u00f6zle temas halinde bol su ile y\u0131kay\u0131n\u0131z ve en yak\u0131n sa\u011fl\u0131k merkezine ba\u015fvurunuz.<\/li>\n\n\n\n<li>Yaln\u0131zca orijinal ambalaj\u0131nda, serin yerde muhafaza ediniz.<\/li>\n\n\n\n<li>Di\u011fer kimyasallarla kar\u0131\u015ft\u0131rmay\u0131n\u0131z.<\/li>\n\n\n\n<li>Cilt, elbise veya aside dayan\u0131ks\u0131z malzeme ile uzun s\u00fcre temas ettirmeyin, temas halinde bol suile y\u0131kay\u0131n\u0131z.<\/li>\n<\/ul>\n\n\n\n<p>Analiz Sonu\u00e7lar\u0131<\/p>\n\n\n\n<ul class=\"wp-block-list\">\n<li>G\u00f6r\u00fcn\u00fc\u015f : Beyaz toz<br>pH(%1) : 11.0-11.5<\/li>\n<\/ul>\n\n\n\n<p>Yukar\u0131daki bilgi tipik \u00fcretim esnas\u0131nda al\u0131nm\u0131\u015f bir bilgidir ve spesifikasyon olarak kullan\u0131lmamal\u0131d\u0131r.<\/p>\n","protected":false},"excerpt":{"rendered":"<p>\u201cpH (-) DOWN &#8211; L\u201d S\u0131v\u0131 pH D\u00fc\u015f\u00fcr\u00fcc\u00fc Havuz suyunda y\u00fckselen pH de\u011ferini d\u00fc\u015f\u00fcrerek ideal de\u011ferleri olan 7.2-7.6 pH aral\u0131\u011f\u0131n\u0131 korumak ama\u00e7l\u0131 kullan\u0131l\u0131r. Gema\u015f pH Down L \u00d6zellikleri Gema\u015f pH Down L Avantajlar\u0131 Gema\u015f pH Down L Kullan\u0131m Talimat\u0131 G\u00fcvenli Kullan\u0131m ve Stoklama Bilgileri Analiz Sonu\u00e7lar\u0131 Yukar\u0131daki bilgi tipik \u00fcretim esnas\u0131nda al\u0131nm\u0131\u015f bir bilgidir ve&hellip; <br \/> <a class=\"button small blue\" href=\"https:\/\/www.kores.com.tr\/index.php\/ph-dusurucu-asit\/\">Devam\u0131<\/a><\/p>\n","protected":false},"author":1,"featured_media":0,"parent":0,"menu_order":0,"comment_status":"closed","ping_status":"closed","template":"","meta":{"footnotes":""},"class_list":["post-69","page","type-page","status-publish","hentry"],"yoast_head":"<!-- This site is optimized with the Yoast SEO plugin v26.5 - https:\/\/yoast.com\/wordpress\/plugins\/seo\/ -->\n<title>pH D\u00fc\u015f\u00fcr\u00fcc\u00fc (Asit) - Kores Havuz<\/title>\n<meta name=\"robots\" content=\"index, follow, max-snippet:-1, max-image-preview:large, max-video-preview:-1\" \/>\n<link rel=\"canonical\" href=\"https:\/\/www.kores.com.tr\/index.php\/ph-dusurucu-asit\/\" \/>\n<meta property=\"og:locale\" content=\"tr_TR\" \/>\n<meta property=\"og:type\" content=\"article\" \/>\n<meta property=\"og:title\" content=\"pH D\u00fc\u015f\u00fcr\u00fcc\u00fc (Asit) - Kores Havuz\" \/>\n<meta property=\"og:description\" content=\"\u201cpH (-) DOWN &#8211; L\u201d S\u0131v\u0131 pH D\u00fc\u015f\u00fcr\u00fcc\u00fc Havuz suyunda y\u00fckselen pH de\u011ferini d\u00fc\u015f\u00fcrerek ideal de\u011ferleri olan 7.2-7.6 pH aral\u0131\u011f\u0131n\u0131 korumak ama\u00e7l\u0131 kullan\u0131l\u0131r. Gema\u015f pH Down L \u00d6zellikleri Gema\u015f pH Down L Avantajlar\u0131 Gema\u015f pH Down L Kullan\u0131m Talimat\u0131 G\u00fcvenli Kullan\u0131m ve Stoklama Bilgileri Analiz Sonu\u00e7lar\u0131 Yukar\u0131daki bilgi tipik \u00fcretim esnas\u0131nda al\u0131nm\u0131\u015f bir bilgidir ve&hellip; Devam\u0131\" \/>\n<meta property=\"og:url\" content=\"https:\/\/www.kores.com.tr\/index.php\/ph-dusurucu-asit\/\" \/>\n<meta property=\"og:site_name\" content=\"Kores Havuz\" \/>\n<meta property=\"article:publisher\" content=\"https:\/\/tr-tr.facebook.com\/people\/Kores-Havuz\/pfbid02V4Wf3Fhjbi7bvm9yUFTVQh6veWr6pRnADC4xbBdVextDvq4WtZhNpwUHJdUZ8X5al\/\" \/>\n<meta property=\"og:image\" content=\"http:\/\/kores.com.tr\/wp-content\/uploads\/2023\/04\/image-6.png\" \/>\n<meta name=\"twitter:card\" content=\"summary_large_image\" \/>\n<meta name=\"twitter:label1\" content=\"Tahmini okuma s\u00fcresi\" \/>\n\t<meta name=\"twitter:data1\" content=\"3 dakika\" \/>\n<script type=\"application\/ld+json\" class=\"yoast-schema-graph\">{\"@context\":\"https:\/\/schema.org\",\"@graph\":[{\"@type\":\"WebPage\",\"@id\":\"https:\/\/www.kores.com.tr\/index.php\/ph-dusurucu-asit\/\",\"url\":\"https:\/\/www.kores.com.tr\/index.php\/ph-dusurucu-asit\/\",\"name\":\"pH D\u00fc\u015f\u00fcr\u00fcc\u00fc (Asit) - Kores Havuz\",\"isPartOf\":{\"@id\":\"https:\/\/www.kores.com.tr\/#website\"},\"primaryImageOfPage\":{\"@id\":\"https:\/\/www.kores.com.tr\/index.php\/ph-dusurucu-asit\/#primaryimage\"},\"image\":{\"@id\":\"https:\/\/www.kores.com.tr\/index.php\/ph-dusurucu-asit\/#primaryimage\"},\"thumbnailUrl\":\"http:\/\/kores.com.tr\/wp-content\/uploads\/2023\/04\/image-6.png\",\"datePublished\":\"2023-04-02T12:14:22+00:00\",\"breadcrumb\":{\"@id\":\"https:\/\/www.kores.com.tr\/index.php\/ph-dusurucu-asit\/#breadcrumb\"},\"inLanguage\":\"tr\",\"potentialAction\":[{\"@type\":\"ReadAction\",\"target\":[\"https:\/\/www.kores.com.tr\/index.php\/ph-dusurucu-asit\/\"]}]},{\"@type\":\"ImageObject\",\"inLanguage\":\"tr\",\"@id\":\"https:\/\/www.kores.com.tr\/index.php\/ph-dusurucu-asit\/#primaryimage\",\"url\":\"http:\/\/kores.com.tr\/wp-content\/uploads\/2023\/04\/image-6.png\",\"contentUrl\":\"http:\/\/kores.com.tr\/wp-content\/uploads\/2023\/04\/image-6.png\"},{\"@type\":\"BreadcrumbList\",\"@id\":\"https:\/\/www.kores.com.tr\/index.php\/ph-dusurucu-asit\/#breadcrumb\",\"itemListElement\":[{\"@type\":\"ListItem\",\"position\":1,\"name\":\"Anasayfa\",\"item\":\"https:\/\/www.kores.com.tr\/\"},{\"@type\":\"ListItem\",\"position\":2,\"name\":\"pH D\u00fc\u015f\u00fcr\u00fcc\u00fc (Asit)\"}]},{\"@type\":\"WebSite\",\"@id\":\"https:\/\/www.kores.com.tr\/#website\",\"url\":\"https:\/\/www.kores.com.tr\/\",\"name\":\"KORES HAVUZ\",\"description\":\"Ku\u015fadas\u0131'nda Havuz Denince \u0130lk Akla Gelen... 0256 612 88 37\",\"publisher\":{\"@id\":\"https:\/\/www.kores.com.tr\/#organization\"},\"potentialAction\":[{\"@type\":\"SearchAction\",\"target\":{\"@type\":\"EntryPoint\",\"urlTemplate\":\"https:\/\/www.kores.com.tr\/?s={search_term_string}\"},\"query-input\":{\"@type\":\"PropertyValueSpecification\",\"valueRequired\":true,\"valueName\":\"search_term_string\"}}],\"inLanguage\":\"tr\"},{\"@type\":\"Organization\",\"@id\":\"https:\/\/www.kores.com.tr\/#organization\",\"name\":\"KORES HAVUZ\",\"url\":\"https:\/\/www.kores.com.tr\/\",\"logo\":{\"@type\":\"ImageObject\",\"inLanguage\":\"tr\",\"@id\":\"https:\/\/www.kores.com.tr\/#\/schema\/logo\/image\/\",\"url\":\"http:\/\/kores.com.tr\/wp-content\/uploads\/2023\/06\/LOGO.jpeg\",\"contentUrl\":\"http:\/\/kores.com.tr\/wp-content\/uploads\/2023\/06\/LOGO.jpeg\",\"width\":1084,\"height\":429,\"caption\":\"KORES HAVUZ\"},\"image\":{\"@id\":\"https:\/\/www.kores.com.tr\/#\/schema\/logo\/image\/\"},\"sameAs\":[\"https:\/\/tr-tr.facebook.com\/people\/Kores-Havuz\/pfbid02V4Wf3Fhjbi7bvm9yUFTVQh6veWr6pRnADC4xbBdVextDvq4WtZhNpwUHJdUZ8X5al\/\",\"https:\/\/www.instagram.com\/koreshavuz\/\"]}]}<\/script>\n<!-- \/ Yoast SEO plugin. -->","yoast_head_json":{"title":"pH D\u00fc\u015f\u00fcr\u00fcc\u00fc (Asit) - Kores Havuz","robots":{"index":"index","follow":"follow","max-snippet":"max-snippet:-1","max-image-preview":"max-image-preview:large","max-video-preview":"max-video-preview:-1"},"canonical":"https:\/\/www.kores.com.tr\/index.php\/ph-dusurucu-asit\/","og_locale":"tr_TR","og_type":"article","og_title":"pH D\u00fc\u015f\u00fcr\u00fcc\u00fc (Asit) - Kores Havuz","og_description":"\u201cpH (-) DOWN &#8211; L\u201d S\u0131v\u0131 pH D\u00fc\u015f\u00fcr\u00fcc\u00fc Havuz suyunda y\u00fckselen pH de\u011ferini d\u00fc\u015f\u00fcrerek ideal de\u011ferleri olan 7.2-7.6 pH aral\u0131\u011f\u0131n\u0131 korumak ama\u00e7l\u0131 kullan\u0131l\u0131r. Gema\u015f pH Down L \u00d6zellikleri Gema\u015f pH Down L Avantajlar\u0131 Gema\u015f pH Down L Kullan\u0131m Talimat\u0131 G\u00fcvenli Kullan\u0131m ve Stoklama Bilgileri Analiz Sonu\u00e7lar\u0131 Yukar\u0131daki bilgi tipik \u00fcretim esnas\u0131nda al\u0131nm\u0131\u015f bir bilgidir ve&hellip; Devam\u0131","og_url":"https:\/\/www.kores.com.tr\/index.php\/ph-dusurucu-asit\/","og_site_name":"Kores Havuz","article_publisher":"https:\/\/tr-tr.facebook.com\/people\/Kores-Havuz\/pfbid02V4Wf3Fhjbi7bvm9yUFTVQh6veWr6pRnADC4xbBdVextDvq4WtZhNpwUHJdUZ8X5al\/","og_image":[{"url":"http:\/\/kores.com.tr\/wp-content\/uploads\/2023\/04\/image-6.png","type":"","width":"","height":""}],"twitter_card":"summary_large_image","twitter_misc":{"Tahmini okuma s\u00fcresi":"3 dakika"},"schema":{"@context":"https:\/\/schema.org","@graph":[{"@type":"WebPage","@id":"https:\/\/www.kores.com.tr\/index.php\/ph-dusurucu-asit\/","url":"https:\/\/www.kores.com.tr\/index.php\/ph-dusurucu-asit\/","name":"pH D\u00fc\u015f\u00fcr\u00fcc\u00fc (Asit) - Kores Havuz","isPartOf":{"@id":"https:\/\/www.kores.com.tr\/#website"},"primaryImageOfPage":{"@id":"https:\/\/www.kores.com.tr\/index.php\/ph-dusurucu-asit\/#primaryimage"},"image":{"@id":"https:\/\/www.kores.com.tr\/index.php\/ph-dusurucu-asit\/#primaryimage"},"thumbnailUrl":"http:\/\/kores.com.tr\/wp-content\/uploads\/2023\/04\/image-6.png","datePublished":"2023-04-02T12:14:22+00:00","breadcrumb":{"@id":"https:\/\/www.kores.com.tr\/index.php\/ph-dusurucu-asit\/#breadcrumb"},"inLanguage":"tr","potentialAction":[{"@type":"ReadAction","target":["https:\/\/www.kores.com.tr\/index.php\/ph-dusurucu-asit\/"]}]},{"@type":"ImageObject","inLanguage":"tr","@id":"https:\/\/www.kores.com.tr\/index.php\/ph-dusurucu-asit\/#primaryimage","url":"http:\/\/kores.com.tr\/wp-content\/uploads\/2023\/04\/image-6.png","contentUrl":"http:\/\/kores.com.tr\/wp-content\/uploads\/2023\/04\/image-6.png"},{"@type":"BreadcrumbList","@id":"https:\/\/www.kores.com.tr\/index.php\/ph-dusurucu-asit\/#breadcrumb","itemListElement":[{"@type":"ListItem","position":1,"name":"Anasayfa","item":"https:\/\/www.kores.com.tr\/"},{"@type":"ListItem","position":2,"name":"pH D\u00fc\u015f\u00fcr\u00fcc\u00fc (Asit)"}]},{"@type":"WebSite","@id":"https:\/\/www.kores.com.tr\/#website","url":"https:\/\/www.kores.com.tr\/","name":"KORES HAVUZ","description":"Ku\u015fadas\u0131'nda Havuz Denince \u0130lk Akla Gelen... 0256 612 88 37","publisher":{"@id":"https:\/\/www.kores.com.tr\/#organization"},"potentialAction":[{"@type":"SearchAction","target":{"@type":"EntryPoint","urlTemplate":"https:\/\/www.kores.com.tr\/?s={search_term_string}"},"query-input":{"@type":"PropertyValueSpecification","valueRequired":true,"valueName":"search_term_string"}}],"inLanguage":"tr"},{"@type":"Organization","@id":"https:\/\/www.kores.com.tr\/#organization","name":"KORES HAVUZ","url":"https:\/\/www.kores.com.tr\/","logo":{"@type":"ImageObject","inLanguage":"tr","@id":"https:\/\/www.kores.com.tr\/#\/schema\/logo\/image\/","url":"http:\/\/kores.com.tr\/wp-content\/uploads\/2023\/06\/LOGO.jpeg","contentUrl":"http:\/\/kores.com.tr\/wp-content\/uploads\/2023\/06\/LOGO.jpeg","width":1084,"height":429,"caption":"KORES HAVUZ"},"image":{"@id":"https:\/\/www.kores.com.tr\/#\/schema\/logo\/image\/"},"sameAs":["https:\/\/tr-tr.facebook.com\/people\/Kores-Havuz\/pfbid02V4Wf3Fhjbi7bvm9yUFTVQh6veWr6pRnADC4xbBdVextDvq4WtZhNpwUHJdUZ8X5al\/","https:\/\/www.instagram.com\/koreshavuz\/"]}]}},"_links":{"self":[{"href":"https:\/\/www.kores.com.tr\/index.php\/wp-json\/wp\/v2\/pages\/69","targetHints":{"allow":["GET"]}}],"collection":[{"href":"https:\/\/www.kores.com.tr\/index.php\/wp-json\/wp\/v2\/pages"}],"about":[{"href":"https:\/\/www.kores.com.tr\/index.php\/wp-json\/wp\/v2\/types\/page"}],"author":[{"embeddable":true,"href":"https:\/\/www.kores.com.tr\/index.php\/wp-json\/wp\/v2\/users\/1"}],"replies":[{"embeddable":true,"href":"https:\/\/www.kores.com.tr\/index.php\/wp-json\/wp\/v2\/comments?post=69"}],"version-history":[{"count":1,"href":"https:\/\/www.kores.com.tr\/index.php\/wp-json\/wp\/v2\/pages\/69\/revisions"}],"predecessor-version":[{"id":73,"href":"https:\/\/www.kores.com.tr\/index.php\/wp-json\/wp\/v2\/pages\/69\/revisions\/73"}],"wp:attachment":[{"href":"https:\/\/www.kores.com.tr\/index.php\/wp-json\/wp\/v2\/media?parent=69"}],"curies":[{"name":"wp","href":"https:\/\/api.w.org\/{rel}","templated":true}]}}