{"id":89,"date":"2023-04-10T16:03:31","date_gmt":"2023-04-10T16:03:31","guid":{"rendered":"http:\/\/kores.com.tr\/?page_id=89"},"modified":"2023-04-10T16:03:31","modified_gmt":"2023-04-10T16:03:31","slug":"yosun-onleyici","status":"publish","type":"page","link":"https:\/\/www.kores.com.tr\/index.php\/yosun-onleyici\/","title":{"rendered":"YOSUN \u00d6NLEY\u0130C\u0130"},"content":{"rendered":"\n<figure class=\"wp-block-image size-full is-resized\"><img loading=\"lazy\" decoding=\"async\" src=\"http:\/\/kores.com.tr\/wp-content\/uploads\/2023\/04\/image-11.png\" alt=\"\" class=\"wp-image-90\" width=\"240\" height=\"180\" srcset=\"https:\/\/www.kores.com.tr\/wp-content\/uploads\/2023\/04\/image-11.png 1024w, https:\/\/www.kores.com.tr\/wp-content\/uploads\/2023\/04\/image-11-300x225.png 300w, https:\/\/www.kores.com.tr\/wp-content\/uploads\/2023\/04\/image-11-768x576.png 768w\" sizes=\"auto, (max-width: 240px) 100vw, 240px\" \/><\/figure>\n\n\n\n<p>Yosun olu\u015fumunu \u00f6nler ve klorun etkin kullan\u0131m\u0131na destek olur.<\/p>\n\n\n\n<p>Algex Protector \u00d6zellikleri<\/p>\n\n\n\n<ul class=\"wp-block-list\">\n<li>Katyonik esasl\u0131 dezenfektan i\u00e7erir.<\/li>\n\n\n\n<li>Y\u00fczme havuzlar\u0131nda klorlu bile\u015fiklerle sa\u011flanan dezenfeksiyona yard\u0131mc\u0131 olarak biyosit \u00f6zelli\u011finden yararlan\u0131l\u0131r.<\/li>\n<\/ul>\n\n\n\n<p>Algex Protector Avantajlar\u0131<\/p>\n\n\n\n<ul class=\"wp-block-list\">\n<li>Yosunun olusmas\u0131n\u0131 \u00f6nler.<\/li>\n\n\n\n<li>Havuz suyunun sagl\u0131kl\u0131 duruma gelmesini sa\u011flar.<\/li>\n\n\n\n<li>Klor ihtiva etmez ve biyolojik olarak indirgenebilir.<\/li>\n<\/ul>\n\n\n\n<p>Algex Protector Kullan\u0131m Talimat\u0131<\/p>\n\n\n\n<ul class=\"wp-block-list\">\n<li>Havuz taban ve duvarlar\u0131nda dezenfeksiyon ve koruyucu bir tabaka olu\u015fturmak amac\u0131yla 200 ml Algex 10 lt suda \u00e7\u00f6zelti halinde p\u00fcsk\u00fcrt\u00fcn ve bir s\u00fcre kurumas\u0131n\u0131 bekleyin.<\/li>\n\n\n\n<li>A\u00e7\u0131k Havuzlarda : 100 m\u00b3 havuz suyuna 1,5 lt ilk doz uygulan\u0131r. M\u00fcteakip haftal\u0131k doz 0,5 lt uygulan\u0131r.<\/li>\n\n\n\n<li>Kapal\u0131 Havuzlarda: 100 m\u00b3 havuz suyuna 1,5 lt ilk doz uygulan\u0131r. M\u00fcteakip haftal\u0131k doz 0,3 lt uygulan\u0131r.<\/li>\n\n\n\n<li>Yosun tutmus havuzlarda;\u00a0<em>her 100 m\u00b3 havuz suyuna 2.5 lt Algex prodector ve 2 kg Fastchlor (stabilizite dichlor) gran\u00fcl\u00fc kullan\u0131l\u0131r.<\/em>G\u00fcvenli Kullan\u0131m ve Stoklama Bilgileri<ul><li>G\u00f6zleri ve cildi tahri\u015f eder.<\/li><li>\u00c7ocuklar\u0131n eri\u015femeyece\u011fi \u015fekilde muhafaza edilmelidir.<\/li><li>G\u00f6zle temas halinde bol su ile y\u0131kay\u0131n\u0131z ve en yak\u0131n sa\u011fl\u0131k merkezine ba\u015fvurunuz.<\/li><li>Yaln\u0131zca orjinal ambalaj\u0131nda, serin yerde muhafaza ediniz<\/li><li>Depolamada dondan korunmal\u0131d\u0131r.<\/li><\/ul>Analiz Sonu\u00e7lar\u0131\n<ul class=\"wp-block-list\">\n<li>G\u00f6r\u00fcn\u00fc\u015f : Mavi berrak s\u0131v\u0131<br>Yo\u011funluk : 0.8-1.2<br>pH(direk) : 6.5-7.5<\/li>\n<\/ul>\n<\/li>\n\n\n\n<li>Yukar\u0131daki bilgi tipik \u00fcretim esnas\u0131nda al\u0131nm\u0131\u015f bir bilgidir ve spesifikasyon olarak kullan\u0131lmamal\u0131d\u0131r.<\/li>\n<\/ul>\n","protected":false},"excerpt":{"rendered":"<p>Yosun olu\u015fumunu \u00f6nler ve klorun etkin kullan\u0131m\u0131na destek olur. Algex Protector \u00d6zellikleri Algex Protector Avantajlar\u0131 Algex Protector Kullan\u0131m Talimat\u0131<\/p>\n","protected":false},"author":1,"featured_media":0,"parent":0,"menu_order":0,"comment_status":"closed","ping_status":"closed","template":"","meta":{"footnotes":""},"class_list":["post-89","page","type-page","status-publish","hentry"],"yoast_head":"<!-- This site is optimized with the Yoast SEO plugin v26.5 - https:\/\/yoast.com\/wordpress\/plugins\/seo\/ -->\n<title>YOSUN \u00d6NLEY\u0130C\u0130 - Kores Havuz<\/title>\n<meta name=\"robots\" content=\"index, follow, max-snippet:-1, max-image-preview:large, max-video-preview:-1\" \/>\n<link rel=\"canonical\" href=\"https:\/\/www.kores.com.tr\/index.php\/yosun-onleyici\/\" \/>\n<meta property=\"og:locale\" content=\"tr_TR\" \/>\n<meta property=\"og:type\" content=\"article\" \/>\n<meta property=\"og:title\" content=\"YOSUN \u00d6NLEY\u0130C\u0130 - Kores Havuz\" \/>\n<meta property=\"og:description\" content=\"Yosun olu\u015fumunu \u00f6nler ve klorun etkin kullan\u0131m\u0131na destek olur. Algex Protector \u00d6zellikleri Algex Protector Avantajlar\u0131 Algex Protector Kullan\u0131m Talimat\u0131\" \/>\n<meta property=\"og:url\" content=\"https:\/\/www.kores.com.tr\/index.php\/yosun-onleyici\/\" \/>\n<meta property=\"og:site_name\" content=\"Kores Havuz\" \/>\n<meta property=\"article:publisher\" content=\"https:\/\/tr-tr.facebook.com\/people\/Kores-Havuz\/pfbid02V4Wf3Fhjbi7bvm9yUFTVQh6veWr6pRnADC4xbBdVextDvq4WtZhNpwUHJdUZ8X5al\/\" \/>\n<meta property=\"og:image\" content=\"http:\/\/kores.com.tr\/wp-content\/uploads\/2023\/04\/image-11.png\" \/>\n<meta name=\"twitter:card\" content=\"summary_large_image\" \/>\n<meta name=\"twitter:label1\" content=\"Tahmini okuma s\u00fcresi\" \/>\n\t<meta name=\"twitter:data1\" content=\"1 dakika\" \/>\n<script type=\"application\/ld+json\" class=\"yoast-schema-graph\">{\"@context\":\"https:\/\/schema.org\",\"@graph\":[{\"@type\":\"WebPage\",\"@id\":\"https:\/\/www.kores.com.tr\/index.php\/yosun-onleyici\/\",\"url\":\"https:\/\/www.kores.com.tr\/index.php\/yosun-onleyici\/\",\"name\":\"YOSUN \u00d6NLEY\u0130C\u0130 - Kores Havuz\",\"isPartOf\":{\"@id\":\"https:\/\/www.kores.com.tr\/#website\"},\"primaryImageOfPage\":{\"@id\":\"https:\/\/www.kores.com.tr\/index.php\/yosun-onleyici\/#primaryimage\"},\"image\":{\"@id\":\"https:\/\/www.kores.com.tr\/index.php\/yosun-onleyici\/#primaryimage\"},\"thumbnailUrl\":\"http:\/\/kores.com.tr\/wp-content\/uploads\/2023\/04\/image-11.png\",\"datePublished\":\"2023-04-10T16:03:31+00:00\",\"breadcrumb\":{\"@id\":\"https:\/\/www.kores.com.tr\/index.php\/yosun-onleyici\/#breadcrumb\"},\"inLanguage\":\"tr\",\"potentialAction\":[{\"@type\":\"ReadAction\",\"target\":[\"https:\/\/www.kores.com.tr\/index.php\/yosun-onleyici\/\"]}]},{\"@type\":\"ImageObject\",\"inLanguage\":\"tr\",\"@id\":\"https:\/\/www.kores.com.tr\/index.php\/yosun-onleyici\/#primaryimage\",\"url\":\"http:\/\/kores.com.tr\/wp-content\/uploads\/2023\/04\/image-11.png\",\"contentUrl\":\"http:\/\/kores.com.tr\/wp-content\/uploads\/2023\/04\/image-11.png\"},{\"@type\":\"BreadcrumbList\",\"@id\":\"https:\/\/www.kores.com.tr\/index.php\/yosun-onleyici\/#breadcrumb\",\"itemListElement\":[{\"@type\":\"ListItem\",\"position\":1,\"name\":\"Anasayfa\",\"item\":\"https:\/\/www.kores.com.tr\/\"},{\"@type\":\"ListItem\",\"position\":2,\"name\":\"YOSUN \u00d6NLEY\u0130C\u0130\"}]},{\"@type\":\"WebSite\",\"@id\":\"https:\/\/www.kores.com.tr\/#website\",\"url\":\"https:\/\/www.kores.com.tr\/\",\"name\":\"KORES HAVUZ\",\"description\":\"Ku\u015fadas\u0131'nda Havuz Denince \u0130lk Akla Gelen... 0256 612 88 37\",\"publisher\":{\"@id\":\"https:\/\/www.kores.com.tr\/#organization\"},\"potentialAction\":[{\"@type\":\"SearchAction\",\"target\":{\"@type\":\"EntryPoint\",\"urlTemplate\":\"https:\/\/www.kores.com.tr\/?s={search_term_string}\"},\"query-input\":{\"@type\":\"PropertyValueSpecification\",\"valueRequired\":true,\"valueName\":\"search_term_string\"}}],\"inLanguage\":\"tr\"},{\"@type\":\"Organization\",\"@id\":\"https:\/\/www.kores.com.tr\/#organization\",\"name\":\"KORES HAVUZ\",\"url\":\"https:\/\/www.kores.com.tr\/\",\"logo\":{\"@type\":\"ImageObject\",\"inLanguage\":\"tr\",\"@id\":\"https:\/\/www.kores.com.tr\/#\/schema\/logo\/image\/\",\"url\":\"http:\/\/kores.com.tr\/wp-content\/uploads\/2023\/06\/LOGO.jpeg\",\"contentUrl\":\"http:\/\/kores.com.tr\/wp-content\/uploads\/2023\/06\/LOGO.jpeg\",\"width\":1084,\"height\":429,\"caption\":\"KORES HAVUZ\"},\"image\":{\"@id\":\"https:\/\/www.kores.com.tr\/#\/schema\/logo\/image\/\"},\"sameAs\":[\"https:\/\/tr-tr.facebook.com\/people\/Kores-Havuz\/pfbid02V4Wf3Fhjbi7bvm9yUFTVQh6veWr6pRnADC4xbBdVextDvq4WtZhNpwUHJdUZ8X5al\/\",\"https:\/\/www.instagram.com\/koreshavuz\/\"]}]}<\/script>\n<!-- \/ Yoast SEO plugin. -->","yoast_head_json":{"title":"YOSUN \u00d6NLEY\u0130C\u0130 - Kores Havuz","robots":{"index":"index","follow":"follow","max-snippet":"max-snippet:-1","max-image-preview":"max-image-preview:large","max-video-preview":"max-video-preview:-1"},"canonical":"https:\/\/www.kores.com.tr\/index.php\/yosun-onleyici\/","og_locale":"tr_TR","og_type":"article","og_title":"YOSUN \u00d6NLEY\u0130C\u0130 - Kores Havuz","og_description":"Yosun olu\u015fumunu \u00f6nler ve klorun etkin kullan\u0131m\u0131na destek olur. Algex Protector \u00d6zellikleri Algex Protector Avantajlar\u0131 Algex Protector Kullan\u0131m Talimat\u0131","og_url":"https:\/\/www.kores.com.tr\/index.php\/yosun-onleyici\/","og_site_name":"Kores Havuz","article_publisher":"https:\/\/tr-tr.facebook.com\/people\/Kores-Havuz\/pfbid02V4Wf3Fhjbi7bvm9yUFTVQh6veWr6pRnADC4xbBdVextDvq4WtZhNpwUHJdUZ8X5al\/","og_image":[{"url":"http:\/\/kores.com.tr\/wp-content\/uploads\/2023\/04\/image-11.png","type":"","width":"","height":""}],"twitter_card":"summary_large_image","twitter_misc":{"Tahmini okuma s\u00fcresi":"1 dakika"},"schema":{"@context":"https:\/\/schema.org","@graph":[{"@type":"WebPage","@id":"https:\/\/www.kores.com.tr\/index.php\/yosun-onleyici\/","url":"https:\/\/www.kores.com.tr\/index.php\/yosun-onleyici\/","name":"YOSUN \u00d6NLEY\u0130C\u0130 - Kores Havuz","isPartOf":{"@id":"https:\/\/www.kores.com.tr\/#website"},"primaryImageOfPage":{"@id":"https:\/\/www.kores.com.tr\/index.php\/yosun-onleyici\/#primaryimage"},"image":{"@id":"https:\/\/www.kores.com.tr\/index.php\/yosun-onleyici\/#primaryimage"},"thumbnailUrl":"http:\/\/kores.com.tr\/wp-content\/uploads\/2023\/04\/image-11.png","datePublished":"2023-04-10T16:03:31+00:00","breadcrumb":{"@id":"https:\/\/www.kores.com.tr\/index.php\/yosun-onleyici\/#breadcrumb"},"inLanguage":"tr","potentialAction":[{"@type":"ReadAction","target":["https:\/\/www.kores.com.tr\/index.php\/yosun-onleyici\/"]}]},{"@type":"ImageObject","inLanguage":"tr","@id":"https:\/\/www.kores.com.tr\/index.php\/yosun-onleyici\/#primaryimage","url":"http:\/\/kores.com.tr\/wp-content\/uploads\/2023\/04\/image-11.png","contentUrl":"http:\/\/kores.com.tr\/wp-content\/uploads\/2023\/04\/image-11.png"},{"@type":"BreadcrumbList","@id":"https:\/\/www.kores.com.tr\/index.php\/yosun-onleyici\/#breadcrumb","itemListElement":[{"@type":"ListItem","position":1,"name":"Anasayfa","item":"https:\/\/www.kores.com.tr\/"},{"@type":"ListItem","position":2,"name":"YOSUN \u00d6NLEY\u0130C\u0130"}]},{"@type":"WebSite","@id":"https:\/\/www.kores.com.tr\/#website","url":"https:\/\/www.kores.com.tr\/","name":"KORES HAVUZ","description":"Ku\u015fadas\u0131'nda Havuz Denince \u0130lk Akla Gelen... 0256 612 88 37","publisher":{"@id":"https:\/\/www.kores.com.tr\/#organization"},"potentialAction":[{"@type":"SearchAction","target":{"@type":"EntryPoint","urlTemplate":"https:\/\/www.kores.com.tr\/?s={search_term_string}"},"query-input":{"@type":"PropertyValueSpecification","valueRequired":true,"valueName":"search_term_string"}}],"inLanguage":"tr"},{"@type":"Organization","@id":"https:\/\/www.kores.com.tr\/#organization","name":"KORES HAVUZ","url":"https:\/\/www.kores.com.tr\/","logo":{"@type":"ImageObject","inLanguage":"tr","@id":"https:\/\/www.kores.com.tr\/#\/schema\/logo\/image\/","url":"http:\/\/kores.com.tr\/wp-content\/uploads\/2023\/06\/LOGO.jpeg","contentUrl":"http:\/\/kores.com.tr\/wp-content\/uploads\/2023\/06\/LOGO.jpeg","width":1084,"height":429,"caption":"KORES HAVUZ"},"image":{"@id":"https:\/\/www.kores.com.tr\/#\/schema\/logo\/image\/"},"sameAs":["https:\/\/tr-tr.facebook.com\/people\/Kores-Havuz\/pfbid02V4Wf3Fhjbi7bvm9yUFTVQh6veWr6pRnADC4xbBdVextDvq4WtZhNpwUHJdUZ8X5al\/","https:\/\/www.instagram.com\/koreshavuz\/"]}]}},"_links":{"self":[{"href":"https:\/\/www.kores.com.tr\/index.php\/wp-json\/wp\/v2\/pages\/89","targetHints":{"allow":["GET"]}}],"collection":[{"href":"https:\/\/www.kores.com.tr\/index.php\/wp-json\/wp\/v2\/pages"}],"about":[{"href":"https:\/\/www.kores.com.tr\/index.php\/wp-json\/wp\/v2\/types\/page"}],"author":[{"embeddable":true,"href":"https:\/\/www.kores.com.tr\/index.php\/wp-json\/wp\/v2\/users\/1"}],"replies":[{"embeddable":true,"href":"https:\/\/www.kores.com.tr\/index.php\/wp-json\/wp\/v2\/comments?post=89"}],"version-history":[{"count":1,"href":"https:\/\/www.kores.com.tr\/index.php\/wp-json\/wp\/v2\/pages\/89\/revisions"}],"predecessor-version":[{"id":91,"href":"https:\/\/www.kores.com.tr\/index.php\/wp-json\/wp\/v2\/pages\/89\/revisions\/91"}],"wp:attachment":[{"href":"https:\/\/www.kores.com.tr\/index.php\/wp-json\/wp\/v2\/media?parent=89"}],"curies":[{"name":"wp","href":"https:\/\/api.w.org\/{rel}","templated":true}]}}